{"id":12719,"date":"2025-09-17T13:52:26","date_gmt":"2025-09-17T11:52:26","guid":{"rendered":"https:\/\/boreait.com\/hu\/?post_type=product&#038;p=12719"},"modified":"2025-09-17T13:54:27","modified_gmt":"2025-09-17T11:54:27","slug":"lenovo-thinkpad-x280-zsanerkeszlet-balra-es-jobbra-01yn067-01yn066-am16p000810","status":"publish","type":"product","link":"https:\/\/boreait.com\/hu\/termek\/lenovo-thinkpad-x280-zsanerkeszlet-balra-es-jobbra-01yn067-01yn066-am16p000810\/","title":{"rendered":"Lenovo ThinkPad X280 zsan\u00e9rk\u00e9szlet balra \u00e9s jobbra |  01YN067 01YN066 AM16P000810"},"content":{"rendered":"<p data-start=\"539\" data-end=\"785\"> \u00c1ll\u00edtsa vissza Lenovo ThinkPad X280 funkcionalit\u00e1s\u00e1t ezzel az <strong data-start=\"604\" data-end=\"626\">eredeti zsan\u00e9rk\u00e9szlettel<\/strong>. Ezek a zsan\u00e9rok (bal \u00e9s jobb) kiv\u00e1l\u00f3 min\u0151s\u00e9g\u0171 laptop alkatr\u00e9szek, amelyeket kifejezetten az X280 sorozathoz terveztek, t\u00f6k\u00e9letes illeszked\u00e9st \u00e9s hossz\u00fa \u00e9lettartamot biztos\u00edtva.<\/p>\n<p data-start=\"787\" data-end=\"1043\">\u2714\ufe0f <strong data-start=\"790\" data-end=\"811\">Kompatibilis modell:<\/strong> Lenovo ThinkPad X280<br data-start=\"832\" data-end=\"835\" \/>\u2714\ufe0f <strong data-start=\"835\" \/>\u2714\ufe0f <strong data-start=\"Include=\"5\"1>end=&#8221;5:8&#8243; data-8&#8243; zsan\u00e9r + jobb zsan\u00e9r \/ Cikksz\u00e1mok: 01YN067 01YN066 AM16P000810<br data-start=\"876\" data-end=\"879\" \/>\u2714\ufe0f <strong data-start=\"882\" data-end=\"896\">\u00c1llapot:<\/strong> Eredeti, teljesen tesztelt, \u00e9s kiv\u00e1l\u00f3an m\u0171k\u00f6d\u0151&#8221;-kezd\u0151 adat5=&#8221;5=&#8221;9 adat&#8221;8 \/>\u2714\ufe0f <strong data-start=\"961\" data-end=\"969\">Haszn\u00e1lat:<\/strong> S\u00e9r\u00fclt vagy elkopott zsan\u00e9rok cser\u00e9je, a k\u00e9perny\u0151 stabil t\u00e1mogat\u00e1s\u00e1nak helyre\u00e1ll\u00edt\u00e1sa<\/p>\n<p data-start=\"1045\" data-end=\"1308\">Ha a laptop k\u00e9perny\u0151je laz\u00e1nak, ingatagnak t\u0171nik vagy nehezen \u00e1ll\u00edthat\u00f3, a zsan\u00e9rok cser\u00e9je a leghat\u00e9konyabb megold\u00e1s. Ezzel a k\u00e9szlettel vissza\u00e1ll\u00edthatja eszk\u00f6z\u00e9t az eredeti, robusztus fel\u00e9p\u00edt\u00e9sre, \u00edgy egyszer\u0171bb\u00e9 v\u00e1lik a napi haszn\u00e1lat an\u00e9lk\u00fcl, hogy agg\u00f3dnia kellene a k\u00e9perny\u0151 elmozdul\u00e1sa miatt.<\/p>\n<ul data-start=\"1310\" data-end=\"1683\">\n<li data-start=\"1310\" data-end=\"1407\">\n<p data-start=\"1312\" data-end=\"1407\"><strong data-start=\"1312\" data-end=\"1334\">Garant\u00e1lt min\u0151s\u00e9g<\/strong>: Ezek hiteles laptop-alkatr\u00e9szek a Lenovo sz\u00e1m\u00e1ra, nem pedig \u00e1ltal\u00e1nos helyettes\u00edt\u0151k.<\/p>\n<\/li>\n<li data-start=\"1408\" data-end=\"1471\">\n<p data-start=\"1410\" data-end=\"1471\"><strong data-start=\"1410\" data-end=\"1432\">Sz\u00e1ll\u00edt\u00e1s az eg\u00e9sz vil\u00e1gon<\/strong>: Eur\u00f3pa szerte \u00e9s vil\u00e1gszerte sz\u00e1ll\u00edtunk.<\/p>\n<\/li>\n<li data-start=\"1472\" data-end=\"1595\">\n<p data-start=\"1474\" data-end=\"1595\"><strong data-start=\"1474\" data-end=\"1494\">\u00dcgyf\u00e9lszolg\u00e1lat<\/strong>: A telep\u00edt\u00e9si utas\u00edt\u00e1sokat nem tartalmazza, de ha \u00fatmutat\u00e1sra van sz\u00fcks\u00e9ge, b\u00e1rmikor \u00edrhat nek\u00fcnk \u00fczenetet.<\/p>\n<\/li>\n<li data-start=\"1596\" data-end=\"1683\">\n<p data-start=\"1598\" data-end=\"1683\"><strong data-start=\"1598\" data-end=\"1613\">Val\u00f3di fot\u00f3k<\/strong>: A list\u00e1ban szerepl\u0151 \u00f6sszes k\u00e9p a t\u00e9nylegesen kapott zsan\u00e9rokat mutatja.<\/p>\n<\/li>\n<\/ul>\n<p data-start=\"1685\" data-end=\"1791\">Friss\u00edtse \u00e9s jav\u00edtsa ThinkPad X280-\u00e1t magabiztosan \u2013 a tart\u00f3s zsan\u00e9rok hosszabb \u00e9lettartamot jelentenek laptopja sz\u00e1m\u00e1ra.<\/p>\n","protected":false},"excerpt":{"rendered":"<p data-start=\"348\" data-end=\"488\">Eredeti Lenovo ThinkPad X280 zsan\u00e9rk\u00e9szlet (bal \u00e9s jobb). T\u00f6k\u00e9letes cserealkatr\u00e9szek a laptop sz\u00e1m\u00e1ra a k\u00e9perny\u0151 egyenletes mozg\u00e1s\u00e1nak \u00e9s tart\u00f3ss\u00e1g\u00e1nak helyre\u00e1ll\u00edt\u00e1s\u00e1hoz.<\/p>\n","protected":false},"featured_media":12786,"template":"","meta":[],"product_brand":[],"product_cat":[19],"product_tag":[26],"class_list":{"0":"post-12719","1":"product","2":"type-product","3":"status-publish","4":"has-post-thumbnail","6":"product_cat-screen-hinge","7":"product_tag-lenovo","9":"first","10":"instock","11":"taxable","12":"shipping-taxable","13":"purchasable","14":"product-type-simple"},"_links":{"self":[{"href":"https:\/\/boreait.com\/hu\/wp-json\/wp\/v2\/product\/12719","targetHints":{"allow":["GET"]}}],"collection":[{"href":"https:\/\/boreait.com\/hu\/wp-json\/wp\/v2\/product"}],"about":[{"href":"https:\/\/boreait.com\/hu\/wp-json\/wp\/v2\/types\/product"}],"wp:featuredmedia":[{"embeddable":true,"href":"https:\/\/boreait.com\/hu\/wp-json\/wp\/v2\/media\/12786"}],"wp:attachment":[{"href":"https:\/\/boreait.com\/hu\/wp-json\/wp\/v2\/media?parent=12719"}],"wp:term":[{"taxonomy":"product_brand","embeddable":true,"href":"https:\/\/boreait.com\/hu\/wp-json\/wp\/v2\/product_brand?post=12719"},{"taxonomy":"product_cat","embeddable":true,"href":"https:\/\/boreait.com\/hu\/wp-json\/wp\/v2\/product_cat?post=12719"},{"taxonomy":"product_tag","embeddable":true,"href":"https:\/\/boreait.com\/hu\/wp-json\/wp\/v2\/product_tag?post=12719"}],"curies":[{"name":"wp","href":"https:\/\/api.w.org\/{rel}","templated":true}]}}