{"id":12718,"date":"2025-09-17T13:52:26","date_gmt":"2025-09-17T11:52:26","guid":{"rendered":"https:\/\/boreait.com\/hu\/?post_type=product&#038;p=12718"},"modified":"2025-09-17T13:54:24","modified_gmt":"2025-09-17T11:54:24","slug":"lenovo-thinkpad-x280-bal-es-jobb-hangszoro-speaker-set-01yn053","status":"publish","type":"product","link":"https:\/\/boreait.com\/hu\/termek\/lenovo-thinkpad-x280-bal-es-jobb-hangszoro-speaker-set-01yn053\/","title":{"rendered":"Lenovo ThinkPad X280 &#8211; Bal \u00e9s jobb hangsz\u00f3r\u00f3 &#8211; SPEAKER SET 01YN053"},"content":{"rendered":"<p data-start=\"504\" data-end=\"634\">Hozza vissza Lenovo ThinkPad X280 krist\u00e1lytiszta hangmin\u0151s\u00e9g\u00e9t ezzel az eredeti bal \u00e9s jobb oldali laptop hangsz\u00f3r\u00f3k\u00e9szlettel.<\/p>\n<p data-start=\"636\" data-end=\"824\">\u2714 <strong data-start=\"638\" data-end=\"659\">Kompatibilis modell:<\/strong> Lenovo ThinkPad X280 \/ 01YN053\u00a0<br data-start=\"680\" data-end=\"683\" \/>-start=&#8221;6 data-end=&#8221;683&#8243; \/>-start data-end=&#8221;698&#8243;>Tartalmazza:<\/strong> Bal \u00e9s jobb hangsz\u00f3r\u00f3, ahogy a val\u00f3di k\u00e9peken l\u00e1that\u00f3<br data-start=\"746\" data-end=\"749\" \/>\u2714 <strong data-start=\"751\" data-end=\"765\">\u00c1llapot:<\/strong> Eredeti, tesztelt \u00e9s teljesen m\u0171k\u00f6d\u0151k\u00e9pes cserealkatr\u00e9szek<\/p>\n<p data-start=\"826\" data-end=\"1024\">Ezek a laptop r\u00e9szek ide\u00e1lisak, ha a ThinkPad X280 hangja alacsony, torz\u00edt\u00e1sa vagy nincs hangkimenete. A hangsz\u00f3r\u00f3k cser\u00e9je biztos\u00edtja, hogy eszk\u00f6ze a legjobb teljes\u00edtm\u00e9nyt ny\u00fajtsa munk\u00e1hoz, tanul\u00e1shoz vagy sz\u00f3rakoz\u00e1shoz.<\/p>\n<p data-start=\"1026\" data-end=\"1149\">Nem adunk telep\u00edt\u00e9si utas\u00edt\u00e1sokat, de ha \u00fatmutat\u00e1sra van sz\u00fcks\u00e9ge, nyugodtan \u00edrjon nek\u00fcnk, \u00e9s sz\u00edvesen seg\u00edt\u00fcnk.<\/p>\n<p data-start=\"1151\" data-end=\"1226\">\ud83d\udcf7 <strong data-start=\"1154\" data-end=\"1177\">Val\u00f3di term\u00e9kfot\u00f3k<\/strong> \u2013 pontosan azt kapod, amit l\u00e1tsz.<\/p>\n<p data-start=\"1228\" data-end=\"1341\">Helyezze vissza Lenovo ThinkPad X280 k\u00e9sz\u00fcl\u00e9k\u00e9t megb\u00edzhat\u00f3, eredeti laptop-alkatr\u00e9szekkel, amelyeket a tart\u00f3ss\u00e1g \u00e9s a teljes\u00edtm\u00e9ny \u00e9rdek\u00e9ben terveztek.<\/p>\n","protected":false},"excerpt":{"rendered":"<p data-start=\"308\" data-end=\"451\">Kiv\u00e1l\u00f3 min\u0151s\u00e9g\u0171 eredeti Lenovo ThinkPad X280 laptop hangsz\u00f3r\u00f3k (bal \u00e9s jobb p\u00e1r). T\u00f6k\u00e9letes cserealkatr\u00e9szek a tiszta hangteljes\u00edtm\u00e9ny helyre\u00e1ll\u00edt\u00e1s\u00e1hoz.<\/p>\n","protected":false},"featured_media":12785,"template":"","meta":[],"product_brand":[],"product_cat":[18],"product_tag":[26],"class_list":{"0":"post-12718","1":"product","2":"type-product","3":"status-publish","4":"has-post-thumbnail","6":"product_cat-laptop-speakers","7":"product_tag-lenovo","9":"first","10":"instock","11":"taxable","12":"shipping-taxable","13":"purchasable","14":"product-type-simple"},"_links":{"self":[{"href":"https:\/\/boreait.com\/hu\/wp-json\/wp\/v2\/product\/12718","targetHints":{"allow":["GET"]}}],"collection":[{"href":"https:\/\/boreait.com\/hu\/wp-json\/wp\/v2\/product"}],"about":[{"href":"https:\/\/boreait.com\/hu\/wp-json\/wp\/v2\/types\/product"}],"wp:featuredmedia":[{"embeddable":true,"href":"https:\/\/boreait.com\/hu\/wp-json\/wp\/v2\/media\/12785"}],"wp:attachment":[{"href":"https:\/\/boreait.com\/hu\/wp-json\/wp\/v2\/media?parent=12718"}],"wp:term":[{"taxonomy":"product_brand","embeddable":true,"href":"https:\/\/boreait.com\/hu\/wp-json\/wp\/v2\/product_brand?post=12718"},{"taxonomy":"product_cat","embeddable":true,"href":"https:\/\/boreait.com\/hu\/wp-json\/wp\/v2\/product_cat?post=12718"},{"taxonomy":"product_tag","embeddable":true,"href":"https:\/\/boreait.com\/hu\/wp-json\/wp\/v2\/product_tag?post=12718"}],"curies":[{"name":"wp","href":"https:\/\/api.w.org\/{rel}","templated":true}]}}