{"id":12714,"date":"2025-09-17T13:52:25","date_gmt":"2025-09-17T11:52:25","guid":{"rendered":"https:\/\/boreait.com\/hu\/?post_type=product&#038;p=12714"},"modified":"2025-09-17T13:54:11","modified_gmt":"2025-09-17T11:54:11","slug":"lenovo-thinkpad-l580-l590-bekapcsologomb-panel-el580-ns-b465-kabelkapcsoloval","status":"publish","type":"product","link":"https:\/\/boreait.com\/hu\/termek\/lenovo-thinkpad-l580-l590-bekapcsologomb-panel-el580-ns-b465-kabelkapcsoloval\/","title":{"rendered":"Lenovo ThinkPad L580 L590 bekapcsol\u00f3gomb panel EL580 NS-B465 k\u00e1belkapcsol\u00f3val"},"content":{"rendered":"<p data-start=\"415\" data-end=\"696\">A Lenovo ThinkPad funkci\u00f3inak vissza\u00e1ll\u00edt\u00e1sa ezzel a <strong data-start=\"475\" data-end=\"521\">bekapcsol\u00f3gomb-k\u00e1rty\u00e1val + k\u00e1bellel (EL580 NS-B465)<\/strong>.<br data-start=\"522\" data-end=\"52\"start=\"tart=52\" \/>Design data&#8221; data-end=&#8221;584&#8243;>Lenovo ThinkPad L580 \u00e9s L590<\/strong> laptopok, ez az alkatr\u00e9sz biztos\u00edtja a rendszer megb\u00edzhat\u00f3 ind\u00edt\u00e1s\u00e1t, ha az eredeti f\u0151kapcsol\u00f3 s\u00e9r\u00fclt vagy nem m\u0171k\u00f6dik.<\/p>\n<p data-start=\"698\" data-end=\"713\"><strong data-start=\"698\" data-end=\"711\">Jellemz\u0151k:<\/strong><\/p>\n<ul data-start=\"714\" data-end=\"937\">\n<li data-start=\"714\" data-end=\"765\">\n<p data-start=\"716\" data-end=\"765\">Kompatibilis a Lenovo ThinkPad <strong data-start=\"748\" data-end=\"763\">L580 \/ L590<\/strong><\/p>\n<\/li>\n<li data-start=\"766\" data-end=\"796\">\n<p data-start=\"768\" data-end=\"796\">Tartalmazza a <strong data-start=\"777\" data-end=\"794\">t\u00e1bl\u00e1t + k\u00e1belt<\/strong><\/p>\n<\/li>\n<li data-start=\"797\" data-end=\"831\">\n<p data-start=\"799\" data-end=\"831\">Alkatr\u00e9szsz\u00e1m: <strong data-start=\"812\" data-end=\"829\">EL580 NS-B465<\/strong><\/p>\n<\/li>\n<li data-start=\"832\" data-end=\"868\">\n<p data-start=\"834\" data-end=\"868\">100%-ban tesztelt \u00e9s teljesen m\u0171k\u00f6d\u0151k\u00e9pes<\/p>\n<\/li>\n<li data-start=\"869\" data-end=\"937\">\n<p data-start=\"871\" data-end=\"937\">Ide\u00e1lis csere a t\u00f6r\u00f6tt vagy nem reag\u00e1l\u00f3 bekapcsol\u00f3gomb k\u00e1rty\u00e1khoz<\/p>\n<\/li>\n<\/ul>\n<p data-start=\"939\" data-end=\"1013\"><strong data-start=\"939\" data-end=\"960\">A csomag tartalma:<\/strong><br data-start=\"960\" data-end=\"963\" \/>1x bekapcsol\u00f3gomb k\u00e1rtya k\u00e1bellel (EL580 NS-B465)<\/p>\n<p data-start=\"1015\" data-end=\"1084\">Helyezze \u00fajra \u00e9letre laptopj\u00e1t egy gyors \u00e9s egyszer\u0171 cser\u00e9vel.<\/p>\n","protected":false},"excerpt":{"rendered":"<p>Csere <strong data-start=\"208\" data-end=\"241\">bekapcsol\u00f3gomb-k\u00e1rtya k\u00e1bellel<\/strong> a Lenovo ThinkPad L580 \u00e9s L590 sz\u00e1m\u00e1ra. Eredeti alkatr\u00e9sz (EL580 NS-B465), t\u00f6k\u00e9letes a hib\u00e1s vagy nem reag\u00e1l\u00f3 bekapcsol\u00f3gombok jav\u00edt\u00e1s\u00e1ra.<\/p>\n","protected":false},"featured_media":12779,"template":"","meta":[],"product_brand":[],"product_cat":[27],"product_tag":[26],"class_list":{"0":"post-12714","1":"product","2":"type-product","3":"status-publish","4":"has-post-thumbnail","6":"product_cat-motherboards-board-parts","7":"product_tag-lenovo","9":"first","10":"instock","11":"taxable","12":"shipping-taxable","13":"purchasable","14":"product-type-simple"},"_links":{"self":[{"href":"https:\/\/boreait.com\/hu\/wp-json\/wp\/v2\/product\/12714","targetHints":{"allow":["GET"]}}],"collection":[{"href":"https:\/\/boreait.com\/hu\/wp-json\/wp\/v2\/product"}],"about":[{"href":"https:\/\/boreait.com\/hu\/wp-json\/wp\/v2\/types\/product"}],"wp:featuredmedia":[{"embeddable":true,"href":"https:\/\/boreait.com\/hu\/wp-json\/wp\/v2\/media\/12779"}],"wp:attachment":[{"href":"https:\/\/boreait.com\/hu\/wp-json\/wp\/v2\/media?parent=12714"}],"wp:term":[{"taxonomy":"product_brand","embeddable":true,"href":"https:\/\/boreait.com\/hu\/wp-json\/wp\/v2\/product_brand?post=12714"},{"taxonomy":"product_cat","embeddable":true,"href":"https:\/\/boreait.com\/hu\/wp-json\/wp\/v2\/product_cat?post=12714"},{"taxonomy":"product_tag","embeddable":true,"href":"https:\/\/boreait.com\/hu\/wp-json\/wp\/v2\/product_tag?post=12714"}],"curies":[{"name":"wp","href":"https:\/\/api.w.org\/{rel}","templated":true}]}}