{"id":12702,"date":"2025-09-17T13:52:04","date_gmt":"2025-09-17T11:52:04","guid":{"rendered":"https:\/\/boreait.com\/hu\/?post_type=product&#038;p=12702"},"modified":"2025-09-17T13:53:59","modified_gmt":"2025-09-17T11:53:59","slug":"lenovo-thinkpad-l580-156-laptop-csuklotamasz-ap165000200-cserealkatresz-nincs-erintopad","status":"publish","type":"product","link":"https:\/\/boreait.com\/hu\/termek\/lenovo-thinkpad-l580-156-laptop-csuklotamasz-ap165000200-cserealkatresz-nincs-erintopad\/","title":{"rendered":"Lenovo ThinkPad L580 15,6&#8243; laptop csukl\u00f3t\u00e1masz AP165000200 cserealkatr\u00e9sz (nincs \u00e9rint\u0151pad)"},"content":{"rendered":"<p data-start=\"515\" data-end=\"716\">Friss\u00edtse vagy jav\u00edtsa Lenovo ThinkPad L580 k\u00e9sz\u00fcl\u00e9k\u00e9t ezzel az eredeti <strong data-start=\"578\" data-end=\"621\">15,6 h\u00fcvelykes laptop csukl\u00f3t\u00e1masz (AP165000200)<\/strong> seg\u00edts\u00e9g\u00e9vel. Ez a csukl\u00f3t\u00e1masz egy eredeti Lenovo alkatr\u00e9sz, amelyet \u00fagy terveztek, hogy t\u00f6k\u00e9letesen illeszkedjen a ThinkPad L580 sorozathoz.<\/p>\n<p data-start=\"718\" data-end=\"739\">\ud83d\udc49 <strong data-start=\"721\" data-end=\"737\">F\u0151bb r\u00e9szletek:<\/strong><\/p>\n<ul data-start=\"740\" data-end=\"1031\">\n<li data-start=\"740\" data-end=\"789\">\n<p data-start=\"742\" data-end=\"789\"><strong data-start=\"742\" data-end=\"766\">Modell kompatibilit\u00e1s:<\/strong> Lenovo ThinkPad L580<\/p>\n<\/li>\n<li data-start=\"790\" data-end=\"822\">\n<p data-start=\"792\" data-end=\"822\"><strong data-start=\"792\" data-end=\"808\">Alkatr\u00e9szsz\u00e1m:<\/strong> AP165000200<\/p>\n<\/li>\n<li data-start=\"823\" data-end=\"858\">\n<p data-start=\"825\" data-end=\"858\"><strong data-start=\"825\" data-end=\"834\">M\u00e9ret:<\/strong> 15,6&#8243;-os laptop csukl\u00f3t\u00e1masz<\/p>\n<\/li>\n<li data-start=\"859\" data-end=\"903\">\n<p data-start=\"861\" data-end=\"903\"><strong data-start=\"861\" data-end=\"875\">\u00c1llapot:<\/strong> Eredeti cserealkatr\u00e9sz<\/p>\n<\/li>\n<li data-start=\"904\" data-end=\"952\">\n<p data-start=\"906\" data-end=\"952\"><strong data-start=\"906\" data-end=\"919\">\u00c9rint\u0151pad:<\/strong> <em data-start=\"920\" data-end=\"934\">Nem tartoz\u00e9k<\/em> (csak teny\u00e9rt\u00e1masz)<\/p>\n<\/li>\n<li data-start=\"953\" data-end=\"1031\">\n<p data-start=\"955\" data-end=\"1031\"><strong data-start=\"955\" data-end=\"966\">Fot\u00f3k:<\/strong> Minden k\u00e9p a t\u00e9nyleges alkatr\u00e9sz val\u00f3di k\u00e9pe.<\/p>\n<\/li>\n<\/ul>\n<p data-start=\"1033\" data-end=\"1204\">Ez a csukl\u00f3t\u00e1masz ide\u00e1lis v\u00e1laszt\u00e1s a laptop s\u00e9r\u00fclt vagy elhaszn\u00e1l\u00f3dott alkatr\u00e9szeinek jav\u00edt\u00e1s\u00e1hoz. Seg\u00edt vissza\u00e1ll\u00edtani a ThinkPad megjelen\u00e9s\u00e9t \u00e9s funkcionalit\u00e1s\u00e1t, \u00edgy biztos\u00edtva a hossz\u00fa t\u00e1v\u00fa haszn\u00e1latot.<\/p>\n<p data-start=\"1206\" data-end=\"1340\">\ud83d\udca1 K\u00e9rj\u00fck, vegye figyelembe: a telep\u00edt\u00e9si utas\u00edt\u00e1sokat nem tartalmazza. Ha \u00fatmutat\u00e1sra van sz\u00fcks\u00e9ge, forduljon hozz\u00e1nk bizalommal, \u00e9s sz\u00edvesen seg\u00edt\u00fcnk.<\/p>\n<p data-start=\"1342\" data-end=\"1417\">\u2714 Vil\u00e1gszerte el\u00e9rhet\u0151 a kisz\u00e1ll\u00edt\u00e1s.<br data-start=\"1373\" data-end=\"1376\" \/>\u2714 Megb\u00edzhat\u00f3 elad\u00f3 \u2013 v\u00e1s\u00e1roljon bizalommal.<\/p>\n","protected":false},"excerpt":{"rendered":"<p>Eredeti Lenovo ThinkPad L580 15,6&#8243; laptop csukl\u00f3t\u00e1masz (AP165000200), cserealkatr\u00e9sz \u00e9rint\u0151pad n\u00e9lk\u00fcl. Val\u00f3di fot\u00f3k l\u00e1that\u00f3k.<\/p>\n","protected":false},"featured_media":12769,"template":"","meta":[],"product_brand":[],"product_cat":[16],"product_tag":[26],"class_list":{"0":"post-12702","1":"product","2":"type-product","3":"status-publish","4":"has-post-thumbnail","6":"product_cat-laptop-housing","7":"product_tag-lenovo","9":"first","10":"instock","11":"taxable","12":"shipping-taxable","13":"purchasable","14":"product-type-simple"},"_links":{"self":[{"href":"https:\/\/boreait.com\/hu\/wp-json\/wp\/v2\/product\/12702","targetHints":{"allow":["GET"]}}],"collection":[{"href":"https:\/\/boreait.com\/hu\/wp-json\/wp\/v2\/product"}],"about":[{"href":"https:\/\/boreait.com\/hu\/wp-json\/wp\/v2\/types\/product"}],"wp:featuredmedia":[{"embeddable":true,"href":"https:\/\/boreait.com\/hu\/wp-json\/wp\/v2\/media\/12769"}],"wp:attachment":[{"href":"https:\/\/boreait.com\/hu\/wp-json\/wp\/v2\/media?parent=12702"}],"wp:term":[{"taxonomy":"product_brand","embeddable":true,"href":"https:\/\/boreait.com\/hu\/wp-json\/wp\/v2\/product_brand?post=12702"},{"taxonomy":"product_cat","embeddable":true,"href":"https:\/\/boreait.com\/hu\/wp-json\/wp\/v2\/product_cat?post=12702"},{"taxonomy":"product_tag","embeddable":true,"href":"https:\/\/boreait.com\/hu\/wp-json\/wp\/v2\/product_tag?post=12702"}],"curies":[{"name":"wp","href":"https:\/\/api.w.org\/{rel}","templated":true}]}}