{"id":12701,"date":"2025-09-17T13:52:04","date_gmt":"2025-09-17T11:52:04","guid":{"rendered":"https:\/\/boreait.com\/hu\/?post_type=product&#038;p=12701"},"modified":"2025-09-17T13:53:54","modified_gmt":"2025-09-17T11:53:54","slug":"mic-mikrofonkartya-lenovo-thinkpad-l480-l580-l490-l590-sorozathoz-5c50z85817","status":"publish","type":"product","link":"https:\/\/boreait.com\/hu\/termek\/mic-mikrofonkartya-lenovo-thinkpad-l480-l580-l490-l590-sorozathoz-5c50z85817\/","title":{"rendered":"MIC mikrofonk\u00e1rtya Lenovo ThinkPad L480 L580 L490 L590 sorozathoz 5C50Z85817"},"content":{"rendered":"<p data-start=\"564\" data-end=\"787\">Friss\u00edtse vagy jav\u00edtsa meg Lenovo ThinkPadj\u00e9t ezzel az <strong data-start=\"613\" data-end=\"694\">eredeti MIC mikrofonk\u00e1rtya cseredarabbal (cikksz\u00e1m: 5C50Z85817 \/ NS-B464)<\/strong>. Ez a kiv\u00e1l\u00f3 min\u0151s\u00e9g\u0171 <strong data-start=\"714\" data-end=\"729\">laptop alkatr\u00e9sz<\/strong> t\u00f6bb ThinkPad modellel is kompatibilis, t\u00f6bbek k\u00f6z\u00f6tt:<\/p>\n<ul data-start=\"789\" data-end=\"928\">\n<li data-start=\"789\" data-end=\"823\">\n<p data-start=\"791\" data-end=\"823\"><strong data-start=\"791\" data-end=\"821\">ThinkPad L480 (20LS, 20LT)<\/strong><\/p>\n<\/li>\n<li data-start=\"824\" data-end=\"858\">\n<p data-start=\"826\" data-end=\"858\"><strong data-start=\"826\" data-end=\"856\">ThinkPad L580 (20LW, 20LX)<\/strong><\/p>\n<\/li>\n<li data-start=\"859\" data-end=\"893\">\n<p data-start=\"861\" data-end=\"893\"><strong data-start=\"861\" data-end=\"891\">ThinkPad L490 (20Q5, 20Q6)<\/strong><\/p>\n<\/li>\n<li data-start=\"894\" data-end=\"928\">\n<p data-start=\"896\" data-end=\"928\"><strong data-start=\"896\" data-end=\"926\">ThinkPad L590 (20Q7, 20Q8)<\/strong><\/p>\n<\/li>\n<\/ul>\n<p data-start=\"930\" data-end=\"1081\">\u2714\ufe0f Megb\u00edzhat\u00f3 hangteljes\u00edtm\u00e9nyre tervezve<br data-start=\"972\" data-end=\"975\" \/>\u2714\ufe0f 100%-ban tesztelt \u00e9s teljesen m\u0171k\u00f6d\u0151k\u00e9pes<br data-start=\"1010\" data-end=\"1013\" \/>\u2714\ufe0f Ide\u00e1lis a laptop, ha le\u00e1llt a mikrofon cser\u00e9je<\/i><\/p>\n<p data-start=\"1083\" data-end=\"1223\">\ud83d\udca1 K\u00e9rj\u00fck, vegye figyelembe: a telep\u00edt\u00e9si utas\u00edt\u00e1sokat nem tartalmazza. Ha seg\u00edts\u00e9gre van sz\u00fcks\u00e9ge a cser\u00e9vel kapcsolatban, b\u00e1tran \u00edrjon nek\u00fcnk \u00fatmutat\u00e1s\u00e9rt.<\/p>\n<p data-start=\"1225\" data-end=\"1343\">\ud83d\udcf8 Minden term\u00e9kfot\u00f3 <strong data-start=\"1251\" data-end=\"1292\">val\u00f3di k\u00e9pe a t\u00e9nyleges laptop r\u00e9szr\u0151l<\/strong>, amelyet megkap, biztos\u00edtva az \u00e1tl\u00e1that\u00f3s\u00e1got \u00e9s a bizalmat.<\/p>\n<p data-start=\"1345\" data-end=\"1534\">Ez a mikrofonk\u00e1rtya val\u00f3di, tart\u00f3s megold\u00e1s a ThinkPad r\u00f6gz\u00edt\u00e9si \u00e9s hangcseveg\u00e9si funkci\u00f3inak vissza\u00e1ll\u00edt\u00e1s\u00e1ra. Egy k\u00f6telez\u0151 <strong data-start=\"1473\" data-end=\"1488\">laptop alkatr\u00e9sz<\/strong> az eszk\u00f6z termel\u00e9kenys\u00e9g\u00e9nek fenntart\u00e1s\u00e1hoz.<\/p>\n","protected":false},"excerpt":{"rendered":"<p>Eredeti MIC mikrofonk\u00e1rtya csere a Lenovo ThinkPad L480, L580, L490 \u00e9s L590 modellekhez. T\u00f6k\u00e9letes laptop alkatr\u00e9sz a tiszta hangbemenethez.<\/p>\n","protected":false},"featured_media":12768,"template":"","meta":[],"product_brand":[],"product_cat":[27],"product_tag":[26],"class_list":{"0":"post-12701","1":"product","2":"type-product","3":"status-publish","4":"has-post-thumbnail","6":"product_cat-motherboards-board-parts","7":"product_tag-lenovo","9":"first","10":"instock","11":"taxable","12":"shipping-taxable","13":"purchasable","14":"product-type-simple"},"_links":{"self":[{"href":"https:\/\/boreait.com\/hu\/wp-json\/wp\/v2\/product\/12701","targetHints":{"allow":["GET"]}}],"collection":[{"href":"https:\/\/boreait.com\/hu\/wp-json\/wp\/v2\/product"}],"about":[{"href":"https:\/\/boreait.com\/hu\/wp-json\/wp\/v2\/types\/product"}],"wp:featuredmedia":[{"embeddable":true,"href":"https:\/\/boreait.com\/hu\/wp-json\/wp\/v2\/media\/12768"}],"wp:attachment":[{"href":"https:\/\/boreait.com\/hu\/wp-json\/wp\/v2\/media?parent=12701"}],"wp:term":[{"taxonomy":"product_brand","embeddable":true,"href":"https:\/\/boreait.com\/hu\/wp-json\/wp\/v2\/product_brand?post=12701"},{"taxonomy":"product_cat","embeddable":true,"href":"https:\/\/boreait.com\/hu\/wp-json\/wp\/v2\/product_cat?post=12701"},{"taxonomy":"product_tag","embeddable":true,"href":"https:\/\/boreait.com\/hu\/wp-json\/wp\/v2\/product_tag?post=12701"}],"curies":[{"name":"wp","href":"https:\/\/api.w.org\/{rel}","templated":true}]}}