{"id":12699,"date":"2025-09-17T13:52:04","date_gmt":"2025-09-17T11:52:04","guid":{"rendered":"https:\/\/boreait.com\/hu\/?post_type=product&#038;p=12699"},"modified":"2025-09-17T13:53:48","modified_gmt":"2025-09-17T11:53:48","slug":"eredeti-lenovo-thinkpad-l580-lcd-edp-kijelzo-videokabel-dc02c00bg20-laptop-alkatreszek","status":"publish","type":"product","link":"https:\/\/boreait.com\/hu\/termek\/eredeti-lenovo-thinkpad-l580-lcd-edp-kijelzo-videokabel-dc02c00bg20-laptop-alkatreszek\/","title":{"rendered":"Eredeti Lenovo ThinkPad L580 LCD EDP kijelz\u0151 videok\u00e1bel DC02C00BG20 laptop alkatr\u00e9szek"},"content":{"rendered":"<p data-start=\"570\" data-end=\"893\">Ez egy <strong data-start=\"580\" data-end=\"640\">eredeti Lenovo ThinkPad L580 LCD EDP videomegjelen\u00edt\u0151 k\u00e1bel<\/strong> (cikksz\u00e1m: <strong data-start=\"654\" data-end=\"669\">DC02C00BG20.) a laptop teljes teljes\u00edtm\u00e9ny\u00e9nek helyre\u00e1ll\u00edt\u00e1s\u00e1ra<\/strong>. Ha a k\u00e9perny\u0151 villog, nem jelenik meg k\u00e9p, vagy a kijelz\u0151k\u00e1bel fizikailag megs\u00e9r\u00fclt, a legmegb\u00edzhat\u00f3bb megold\u00e1s egy eredeti Lenovo-k\u00e1belre cser\u00e9lni.<\/p>\n<ul data-start=\"895\" data-end=\"1131\">\n<li data-start=\"895\" data-end=\"941\">\n<p data-start=\"897\" data-end=\"941\"><strong data-start=\"897\" data-end=\"917\">Kompatibilis modell<\/strong>: Lenovo ThinkPad L580<\/p>\n<\/li>\n<li data-start=\"942\" data-end=\"974\">\n<p data-start=\"944\" data-end=\"974\"><strong data-start=\"944\" data-end=\"959\">Alkatr\u00e9szsz\u00e1m<\/strong>: DC02C00BG20<\/p>\n<\/li>\n<li data-start=\"975\" data-end=\"1008\">\n<p data-start=\"977\" data-end=\"1008\"><strong data-start=\"977\" data-end=\"985\">T\u00edpus<\/strong>: EDP LCD videok\u00e1bel<\/p>\n<\/li>\n<li data-start=\"1009\" data-end=\"1075\">\n<p data-start=\"1011\" data-end=\"1075\"><strong data-start=\"1011\" data-end=\"1024\">\u00c1llapot<\/strong>: Eredeti, tesztelt \u00e9s kiv\u00e1l\u00f3an m\u0171k\u00f6d\u0151 \u00e1llapotban<\/p>\n<\/li>\n<li data-start=\"1076\" data-end=\"1131\">\n<p data-start=\"1078\" data-end=\"1131\"><strong data-start=\"1078\" data-end=\"1090\">Kateg\u00f3ria<\/strong>: Laptop alkatr\u00e9szek \u2013 Kijelz\u0151 \u00e9s amp; Videok\u00e1belek<\/p>\n<\/li>\n<\/ul>\n<p data-start=\"1133\" data-end=\"1464\">\u2705 Ez a cserek\u00e1bel stabil kapcsolatot biztos\u00edt az alaplap \u00e9s az LCD-panel k\u00f6z\u00f6tt, \u00edgy seg\u00edt visszanyerni a tiszta k\u00e9pet megjelen\u00edt\u00e9si hib\u00e1k n\u00e9lk\u00fcl.<br data-start=\"1279\" data-end=\"1282\" \/>\u2705 Ide\u00e1lis m\u0171szakiak, egy\u00e9ni felhaszn\u00e1l\u00f3k sz\u00e1m\u00e1ra, akik megb\u00edzhat\u00f3 adatokat keresnek. data-end=&#8221;1378&#8243;>laptop alkatr\u00e9szek<\/strong>.<br data-start=\"1379\" data-end=\"1382\" \/>\u2705 A list\u00e1n szerepl\u0151 \u00f6sszes fot\u00f3 <strong data-start=\"1415\" data-end=\"1432\">val\u00f3di k\u00e9pe<\/strong> arr\u00f3l a r\u00e9szr\u0151l, amelyet megkap.<\/p>\n<p data-start=\"1466\" data-end=\"1614\">\u26a0\ufe0f <strong data-start=\"1469\" data-end=\"1477\">Megjegyz\u00e9s<\/strong>: A telep\u00edt\u00e9si utas\u00edt\u00e1sokat nem tartalmazza. Ha seg\u00edts\u00e9gre van sz\u00fcks\u00e9ge, forduljon hozz\u00e1nk k\u00f6zvetlen\u00fcl, \u00e9s \u00f6r\u00f6mmel seg\u00edt\u00fcnk.<\/p>\n","protected":false},"excerpt":{"rendered":"<p>Eredeti Lenovo ThinkPad L580 LCD EDP vide\u00f3 kijelz\u0151 k\u00e1bel (DC02C00BG20). 100%-ban eredeti laptop alkatr\u00e9sz, ide\u00e1lis a s\u00e9r\u00fclt vagy hib\u00e1s k\u00e1belek cser\u00e9j\u00e9re.<\/p>\n","protected":false},"featured_media":12765,"template":"","meta":[],"product_brand":[],"product_cat":[20],"product_tag":[26],"class_list":{"0":"post-12699","1":"product","2":"type-product","3":"status-publish","4":"has-post-thumbnail","6":"product_cat-cables","7":"product_tag-lenovo","9":"first","10":"instock","11":"taxable","12":"shipping-taxable","13":"purchasable","14":"product-type-simple"},"_links":{"self":[{"href":"https:\/\/boreait.com\/hu\/wp-json\/wp\/v2\/product\/12699","targetHints":{"allow":["GET"]}}],"collection":[{"href":"https:\/\/boreait.com\/hu\/wp-json\/wp\/v2\/product"}],"about":[{"href":"https:\/\/boreait.com\/hu\/wp-json\/wp\/v2\/types\/product"}],"wp:featuredmedia":[{"embeddable":true,"href":"https:\/\/boreait.com\/hu\/wp-json\/wp\/v2\/media\/12765"}],"wp:attachment":[{"href":"https:\/\/boreait.com\/hu\/wp-json\/wp\/v2\/media?parent=12699"}],"wp:term":[{"taxonomy":"product_brand","embeddable":true,"href":"https:\/\/boreait.com\/hu\/wp-json\/wp\/v2\/product_brand?post=12699"},{"taxonomy":"product_cat","embeddable":true,"href":"https:\/\/boreait.com\/hu\/wp-json\/wp\/v2\/product_cat?post=12699"},{"taxonomy":"product_tag","embeddable":true,"href":"https:\/\/boreait.com\/hu\/wp-json\/wp\/v2\/product_tag?post=12699"}],"curies":[{"name":"wp","href":"https:\/\/api.w.org\/{rel}","templated":true}]}}