{"id":12686,"date":"2025-09-17T13:51:42","date_gmt":"2025-09-17T11:51:42","guid":{"rendered":"https:\/\/boreait.com\/hu\/?post_type=product&#038;p=12686"},"modified":"2025-09-17T13:53:35","modified_gmt":"2025-09-17T11:53:35","slug":"lenovo-thinkpad-l580-lcd-hatso-felso-borito-ap165000300-laptop-alkatreszek-csereje","status":"publish","type":"product","link":"https:\/\/boreait.com\/hu\/termek\/lenovo-thinkpad-l580-lcd-hatso-felso-borito-ap165000300-laptop-alkatreszek-csereje\/","title":{"rendered":"Lenovo ThinkPad L580 LCD h\u00e1ts\u00f3 fels\u0151 bor\u00edt\u00f3 AP165000300 \u2013 Laptop alkatr\u00e9szek cser\u00e9je"},"content":{"rendered":"<p data-start=\"628\" data-end=\"922\">Ez egy <strong data-start=\"639\" data-end=\"717\">eredeti Lenovo ThinkPad L580 LCD h\u00e1ts\u00f3 fels\u0151 bor\u00edt\u00f3 (alkatr\u00e9szsz\u00e1m: AP165000300)<\/strong>, amelyet a laptop kiv\u00e1l\u00f3 min\u0151s\u00e9g\u0171 cser\u00e9jek\u00e9nt terveztek. Ez az alkatr\u00e9sz t\u00f6k\u00e9letes a repedt, karcos vagy s\u00e9r\u00fclt bor\u00edt\u00f3k jav\u00edt\u00e1s\u00e1hoz, seg\u00edt vissza\u00e1ll\u00edtani ThinkPad professzion\u00e1lis megjelen\u00e9s\u00e9t \u00e9s tart\u00f3ss\u00e1g\u00e1t.<\/p>\n<p data-start=\"924\" data-end=\"1190\">\u2705 <strong data-start=\"926\" data-end=\"947\">Kompatibilis modell:<\/strong> Lenovo ThinkPad L580<br data-start=\"968\" data-end=\"971\" \/>\u2705 <strong data-start=\"973:8\"<\/strong>Data-end=&#8221;973:8&#8243; AP165000300<br data-start=\"1001\" data-end=\"1004\" \/>\u2705 <strong data-start=\"1006\" data-end=\"1019\">Kateg\u00f3ria:<\/strong> Laptop r\u00e9szei \u2013 LCD h\u00e1tlap \/ fels\u0151 bor\u00edt\u00f3<br data-start=\"1061\" data-end=\"1004\" \/>\u2705 <strong data-end=\"1064\" <strong data-end=\"1064\" data-end=\"1080\">\u00c1llapot:<\/strong> Eredeti, j\u00f3 min\u0151s\u00e9g\u0171 csere<br data-start=\"1114\" data-end=\"1117\" \/>\u2705 <strong data-start=\"1119\" data-end=\"1130\">Fot\u00f3k:<\/strong> Val\u00f3di term\u00e9kfot\u00f3k \u2013 pontosan azt kapod, amit l\u00e1tsz<\/p>\n<p data-start=\"1192\" data-end=\"1373\">Ez a laptop alkatr\u00e9sz nagyszer\u0171 megold\u00e1s, ha a megl\u00e9v\u0151 h\u00e1tlapja elt\u00f6rt vagy elhaszn\u00e1l\u00f3dott. Biztos\u00edtja a megfelel\u0151 illeszked\u00e9st, tart\u00f3ss\u00e1got, \u00e9s meg\u0151rzi a Lenovo ThinkPad pr\u00e9mium fel\u00e9p\u00edt\u00e9s\u00e9t.<\/p>\n<p data-start=\"1375\" data-end=\"1501\">Nem adunk l\u00e9p\u00e9sr\u0151l l\u00e9p\u00e9sre telep\u00edt\u00e9si utas\u00edt\u00e1sokat, de ha tov\u00e1bbi \u00fatmutat\u00e1sra van sz\u00fcks\u00e9ge, forduljon hozz\u00e1nk k\u00f6zvetlen\u00fcl.<\/p>\n","protected":false},"excerpt":{"rendered":"<p>Eredeti Lenovo ThinkPad L580 LCD h\u00e1ts\u00f3 fels\u0151 bor\u00edt\u00f3 (AP165000300). Kiv\u00e1l\u00f3 min\u0151s\u00e9g\u0171 csere laptop alkatr\u00e9sz, ide\u00e1lis eszk\u00f6ze eredeti megjelen\u00e9s\u00e9nek \u00e9s tart\u00f3ss\u00e1g\u00e1nak vissza\u00e1ll\u00edt\u00e1s\u00e1hoz.<\/p>\n","protected":false},"featured_media":12754,"template":"","meta":[],"product_brand":[],"product_cat":[16],"product_tag":[26],"class_list":{"0":"post-12686","1":"product","2":"type-product","3":"status-publish","4":"has-post-thumbnail","6":"product_cat-laptop-housing","7":"product_tag-lenovo","9":"first","10":"instock","11":"taxable","12":"shipping-taxable","13":"purchasable","14":"product-type-simple"},"_links":{"self":[{"href":"https:\/\/boreait.com\/hu\/wp-json\/wp\/v2\/product\/12686","targetHints":{"allow":["GET"]}}],"collection":[{"href":"https:\/\/boreait.com\/hu\/wp-json\/wp\/v2\/product"}],"about":[{"href":"https:\/\/boreait.com\/hu\/wp-json\/wp\/v2\/types\/product"}],"wp:featuredmedia":[{"embeddable":true,"href":"https:\/\/boreait.com\/hu\/wp-json\/wp\/v2\/media\/12754"}],"wp:attachment":[{"href":"https:\/\/boreait.com\/hu\/wp-json\/wp\/v2\/media?parent=12686"}],"wp:term":[{"taxonomy":"product_brand","embeddable":true,"href":"https:\/\/boreait.com\/hu\/wp-json\/wp\/v2\/product_brand?post=12686"},{"taxonomy":"product_cat","embeddable":true,"href":"https:\/\/boreait.com\/hu\/wp-json\/wp\/v2\/product_cat?post=12686"},{"taxonomy":"product_tag","embeddable":true,"href":"https:\/\/boreait.com\/hu\/wp-json\/wp\/v2\/product_tag?post=12686"}],"curies":[{"name":"wp","href":"https:\/\/api.w.org\/{rel}","templated":true}]}}