{"id":12685,"date":"2025-09-17T13:51:42","date_gmt":"2025-09-17T11:51:42","guid":{"rendered":"https:\/\/boreait.com\/hu\/?post_type=product&#038;p=12685"},"modified":"2025-09-17T13:53:30","modified_gmt":"2025-09-17T11:53:30","slug":"eredeti-hp-wifi-vezetek-nelkuli-lan-kartya-8265ngw-851592-001-intel-ac-laptop-alkatreszek","status":"publish","type":"product","link":"https:\/\/boreait.com\/hu\/termek\/eredeti-hp-wifi-vezetek-nelkuli-lan-kartya-8265ngw-851592-001-intel-ac-laptop-alkatreszek\/","title":{"rendered":"Eredeti HP WiFi vezet\u00e9k n\u00e9lk\u00fcli LAN k\u00e1rtya 8265NGW 851592-001 Intel AC laptop alkatr\u00e9szek"},"content":{"rendered":"<p data-start=\"523\" data-end=\"848\">Ez az <strong data-start=\"528\" data-end=\"599\">eredeti HP WiFi vezet\u00e9k n\u00e9lk\u00fcli LAN 8265NGW k\u00e1rtya (cikksz\u00e1m: 851592-001)<\/strong> megb\u00edzhat\u00f3 \u00e9s gyors vezet\u00e9k n\u00e9lk\u00fcli csatlakoz\u00e1st biztos\u00edt HP laptopj\u00e1hoz. Ak\u00e1r hib\u00e1s k\u00e1rty\u00e1t cser\u00e9l, ak\u00e1r a jobb teljes\u00edtm\u00e9ny \u00e9rdek\u00e9ben friss\u00edt, ez az Intel Dual Band AC adapter z\u00f6kken\u0151mentes b\u00f6ng\u00e9sz\u00e9st, streamel\u00e9st \u00e9s csatlakoz\u00e1st biztos\u00edt.<\/p>\n<ul data-start=\"850\" data-end=\"1124\">\n<li data-start=\"850\" data-end=\"878\">\n<p data-start=\"852\" data-end=\"878\"><strong data-start=\"852\" data-end=\"862\">Modell:<\/strong> Intel 8265NGW<\/p>\n<\/li>\n<li data-start=\"879\" data-end=\"913\">\n<p data-start=\"881\" data-end=\"913\"><strong data-start=\"881\" data-end=\"900\">HP cikksz\u00e1m:<\/strong> 851592-001<\/p>\n<\/li>\n<li data-start=\"914\" data-end=\"950\">\n<p data-start=\"916\" data-end=\"950\"><strong data-start=\"916\" data-end=\"925\">T\u00edpus:<\/strong> Vezet\u00e9k n\u00e9lk\u00fcli LAN WiFi k\u00e1rtya<\/p>\n<\/li>\n<li data-start=\"951\" data-end=\"1045\">\n<p data-start=\"953\" data-end=\"1045\"><strong data-start=\"953\" data-end=\"971\">Kompatibilit\u00e1s:<\/strong> A 8265NGW szabv\u00e1nyt t\u00e1mogat\u00f3 HP laptopok sz\u00e9les v\u00e1laszt\u00e9k\u00e1val m\u0171k\u00f6dik<\/p>\n<\/li>\n<li data-start=\"1046\" data-end=\"1124\">\n<p data-start=\"1048\" data-end=\"1124\"><strong data-start=\"1048\" data-end=\"1062\">\u00c1llapot:<\/strong> Eredeti alkatr\u00e9sz \u2013 a fot\u00f3k a t\u00e9nylegesen kapott k\u00e1rty\u00e1r\u00f3l k\u00e9sz\u00fcltek<\/p>\n<\/li>\n<\/ul>\n<p data-start=\"1126\" data-end=\"1340\">Ez a k\u00e1rtya elengedhetetlen <strong data-start=\"1152\" data-end=\"1167\">laptop alkatr\u00e9sze<\/strong> mindenkinek, aki WiFi-probl\u00e9m\u00e1kkal k\u00fczd, vagy megb\u00edzhat\u00f3 cser\u00e9re van sz\u00fcks\u00e9ge. Eredeti WiFi-k\u00e1rtya beszerel\u00e9se seg\u00edt meg\u0151rizni laptopja eredeti teljes\u00edtm\u00e9ny\u00e9t \u00e9s kompatibilit\u00e1s\u00e1t.<\/p>\n<p data-start=\"1342\" data-end=\"1357\">\ud83d\udccc <strong data-start=\"1345\" data-end=\"1355\">Megjegyz\u00e9sek:<\/strong><\/p>\n<ul data-start=\"1358\" data-end=\"1517\">\n<li data-start=\"1358\" data-end=\"1449\">\n<p data-start=\"1360\" data-end=\"1449\">Nem adunk telep\u00edt\u00e9si utas\u00edt\u00e1sokat, de \u00fczenetet k\u00fcldhet nek\u00fcnk, ha \u00fatmutat\u00e1sra van sz\u00fcks\u00e9ge.<\/p>\n<\/li>\n<li data-start=\"1450\" data-end=\"1517\">\n<p data-start=\"1452\" data-end=\"1517\">A megjelen\u00edtett fot\u00f3k val\u00f3di k\u00e9pek a kapott term\u00e9kr\u0151l.<\/p>\n<\/li>\n<\/ul>\n","protected":false},"excerpt":{"rendered":"<p>B\u0151v\u00edtse laptopja csatlakoztathat\u00f3s\u00e1g\u00e1t ezzel az eredeti HP WiFi vezet\u00e9k n\u00e9lk\u00fcli LAN-k\u00e1rty\u00e1val (8265NGW, 851592-001). Megb\u00edzhat\u00f3, gyors \u00e9s t\u00f6k\u00e9letes a stabil vezet\u00e9k n\u00e9lk\u00fcli teljes\u00edtm\u00e9nyhez.<\/p>\n","protected":false},"featured_media":12753,"template":"","meta":[],"product_brand":[],"product_cat":[27],"product_tag":[25],"class_list":{"0":"post-12685","1":"product","2":"type-product","3":"status-publish","4":"has-post-thumbnail","6":"product_cat-motherboards-board-parts","7":"product_tag-hp","9":"first","10":"instock","11":"taxable","12":"shipping-taxable","13":"purchasable","14":"product-type-simple"},"_links":{"self":[{"href":"https:\/\/boreait.com\/hu\/wp-json\/wp\/v2\/product\/12685","targetHints":{"allow":["GET"]}}],"collection":[{"href":"https:\/\/boreait.com\/hu\/wp-json\/wp\/v2\/product"}],"about":[{"href":"https:\/\/boreait.com\/hu\/wp-json\/wp\/v2\/types\/product"}],"wp:featuredmedia":[{"embeddable":true,"href":"https:\/\/boreait.com\/hu\/wp-json\/wp\/v2\/media\/12753"}],"wp:attachment":[{"href":"https:\/\/boreait.com\/hu\/wp-json\/wp\/v2\/media?parent=12685"}],"wp:term":[{"taxonomy":"product_brand","embeddable":true,"href":"https:\/\/boreait.com\/hu\/wp-json\/wp\/v2\/product_brand?post=12685"},{"taxonomy":"product_cat","embeddable":true,"href":"https:\/\/boreait.com\/hu\/wp-json\/wp\/v2\/product_cat?post=12685"},{"taxonomy":"product_tag","embeddable":true,"href":"https:\/\/boreait.com\/hu\/wp-json\/wp\/v2\/product_tag?post=12685"}],"curies":[{"name":"wp","href":"https:\/\/api.w.org\/{rel}","templated":true}]}}