{"id":12684,"date":"2025-09-17T13:51:42","date_gmt":"2025-09-17T11:51:42","guid":{"rendered":"https:\/\/boreait.com\/hu\/?post_type=product&#038;p=12684"},"modified":"2025-09-17T13:53:27","modified_gmt":"2025-09-17T11:53:27","slug":"lenovo-thinkpad-l580-l590-pk23000q8v0-belso-hangszorok-eredeti-laptop-alkatreszek","status":"publish","type":"product","link":"https:\/\/boreait.com\/hu\/termek\/lenovo-thinkpad-l580-l590-pk23000q8v0-belso-hangszorok-eredeti-laptop-alkatreszek\/","title":{"rendered":"Lenovo ThinkPad L580 L590 PK23000Q8V0 bels\u0151 hangsz\u00f3r\u00f3k eredeti laptop alkatr\u00e9szek"},"content":{"rendered":"<p data-start=\"558\" data-end=\"814\">Friss\u00edtse vagy cser\u00e9lje ki hib\u00e1s audiorendszer\u00e9t ezekkel az <strong data-start=\"613\" data-end=\"676\">eredeti Lenovo ThinkPad L580 \/ L590 PK23000Q8V0 bels\u0151 hangsz\u00f3r\u00f3kkal<\/strong>. A kifejezetten a ThinkPad L580-hoz tervezett laptop-alkatr\u00e9szek \u00e9les \u00e9s tiszta hangz\u00e1st biztos\u00edtanak, biztos\u00edtva, hogy eszk\u00f6ze \u00fajszer\u0171 teljes\u00edtm\u00e9nyt ny\u00fajtson.<\/p>\n<p data-start=\"816\" data-end=\"840\">\u2705 <strong data-start=\"818\" data-end=\"838\">Term\u00e9k r\u00e9szletei:<\/strong><\/p>\n<ul data-start=\"841\" data-end=\"1079\">\n<li data-start=\"841\" data-end=\"873\">\n<p data-start=\"843\" data-end=\"873\">Alkatr\u00e9szsz\u00e1m: <strong data-start=\"856\" data-end=\"871\">PK23000Q8V0<\/strong><\/p>\n<\/li>\n<li data-start=\"874\" data-end=\"917\">\n<p data-start=\"876\" data-end=\"917\">Kompatibilit\u00e1s: <strong data-start=\"891\" data-end=\"915\">Lenovo ThinkPad L580 \u00e9s L590\u00a0<\/strong><\/p>\n<\/li>\n<li data-start=\"918\" data-end=\"976\">\n<p data-start=\"920\" data-end=\"976\">\u00c1llapot: <strong data-start=\"931\" data-end=\"974\">Eredeti, teljesen tesztelt, telep\u00edt\u00e9sre k\u00e9sz<\/strong><\/p>\n<\/li>\n<li data-start=\"977\" data-end=\"1015\">\n<p data-start=\"979\" data-end=\"1015\">T\u00edpus: <strong data-start=\"985\" data-end=\"1013\">Bels\u0151 laptop hangsz\u00f3r\u00f3k<\/strong><\/p>\n<\/li>\n<li data-start=\"1016\" data-end=\"1079\">\n<p data-start=\"1018\" data-end=\"1079\">A megjelen\u00edtett fot\u00f3k a <strong data-start=\"1042\" data-end=\"1060\">t\u00e9nyleges term\u00e9kr\u0151l<\/strong> k\u00e9sz\u00fcltek<\/p>\n<\/li>\n<\/ul>\n<p data-start=\"1081\" data-end=\"1314\">Ezek a laptop r\u00e9szek ide\u00e1lisak, ha a jelenlegi hangsz\u00f3r\u00f3i torz hangot, nagyon alacsony hanger\u0151t vagy egy\u00e1ltal\u00e1n nem adnak hangot. Eredeti alkatr\u00e9szekre cser\u00e9lve vissza\u00e1ll\u00edtja a ThinkPad hangmin\u0151s\u00e9g\u00e9t, \u00e9s meghosszabb\u00edtja \u00e9lettartam\u00e1t.<\/p>\n<p data-start=\"1316\" data-end=\"1432\">\ud83d\udca1 <strong data-start=\"1319\" data-end=\"1328\">Megjegyz\u00e9s:<\/strong> A telep\u00edt\u00e9si utas\u00edt\u00e1sokat nem tartalmazza. Ha seg\u00edts\u00e9gre van sz\u00fcks\u00e9ge, nyugodtan \u00edrjon nek\u00fcnk k\u00f6zvetlen\u00fcl.<\/p>\n","protected":false},"excerpt":{"rendered":"<p>Eredeti PK23000Q8V0 hangsz\u00f3r\u00f3k Lenovo ThinkPad L580 &amp; L590 . 100%-ban tesztelt, megb\u00edzhat\u00f3 laptop alkatr\u00e9szek tiszta hangteljes\u00edtm\u00e9nnyel. Val\u00f3di fot\u00f3k pontosan arr\u00f3l a term\u00e9kr\u0151l, amelyet kapsz.<\/p>\n","protected":false},"featured_media":12752,"template":"","meta":[],"product_brand":[],"product_cat":[18],"product_tag":[26],"class_list":{"0":"post-12684","1":"product","2":"type-product","3":"status-publish","4":"has-post-thumbnail","6":"product_cat-laptop-speakers","7":"product_tag-lenovo","9":"first","10":"instock","11":"taxable","12":"shipping-taxable","13":"purchasable","14":"product-type-simple"},"_links":{"self":[{"href":"https:\/\/boreait.com\/hu\/wp-json\/wp\/v2\/product\/12684","targetHints":{"allow":["GET"]}}],"collection":[{"href":"https:\/\/boreait.com\/hu\/wp-json\/wp\/v2\/product"}],"about":[{"href":"https:\/\/boreait.com\/hu\/wp-json\/wp\/v2\/types\/product"}],"wp:featuredmedia":[{"embeddable":true,"href":"https:\/\/boreait.com\/hu\/wp-json\/wp\/v2\/media\/12752"}],"wp:attachment":[{"href":"https:\/\/boreait.com\/hu\/wp-json\/wp\/v2\/media?parent=12684"}],"wp:term":[{"taxonomy":"product_brand","embeddable":true,"href":"https:\/\/boreait.com\/hu\/wp-json\/wp\/v2\/product_brand?post=12684"},{"taxonomy":"product_cat","embeddable":true,"href":"https:\/\/boreait.com\/hu\/wp-json\/wp\/v2\/product_cat?post=12684"},{"taxonomy":"product_tag","embeddable":true,"href":"https:\/\/boreait.com\/hu\/wp-json\/wp\/v2\/product_tag?post=12684"}],"curies":[{"name":"wp","href":"https:\/\/api.w.org\/{rel}","templated":true}]}}