{"id":12674,"date":"2025-09-17T13:51:18","date_gmt":"2025-09-17T11:51:18","guid":{"rendered":"https:\/\/boreait.com\/hu\/?post_type=product&#038;p=12674"},"modified":"2025-09-17T13:53:16","modified_gmt":"2025-09-17T11:53:16","slug":"lenovo-thinkpad-t440-l580-intelligenskartya-olvaso-es-kabel-pk471000c00tsl1-laptop-alkatreszek","status":"publish","type":"product","link":"https:\/\/boreait.com\/hu\/termek\/lenovo-thinkpad-t440-l580-intelligenskartya-olvaso-es-kabel-pk471000c00tsl1-laptop-alkatreszek\/","title":{"rendered":"Lenovo ThinkPad T440 L580 intelligensk\u00e1rtya-olvas\u00f3 \u00e9s k\u00e1bel PK471000C00TSL1 laptop alkatr\u00e9szek"},"content":{"rendered":"<p data-start=\"502\" data-end=\"781\">Friss\u00edtse vagy cser\u00e9lje le Lenovo ThinkPad T440 L580 k\u00e9sz\u00fcl\u00e9k\u00e9t ezzel az <strong data-start=\"557\" data-end=\"615\">eredeti intelligensk\u00e1rtya-olvas\u00f3val \u00e9s k\u00e1bellel (PK471000C00TSL1)<\/strong>. Ez az eredeti laptop alkatr\u00e9sz megb\u00edzhat\u00f3 teljes\u00edtm\u00e9nyt \u00e9s kompatibilit\u00e1st biztos\u00edt a T440 sorozattal. T\u00f6k\u00e9letes a k\u00e1rtyaolvas\u00f3 teljes funkci\u00f3j\u00e1nak vissza\u00e1ll\u00edt\u00e1s\u00e1hoz az eszk\u00f6z\u00f6n.<\/p>\n<p data-start=\"783\" data-end=\"806\"><strong data-start=\"783\" data-end=\"804\">Term\u00e9kjellemz\u0151k:<\/strong><\/p>\n<ul data-start=\"807\" data-end=\"995\">\n<li data-start=\"807\" data-end=\"849\">\n<p data-start=\"809\" data-end=\"849\">Kompatibilis modell: Lenovo ThinkPad T440 \u00e9s L580<\/p>\n<\/li>\n<li data-start=\"850\" data-end=\"882\">\n<p data-start=\"852\" data-end=\"882\">Alkatr\u00e9szsz\u00e1m: PK471000C00TSL1<\/p>\n<\/li>\n<li data-start=\"883\" data-end=\"921\">\n<p data-start=\"885\" data-end=\"921\">T\u00edpus: Intelligens k\u00e1rtyaolvas\u00f3 k\u00e1bellel<\/p>\n<\/li>\n<li data-start=\"922\" data-end=\"957\">\n<p data-start=\"924\" data-end=\"957\">\u00c1llapot: Eredeti, tesztelt alkatr\u00e9sz<\/p>\n<\/li>\n<li data-start=\"958\" data-end=\"995\">\n<p data-start=\"960\" data-end=\"995\">Ide\u00e1lis jav\u00edt\u00e1shoz vagy cser\u00e9hez<\/p>\n<\/li>\n<\/ul>\n<p data-start=\"997\" data-end=\"1024\"><strong data-start=\"997\" data-end=\"1022\">Mi\u00e9rt v\u00e1lassza ezt a r\u00e9szt?<\/strong><\/p>\n<ul data-start=\"1025\" data-end=\"1281\">\n<li data-start=\"1025\" data-end=\"1091\">\n<p data-start=\"1027\" data-end=\"1091\">100%-ban hiteles Lenovo laptop alkatr\u00e9sz a garant\u00e1lt kompatibilit\u00e1s \u00e9rdek\u00e9ben<\/p>\n<\/li>\n<li data-start=\"1092\" data-end=\"1159\">\n<p data-start=\"1094\" data-end=\"1159\">Gondos tesztel\u00e9s a megfelel\u0151 m\u0171k\u00f6d\u00e9s \u00e9rdek\u00e9ben a sz\u00e1ll\u00edt\u00e1s el\u0151tt<\/p>\n<\/li>\n<li data-start=\"1160\" data-end=\"1228\">\n<p data-start=\"1162\" data-end=\"1228\">Val\u00f3di fot\u00f3k pontosan arr\u00f3l a t\u00e9telr\u0151l, amelyet kapni fog \u2013 nincsenek stock k\u00e9pek<\/p>\n<\/li>\n<li data-start=\"1229\" data-end=\"1281\">\n<p data-start=\"1231\" data-end=\"1281\">A min\u0151s\u00e9gi laptop-alkatr\u00e9szek ir\u00e1nti elk\u00f6telezetts\u00e9g\u00fcnk t\u00e1mogat\u00e1s\u00e1val<\/p>\n<\/li>\n<\/ul>\n<p data-start=\"1283\" data-end=\"1426\">\ud83d\udd39 K\u00e9rj\u00fck, vegye figyelembe: ez az adatlap nem tartalmazza a telep\u00edt\u00e9si utas\u00edt\u00e1sokat. Ha \u00fatmutat\u00e1sra van sz\u00fcks\u00e9ge, b\u00e1tran \u00edrjon nek\u00fcnk \u2013 sz\u00edvesen seg\u00edt\u00fcnk.<\/p>\n","protected":false},"excerpt":{"rendered":"<p>Eredeti Lenovo ThinkPad T440 &amp; L580 intelligens k\u00e1rtya olvas\u00f3 k\u00e1bellel (PK471000C00TSL1). Tesztelt alkatr\u00e9sz, ide\u00e1lis laptop csere.<\/p>\n","protected":false},"featured_media":12743,"template":"","meta":[],"product_brand":[],"product_cat":[27],"product_tag":[26],"class_list":{"0":"post-12674","1":"product","2":"type-product","3":"status-publish","4":"has-post-thumbnail","6":"product_cat-motherboards-board-parts","7":"product_tag-lenovo","9":"first","10":"instock","11":"taxable","12":"shipping-taxable","13":"purchasable","14":"product-type-simple"},"_links":{"self":[{"href":"https:\/\/boreait.com\/hu\/wp-json\/wp\/v2\/product\/12674","targetHints":{"allow":["GET"]}}],"collection":[{"href":"https:\/\/boreait.com\/hu\/wp-json\/wp\/v2\/product"}],"about":[{"href":"https:\/\/boreait.com\/hu\/wp-json\/wp\/v2\/types\/product"}],"wp:featuredmedia":[{"embeddable":true,"href":"https:\/\/boreait.com\/hu\/wp-json\/wp\/v2\/media\/12743"}],"wp:attachment":[{"href":"https:\/\/boreait.com\/hu\/wp-json\/wp\/v2\/media?parent=12674"}],"wp:term":[{"taxonomy":"product_brand","embeddable":true,"href":"https:\/\/boreait.com\/hu\/wp-json\/wp\/v2\/product_brand?post=12674"},{"taxonomy":"product_cat","embeddable":true,"href":"https:\/\/boreait.com\/hu\/wp-json\/wp\/v2\/product_cat?post=12674"},{"taxonomy":"product_tag","embeddable":true,"href":"https:\/\/boreait.com\/hu\/wp-json\/wp\/v2\/product_tag?post=12674"}],"curies":[{"name":"wp","href":"https:\/\/api.w.org\/{rel}","templated":true}]}}