{"id":12673,"date":"2025-09-17T13:51:18","date_gmt":"2025-09-17T11:51:18","guid":{"rendered":"https:\/\/boreait.com\/hu\/?post_type=product&#038;p=12673"},"modified":"2025-09-17T13:53:11","modified_gmt":"2025-09-17T11:53:11","slug":"lenovo-thinkpad-l580-l590-usb-audiokartya-el580-ns-b462-laptop-alkatreszek","status":"publish","type":"product","link":"https:\/\/boreait.com\/hu\/termek\/lenovo-thinkpad-l580-l590-usb-audiokartya-el580-ns-b462-laptop-alkatreszek\/","title":{"rendered":"Lenovo ThinkPad L580 L590 USB audiok\u00e1rtya EL580 NS-B462 laptop alkatr\u00e9szek"},"content":{"rendered":"<p data-start=\"625\" data-end=\"790\">Friss\u00edtse vagy jav\u00edtsa meg Lenovo ThinkPad k\u00e9sz\u00fcl\u00e9k\u00e9t ezzel az eredeti <strong data-start=\"683\" data-end=\"716\">USB Audio Board EL580 NS-B462<\/strong> k\u00e1rty\u00e1val, amely az L9 data-start=&#8221;754&#8243; data-end=&#8221;0kPa87&#8243;>5 L9Thin=&#8221;0kPa87&#8243;>0kPa87&#8243;>L580 NS-B462 NS-B462<\/strong> k\u00e9sz\u00fcl\u00e9kkel kompatibilis. sorozat<\/strong>.<\/p>\n<p data-start=\"792\" data-end=\"1004\">Ez az alaplap megb\u00edzhat\u00f3 <strong data-start=\"821\" data-end=\"851\">USB- \u00e9s audiokapcsolatot<\/strong> biztos\u00edt, z\u00f6kken\u0151mentes teljes\u00edtm\u00e9nyt biztos\u00edtva a mindennapi haszn\u00e1latra. Minden alkatr\u00e9sz gondosan tesztelt \u00e9s f\u00e9nyk\u00e9pezett, \u00edgy pontosan azt kapja, amit a list\u00e1n l\u00e1t.<\/p>\n<p data-start=\"1006\" data-end=\"1028\"><strong data-start=\"1006\" data-end=\"1026\">Term\u00e9k r\u00e9szletei:<\/strong><\/p>\n<ul data-start=\"1029\" data-end=\"1299\">\n<li data-start=\"1029\" data-end=\"1079\">\n<p data-start=\"1031\" data-end=\"1079\">Kompatibilis modellek: Lenovo ThinkPad L580 \/ L590<\/p>\n<\/li>\n<li data-start=\"1080\" data-end=\"1110\">\n<p data-start=\"1082\" data-end=\"1110\">Alkatr\u00e9szsz\u00e1m: EL580 NS-B462<\/p>\n<\/li>\n<li data-start=\"1111\" data-end=\"1181\">\n<p data-start=\"1113\" data-end=\"1181\">Funkci\u00f3: USB- \u00e9s audioport modul a z\u00f6kken\u0151mentes eszk\u00f6zcsatlakoz\u00e1shoz<\/p>\n<\/li>\n<li data-start=\"1182\" data-end=\"1232\">\n<p data-start=\"1184\" data-end=\"1232\">\u00c1llapot: Eredeti, teljesen tesztelt, m\u0171k\u00f6d\u0151 alkatr\u00e9sz<\/p>\n<\/li>\n<li data-start=\"1233\" data-end=\"1299\">\n<p data-start=\"1235\" data-end=\"1299\">Kateg\u00f3ria: <strong data-start=\"1245\" data-end=\"1261\">Laptop alkatr\u00e9szek<\/strong> \u2013 t\u00f6k\u00e9letes cser\u00e9re vagy jav\u00edt\u00e1sra<\/p>\n<\/li>\n<\/ul>\n<p data-start=\"1301\" data-end=\"1449\">\u2714\ufe0f Val\u00f3di fot\u00f3kat a pontos t\u00e1bl\u00e1r\u00f3l kapsz<br data-start=\"1351\" data-end=\"1354\" \/>\u2714\ufe0f Vil\u00e1gszerte kisz\u00e1ll\u00edt\u00e1s Eur\u00f3p\u00e1b\u00f3l<br data-start=\"1387\" data-end=\"1390\" \/>\u2714\ufe0f Extra seg\u00edts\u00e9gre van sz\u00fcks\u00e9ge? B\u00e1rmikor \u00fczenetet k\u00fcldhet nek\u00fcnk t\u00e1mogat\u00e1s\u00e9rt<\/p>\n<p data-start=\"1451\" data-end=\"1598\">Ez egy kiv\u00e1l\u00f3 min\u0151s\u00e9g\u0171 cserealkatr\u00e9sz szakembereknek, jav\u00edt\u00f3m\u0171helyeknek \u00e9s mag\u00e1nszem\u00e9lyeknek, akik szeretn\u00e9k vissza\u00e1ll\u00edtani a ThinkPad teljes funkcionalit\u00e1s\u00e1t.<\/p>\n","protected":false},"excerpt":{"rendered":"<p data-start=\"440\" data-end=\"574\">Csere <strong data-start=\"452\" data-end=\"485\">EL580 NS-B462 USB audiok\u00e1rtya<\/strong> a Lenovo ThinkPad L580 \u00e9s L590 laptopokhoz. 100%-ban eredeti alkatr\u00e9sz, tesztelt \u00e9s haszn\u00e1latra k\u00e9sz.<\/p>\n","protected":false},"featured_media":12742,"template":"","meta":[],"product_brand":[],"product_cat":[27],"product_tag":[26],"class_list":{"0":"post-12673","1":"product","2":"type-product","3":"status-publish","4":"has-post-thumbnail","6":"product_cat-motherboards-board-parts","7":"product_tag-lenovo","9":"first","10":"instock","11":"taxable","12":"shipping-taxable","13":"purchasable","14":"product-type-simple"},"_links":{"self":[{"href":"https:\/\/boreait.com\/hu\/wp-json\/wp\/v2\/product\/12673","targetHints":{"allow":["GET"]}}],"collection":[{"href":"https:\/\/boreait.com\/hu\/wp-json\/wp\/v2\/product"}],"about":[{"href":"https:\/\/boreait.com\/hu\/wp-json\/wp\/v2\/types\/product"}],"wp:featuredmedia":[{"embeddable":true,"href":"https:\/\/boreait.com\/hu\/wp-json\/wp\/v2\/media\/12742"}],"wp:attachment":[{"href":"https:\/\/boreait.com\/hu\/wp-json\/wp\/v2\/media?parent=12673"}],"wp:term":[{"taxonomy":"product_brand","embeddable":true,"href":"https:\/\/boreait.com\/hu\/wp-json\/wp\/v2\/product_brand?post=12673"},{"taxonomy":"product_cat","embeddable":true,"href":"https:\/\/boreait.com\/hu\/wp-json\/wp\/v2\/product_cat?post=12673"},{"taxonomy":"product_tag","embeddable":true,"href":"https:\/\/boreait.com\/hu\/wp-json\/wp\/v2\/product_tag?post=12673"}],"curies":[{"name":"wp","href":"https:\/\/api.w.org\/{rel}","templated":true}]}}