{"id":1267,"date":"2025-09-17T09:57:37","date_gmt":"2025-09-17T07:57:37","guid":{"rendered":"https:\/\/boreait.com\/hu\/?post_type=product&#038;p=1267"},"modified":"2025-09-17T09:59:03","modified_gmt":"2025-09-17T07:59:03","slug":"bulk-2-x-samsung-4-gb-ram-1rx8-pc3-10600s-m471b5773chs-ch9-1333mhz-laptop-memoriamodul","status":"publish","type":"product","link":"https:\/\/boreait.com\/hu\/termek\/bulk-2-x-samsung-4-gb-ram-1rx8-pc3-10600s-m471b5773chs-ch9-1333mhz-laptop-memoriamodul\/","title":{"rendered":"BULK 2 x Samsung 4 GB RAM 1Rx8 PC3-10600S M471B5773CHS-CH9 1333MHz laptop mem\u00f3riamodul"},"content":{"rendered":"<p>Fokozza laptopja k\u00e9pess\u00e9geit a Samsung 4 GB 1Rx8 PC3-10600S M471B5773CHS-CH9 DDR3 laptop mem\u00f3riamodullal. Ez a nagylelk\u0171, 4 GB-os mem\u00f3riamodul k\u00e9pess\u00e9 teszi laptopj\u00e1t az ig\u00e9nyes feladatok hat\u00e9kony kezel\u00e9s\u00e9re, \u00e9s z\u00f6kken\u0151mentes sz\u00e1m\u00edt\u00e1stechnikai \u00e9lm\u00e9nyt biztos\u00edt.<\/p>\n<p>A mem\u00f3riamodulba be\u00e9p\u00edtett DDR3 technol\u00f3gia lehet\u0151v\u00e9 teszi az adatokhoz val\u00f3 hozz\u00e1f\u00e9r\u00e9st nagy sebess\u00e9g\u0171, 1333 MHz-es \u00e1tviteli sebess\u00e9ggel (PC3-10600S). Ez jobb rendszerreakci\u00f3t, gyorsabb alkalmaz\u00e1sbet\u00f6lt\u00e9st \u00e9s cs\u00f6kkentett k\u00e9sleltet\u00e9st jelent t\u00f6bbfeladatos munkav\u00e9gz\u00e9s sor\u00e1n, \u00edgy ide\u00e1lis azoknak a felhaszn\u00e1l\u00f3knak, akik gyakran dolgoznak er\u0151forr\u00e1s-ig\u00e9nyes szoftverekkel vagy v\u00e9geznek multim\u00e9di\u00e1s tev\u00e9kenys\u00e9geket.<\/p>\n<p>A Samsung 4 GB DDR3 RAM telep\u00edt\u00e9se egyszer\u0171 folyamat, \u00e9s nem ig\u00e9nyel speci\u00e1lis technikai ismereteket. Egyszer\u0171en cser\u00e9lje ki laptopja megl\u00e9v\u0151 mem\u00f3riamodulj\u00e1t erre, \u00e9s tapasztalja meg a teljes\u00edtm\u00e9ny \u00e9szrevehet\u0151 n\u00f6veked\u00e9s\u00e9t.<\/p>\n<p>A Samsung egy megb\u00edzhat\u00f3 \u00e9s elismert m\u00e1rka a mem\u00f3riaiparban, amely kiv\u00e1l\u00f3 min\u0151s\u00e9g\u0171 \u00e9s megb\u00edzhat\u00f3 mem\u00f3riamodulok gy\u00e1rt\u00e1s\u00e1r\u00f3l ismert. Az M471B5773CHS-CH9 modell szigor\u00fa tesztel\u00e9sen megy kereszt\u00fcl a stabilit\u00e1s, a tart\u00f3ss\u00e1g \u00e9s a laptopok sz\u00e9les sk\u00e1l\u00e1j\u00e1val val\u00f3 kompatibilit\u00e1s biztos\u00edt\u00e1sa \u00e9rdek\u00e9ben.<\/p>\n<p>A Samsung 4 GB 1Rx8 PC3-10600S M471B5773CHS-CH9 DDR3 laptop mem\u00f3riamodullal maximaliz\u00e1lhatja laptopja potenci\u00e1lj\u00e1t, \u00e9s felszabad\u00edthatja val\u00f3di teljes\u00edtm\u00e9ny\u00e9t. Legyen \u00d6n di\u00e1k, professzion\u00e1lis vagy alkalmi felhaszn\u00e1l\u00f3, ez a mem\u00f3riab\u0151v\u00edt\u00e9s jelent\u0151sen jav\u00edtja a sz\u00e1m\u00edt\u00e1stechnikai \u00e9lm\u00e9nyt, lehet\u0151v\u00e9 t\u00e9ve, hogy hat\u00e9konyabban \u00e9s g\u00f6rd\u00fcl\u00e9kenyebben dolgozzon laptopj\u00e1val. \u00c9lvezze a gyorsabb t\u00f6bbfeladatos munkav\u00e9gz\u00e9st \u00e9s a g\u00f6rd\u00fcl\u00e9kenyebb adatkezel\u00e9st a Samsung megb\u00edzhat\u00f3 DDR3 mem\u00f3riamegold\u00e1s\u00e1val.<\/p>\n","protected":false},"excerpt":{"rendered":"<p>N\u00f6velje laptopja teljes\u00edtm\u00e9ny\u00e9t a Samsung 4 GB DDR3 RAM modullal. Ez a mem\u00f3riamodul 4 GB kapacit\u00e1ssal rendelkezik, \u00e9s 1333 MHz-es sebess\u00e9ggel m\u0171k\u00f6dik (PC3-10600S), amely z\u00f6kken\u0151mentes t\u00f6bbfeladatos munkav\u00e9gz\u00e9st \u00e9s gyorsabb adathozz\u00e1f\u00e9r\u00e9st biztos\u00edt laptopja sz\u00e1m\u00e1ra.<\/p>\n","protected":false},"featured_media":1332,"template":"","meta":[],"product_brand":[],"product_cat":[37,36],"product_tag":[],"class_list":{"0":"post-1267","1":"product","2":"type-product","3":"status-publish","4":"has-post-thumbnail","6":"product_cat-ddr3-ddr3l","7":"product_cat-ram-memory","9":"first","10":"instock","11":"taxable","12":"shipping-taxable","13":"purchasable","14":"product-type-simple"},"_links":{"self":[{"href":"https:\/\/boreait.com\/hu\/wp-json\/wp\/v2\/product\/1267","targetHints":{"allow":["GET"]}}],"collection":[{"href":"https:\/\/boreait.com\/hu\/wp-json\/wp\/v2\/product"}],"about":[{"href":"https:\/\/boreait.com\/hu\/wp-json\/wp\/v2\/types\/product"}],"wp:featuredmedia":[{"embeddable":true,"href":"https:\/\/boreait.com\/hu\/wp-json\/wp\/v2\/media\/1332"}],"wp:attachment":[{"href":"https:\/\/boreait.com\/hu\/wp-json\/wp\/v2\/media?parent=1267"}],"wp:term":[{"taxonomy":"product_brand","embeddable":true,"href":"https:\/\/boreait.com\/hu\/wp-json\/wp\/v2\/product_brand?post=1267"},{"taxonomy":"product_cat","embeddable":true,"href":"https:\/\/boreait.com\/hu\/wp-json\/wp\/v2\/product_cat?post=1267"},{"taxonomy":"product_tag","embeddable":true,"href":"https:\/\/boreait.com\/hu\/wp-json\/wp\/v2\/product_tag?post=1267"}],"curies":[{"name":"wp","href":"https:\/\/api.w.org\/{rel}","templated":true}]}}