{"id":1266,"date":"2025-09-17T09:57:37","date_gmt":"2025-09-17T07:57:37","guid":{"rendered":"https:\/\/boreait.com\/hu\/?post_type=product&#038;p=1266"},"modified":"2026-01-09T13:11:21","modified_gmt":"2026-01-09T12:11:21","slug":"dell-latitude-e5450-smartcard-board-r22th-tesztelt-garancia","status":"publish","type":"product","link":"https:\/\/boreait.com\/hu\/termek\/dell-latitude-e5450-smartcard-board-r22th-tesztelt-garancia\/","title":{"rendered":"Dell Latitude E5450 Smartcard Board R22TH tesztelt garancia"},"content":{"rendered":"<p>Cser\u00e9lje ki a s\u00e9r\u00fclt vagy hib\u00e1s intelligensk\u00e1rtya-k\u00e1rty\u00e1t az eredeti Dell Latitude E5450 Smartcard Board R22TH-re. Ezt az alaplapot kifejezetten a Dell Latitude E5450 laptopmodellhez tervezt\u00e9k, \u00e9s tesztelt\u00e9k a kompatibilit\u00e1s \u00e9s a funkcionalit\u00e1s biztos\u00edt\u00e1sa \u00e9rdek\u00e9ben.<\/p>\n<p>Az intelligens k\u00e1rtyalap elengedhetetlen eleme laptopj\u00e1nak, k\u00fcl\u00f6n\u00f6sen akkor, ha gyakran haszn\u00e1l intelligens k\u00e1rty\u00e1kat hiteles\u00edt\u00e9si vagy biztons\u00e1gi c\u00e9lokra. A Dell Latitude E5450 Smartcard Board R22TH seg\u00edts\u00e9g\u00e9vel biztos lehet benne, hogy laptopja intelligensk\u00e1rtya-funkci\u00f3i z\u00f6kken\u0151mentesen fognak m\u0171k\u00f6dni.<\/p>\n<p>A Dell Latitude E5450 Smartcard Board R22TH megv\u00e1s\u00e1rl\u00e1sakor biztos lehet benne, hogy min\u0151s\u00e9gi term\u00e9ket kap. Szigor\u00fa tesztel\u00e9sen esik \u00e1t, hogy megfeleljen a Dell min\u0151s\u00e9gi el\u0151\u00edr\u00e1sainak, \u00e9s garanci\u00e1t v\u00e1llalunk az esetleges hib\u00e1kra vagy probl\u00e9m\u00e1kra.<\/p>\n<p>Az intelligensk\u00e1rtya-k\u00e1rtya telep\u00edt\u00e9si folyamata egyszer\u0171, \u00e9s k\u00f6nnyen kicser\u00e9lheti a r\u00e9gi vagy hib\u00e1s k\u00e1rty\u00e1t egy \u00fajra. Alapvet\u0151 fontoss\u00e1g\u00fa annak biztos\u00edt\u00e1sa, hogy laptopja megfelel\u0151en m\u0171k\u00f6dj\u00f6n, k\u00fcl\u00f6n\u00f6sen, ha az intelligens k\u00e1rty\u00e1s hiteles\u00edt\u00e9s a munkafolyamat szerves r\u00e9sze.<\/p>\n<p>A Dell Latitude E5450 Smartcard Board R22TH seg\u00edts\u00e9g\u00e9vel z\u00f6kken\u0151mentesen \u00e9s biztons\u00e1gosan m\u0171k\u00f6dhet Dell Latitude E5450 laptopja. Tesztelt teljes\u00edtm\u00e9ny\u00e9nek \u00e9s garanci\u00e1lis lefedetts\u00e9g\u00e9nek k\u00f6sz\u00f6nhet\u0151en b\u00edzhat abban, hogy ez a cserek\u00e1rtya megfelel az \u00d6n ig\u00e9nyeinek \u00e9s elv\u00e1r\u00e1sainak.<\/p>\n","protected":false},"excerpt":{"rendered":"<p>A Dell Latitude E5450 Smartcard Board R22TH egy eredeti \u00e9s tesztelt cserealkatr\u00e9sz Dell Latitude E5450 laptopj\u00e1hoz. Garancia j\u00e1r hozz\u00e1 a nagyobb nyugalom \u00e9rdek\u00e9ben, ami biztos\u00edtja a min\u0151s\u00e9get \u00e9s a funkcionalit\u00e1st.<\/p>\n","protected":false},"featured_media":1331,"template":"","meta":[],"product_brand":[],"product_cat":[27],"product_tag":[17],"class_list":{"0":"post-1266","1":"product","2":"type-product","3":"status-publish","4":"has-post-thumbnail","6":"product_cat-motherboards-board-parts","7":"product_tag-dell","9":"first","10":"instock","11":"taxable","12":"shipping-taxable","13":"purchasable","14":"product-type-simple"},"_links":{"self":[{"href":"https:\/\/boreait.com\/hu\/wp-json\/wp\/v2\/product\/1266","targetHints":{"allow":["GET"]}}],"collection":[{"href":"https:\/\/boreait.com\/hu\/wp-json\/wp\/v2\/product"}],"about":[{"href":"https:\/\/boreait.com\/hu\/wp-json\/wp\/v2\/types\/product"}],"wp:featuredmedia":[{"embeddable":true,"href":"https:\/\/boreait.com\/hu\/wp-json\/wp\/v2\/media\/1331"}],"wp:attachment":[{"href":"https:\/\/boreait.com\/hu\/wp-json\/wp\/v2\/media?parent=1266"}],"wp:term":[{"taxonomy":"product_brand","embeddable":true,"href":"https:\/\/boreait.com\/hu\/wp-json\/wp\/v2\/product_brand?post=1266"},{"taxonomy":"product_cat","embeddable":true,"href":"https:\/\/boreait.com\/hu\/wp-json\/wp\/v2\/product_cat?post=1266"},{"taxonomy":"product_tag","embeddable":true,"href":"https:\/\/boreait.com\/hu\/wp-json\/wp\/v2\/product_tag?post=1266"}],"curies":[{"name":"wp","href":"https:\/\/api.w.org\/{rel}","templated":true}]}}