{"id":12659,"date":"2025-09-17T13:50:53","date_gmt":"2025-09-17T11:50:53","guid":{"rendered":"https:\/\/boreait.com\/hu\/?post_type=product&#038;p=12659"},"modified":"2025-09-17T13:52:37","modified_gmt":"2025-09-17T11:52:37","slug":"hp-elitebook-840-845-g5-14-huvelykes-csuklotamasz-billentyuzet-elolap-l18310-001-laptop-alkatreszek","status":"publish","type":"product","link":"https:\/\/boreait.com\/hu\/termek\/hp-elitebook-840-845-g5-14-huvelykes-csuklotamasz-billentyuzet-elolap-l18310-001-laptop-alkatreszek\/","title":{"rendered":"HP EliteBook 840 845 G5 14 h\u00fcvelykes csukl\u00f3t\u00e1masz-billenty\u0171zet el\u0151lap L18310-001 laptop alkatr\u00e9szek"},"content":{"rendered":"<p data-start=\"579\" data-end=\"739\">Friss\u00edtse vagy jav\u00edtsa meg HP EliteBookj\u00e1t ezzel az eredeti <strong data-start=\"634\" data-end=\"708\">HP EliteBook 840 \/ 845 G5 14.0&#8243; csukl\u00f3t\u00e1maszos billenty\u0171zetel\u0151lappal (nem billenty\u0171zet)<\/strong>, cikksz\u00e1m: <strong data-start=\"634\" data-end=\"708\"> data-end=&#8221;736&#8243;>L18310-001<\/strong>.<\/p>\n<p data-start=\"741\" data-end=\"1123\">Ez a csukl\u00f3t\u00e1masz keret kifejezetten a <strong data-start=\"794\" data-end=\"835\">HP EliteBook 840 G5 \u00e9s 845 G5 sorozathoz<\/strong> k\u00e9sz\u00fclt. Fels\u0151 burkolatk\u00e9nt szolg\u00e1l a billenty\u0171zet k\u00f6r\u00fcl, szerkezetet, tart\u00f3ss\u00e1got \u00e9s tiszta fel\u00fcletet biztos\u00edtva a laptopnak. F\u00fcggetlen\u00fcl att\u00f3l, hogy a megl\u00e9v\u0151 csukl\u00f3t\u00e1masz megrepedt, karcos vagy elt\u00f6rt, ez az eredeti cserealkatr\u00e9sz t\u00f6k\u00e9letesen illeszkedik eszk\u00f6ze eredeti \u00e1llapot\u00e1nak helyre\u00e1ll\u00edt\u00e1s\u00e1hoz.<\/p>\n<p data-start=\"1125\" data-end=\"1385\">\u2714 <strong data-start=\"1127\" data-end=\"1149\">Kompatibilis modellek:<\/strong> HP EliteBook 840 G5, HP EliteBook 845 G5 (14,0 h\u00fcvelykes modellek)<br data-start=\"1127\" data-2\"\/2=\"\u27149\" data-2\"\/1> data-start=&#8221;1214&#8243; data-end=&#8221;1230&#8243;>Alkatr\u00e9szsz\u00e1m:<\/strong> L18310-001<br data-start=\"1241\" data-end=\"1244\" \/>\u2714 <strong data-start=\"1246\" data-end=\"1260\">\u00c1llapot:<\/strong> Eredeti csereadatlap0 data-end=&#8221;1323&#8243; \/>\u2714 <strong data-start=\"1325\" data-end=\"1338\">Kateg\u00f3ria:<\/strong> Laptop alkatr\u00e9szek \u2013 csukl\u00f3t\u00e1masz\/fels\u0151 burkolat \u00f6ssze\u00e1ll\u00edt\u00e1s<\/p>\n<p data-start=\"1387\" data-end=\"1584\">Ez a lista <strong data-start=\"1426\" data-end=\"1434\">csak<\/strong> a csukl\u00f3t\u00e1masz-el\u0151lapra vonatkozik. Nem tartalmazza a billenty\u0171zetet vagy az \u00e9rint\u0151padot. A list\u00e1n szerepl\u0151 \u00f6sszes fot\u00f3 a t\u00e9nyleges r\u00e9szr\u0151l k\u00e9sz\u00fclt, amely biztos\u00edtja az \u00e1tl\u00e1that\u00f3s\u00e1got \u00e9s a bizalmat.<\/p>\n<p data-start=\"1586\" data-end=\"1687\">Ha tov\u00e1bbi \u00fatmutat\u00e1sra van sz\u00fcks\u00e9ge a kompatibilit\u00e1ssal kapcsolatban, nyugodtan \u00edrjon nek\u00fcnk \u2013 sz\u00edvesen seg\u00edt\u00fcnk.<\/p>\n","protected":false},"excerpt":{"rendered":"<p>Eredeti HP EliteBook 840 \/ 845 G5 14,0&#8243;-os csukl\u00f3t\u00e1masz-billenty\u0171zet el\u0151lap (nem billenty\u0171zet), cikksz\u00e1m: L18310-001. Ide\u00e1lis a laptop s\u00e9r\u00fclt vagy elhaszn\u00e1l\u00f3dott alkatr\u00e9szeinek cser\u00e9je.<\/p>\n","protected":false},"featured_media":12724,"template":"","meta":[],"product_brand":[],"product_cat":[16],"product_tag":[25],"class_list":{"0":"post-12659","1":"product","2":"type-product","3":"status-publish","4":"has-post-thumbnail","6":"product_cat-laptop-housing","7":"product_tag-hp","9":"first","10":"instock","11":"taxable","12":"shipping-taxable","13":"purchasable","14":"product-type-simple"},"_links":{"self":[{"href":"https:\/\/boreait.com\/hu\/wp-json\/wp\/v2\/product\/12659","targetHints":{"allow":["GET"]}}],"collection":[{"href":"https:\/\/boreait.com\/hu\/wp-json\/wp\/v2\/product"}],"about":[{"href":"https:\/\/boreait.com\/hu\/wp-json\/wp\/v2\/types\/product"}],"wp:featuredmedia":[{"embeddable":true,"href":"https:\/\/boreait.com\/hu\/wp-json\/wp\/v2\/media\/12724"}],"wp:attachment":[{"href":"https:\/\/boreait.com\/hu\/wp-json\/wp\/v2\/media?parent=12659"}],"wp:term":[{"taxonomy":"product_brand","embeddable":true,"href":"https:\/\/boreait.com\/hu\/wp-json\/wp\/v2\/product_brand?post=12659"},{"taxonomy":"product_cat","embeddable":true,"href":"https:\/\/boreait.com\/hu\/wp-json\/wp\/v2\/product_cat?post=12659"},{"taxonomy":"product_tag","embeddable":true,"href":"https:\/\/boreait.com\/hu\/wp-json\/wp\/v2\/product_tag?post=12659"}],"curies":[{"name":"wp","href":"https:\/\/api.w.org\/{rel}","templated":true}]}}