{"id":1265,"date":"2025-09-17T09:57:36","date_gmt":"2025-09-17T07:57:36","guid":{"rendered":"https:\/\/boreait.com\/hu\/?post_type=product&#038;p=1265"},"modified":"2025-09-17T09:58:58","modified_gmt":"2025-09-17T07:58:58","slug":"hynix-1x4gb-4gb-hmt351s6cfr8c-ddr3-4gb-2rx8-pc3-10600s-laptop-ram-memoria","status":"publish","type":"product","link":"https:\/\/boreait.com\/hu\/termek\/hynix-1x4gb-4gb-hmt351s6cfr8c-ddr3-4gb-2rx8-pc3-10600s-laptop-ram-memoria\/","title":{"rendered":"HYNIX 1X4GB 4GB HMT351S6CFR8C DDR3 4GB 2Rx8 PC3 10600S Laptop Ram mem\u00f3ria"},"content":{"rendered":"<p>N\u00f6velje laptopja teljes\u00edtm\u00e9ny\u00e9t a Hynix HMT351S6CFR8C DDR3 RAM mem\u00f3riamodullal. A 4 GB kapacit\u00e1s\u00fa mem\u00f3riamodul c\u00e9lja, hogy fokozza laptopja t\u00f6bbfeladatos k\u00e9pess\u00e9geit, lehet\u0151v\u00e9 t\u00e9ve t\u00f6bb alkalmaz\u00e1s z\u00f6kken\u0151mentes \u00e9s hat\u00e9kony futtat\u00e1s\u00e1t.<\/p>\n<p>A Hynix HMT351S6CFR8C PC3-10600S sebess\u00e9ggel m\u0171k\u00f6dik, ami 1333 MHz-es mem\u00f3riasebess\u00e9gnek felel meg. Ez a nagy sebess\u00e9g\u0171 mem\u00f3ria gyorsabb adathozz\u00e1f\u00e9r\u00e9st \u00e9s jobb rendszerreakci\u00f3t tesz lehet\u0151v\u00e9, \u00edgy ide\u00e1lis az ig\u00e9nyes feladatokhoz \u00e9s az er\u0151forr\u00e1s-ig\u00e9nyes alkalmaz\u00e1sokhoz.<\/p>\n<p>A Hynix HMT351S6CFR8C mem\u00f3riamodul beszerel\u00e9se egyszer\u0171 \u00e9s hat\u00e9kony m\u00f3dja a laptop teljes\u00edtm\u00e9ny\u00e9nek n\u00f6vel\u00e9s\u00e9nek. A DDR3 mem\u00f3riahelyekkel kompatibilis, ez a 4 GB-os RAM-modul k\u00f6nnyen beilleszthet\u0151 laptopja mem\u00f3riahely\u00e9re az azonnali friss\u00edt\u00e9s \u00e9rdek\u00e9ben.<\/p>\n<p>Ak\u00e1r alkalmi felhaszn\u00e1l\u00f3, ak\u00e1r er\u0151s felhaszn\u00e1l\u00f3, a Hynix HMT351S6CFR8C DDR3 mem\u00f3ria jelent\u0151sen jav\u00edtja laptopja \u00e1ltal\u00e1nos teljes\u00edtm\u00e9ny\u00e9t. \u00c9lvezze a gyorsabb adatfeldolgoz\u00e1st, a cs\u00f6kkentett bet\u00f6lt\u00e9si id\u0151t \u00e9s a g\u00f6rd\u00fcl\u00e9kenyebb t\u00f6bbfeladatos munkav\u00e9gz\u00e9st, \u00edgy nagyobb hat\u00e9konys\u00e1ggal dolgozhat \u00e9s j\u00e1tszhat.<\/p>\n<p>A Hynix egy megb\u00edzhat\u00f3 m\u00e1rka, amely a megb\u00edzhat\u00f3 \u00e9s kiv\u00e1l\u00f3 min\u0151s\u00e9g\u0171 mem\u00f3riaterm\u00e9kek gy\u00e1rt\u00e1s\u00e1r\u00f3l ismert. Ez al\u00f3l a HMT351S6CFR8C mem\u00f3riamodul sem kiv\u00e9tel, hiszen szigor\u00fa tesztel\u00e9sen \u00e9s min\u0151s\u00e9gellen\u0151rz\u00e9sen esik \u00e1t az optim\u00e1lis teljes\u00edtm\u00e9ny \u00e9s megb\u00edzhat\u00f3s\u00e1g biztos\u00edt\u00e1sa \u00e9rdek\u00e9ben.<\/p>\n<p>B\u0151v\u00edtse laptopja mem\u00f3ri\u00e1j\u00e1t a Hynix HMT351S6CFR8C DDR3 4 GB RAM modullal, \u00e9s tapasztalja meg a teljes\u00edtm\u00e9ny jelent\u0151s javul\u00e1s\u00e1t. F\u00fcggetlen\u00fcl att\u00f3l, hogy munk\u00e1ra, sz\u00f3rakoz\u00e1sra vagy mindkett\u0151re haszn\u00e1lja laptopj\u00e1t, ez a mem\u00f3riamodul jav\u00edtja a sz\u00e1m\u00edt\u00e1stechnikai \u00e9lm\u00e9nyt, \u00e9s lehet\u0151v\u00e9 teszi, hogy m\u00e9g t\u00f6bbet \u00e9rjen el.<\/p>\n","protected":false},"excerpt":{"rendered":"<p>A Hynix HMT351S6CFR8C egy kiv\u00e1l\u00f3 min\u0151s\u00e9g\u0171 laptop RAM mem\u00f3riamodul, amely fokozott teljes\u00edtm\u00e9nyt \u00e9s tov\u00e1bbfejlesztett t\u00f6bbfeladatos k\u00e9pess\u00e9geket biztos\u00edt. A 4 GB kapacit\u00e1s\u00fa \u00e9s PC3-10600S sebess\u00e9ggel m\u0171k\u00f6d\u0151 DDR3 mem\u00f3ria t\u00f6k\u00e9letes a laptop \u00e1ltal\u00e1nos teljes\u00edtm\u00e9ny\u00e9nek n\u00f6vel\u00e9s\u00e9re.<\/p>\n","protected":false},"featured_media":1330,"template":"","meta":[],"product_brand":[],"product_cat":[37,36],"product_tag":[],"class_list":{"0":"post-1265","1":"product","2":"type-product","3":"status-publish","4":"has-post-thumbnail","6":"product_cat-ddr3-ddr3l","7":"product_cat-ram-memory","9":"first","10":"instock","11":"taxable","12":"shipping-taxable","13":"purchasable","14":"product-type-simple"},"_links":{"self":[{"href":"https:\/\/boreait.com\/hu\/wp-json\/wp\/v2\/product\/1265","targetHints":{"allow":["GET"]}}],"collection":[{"href":"https:\/\/boreait.com\/hu\/wp-json\/wp\/v2\/product"}],"about":[{"href":"https:\/\/boreait.com\/hu\/wp-json\/wp\/v2\/types\/product"}],"wp:featuredmedia":[{"embeddable":true,"href":"https:\/\/boreait.com\/hu\/wp-json\/wp\/v2\/media\/1330"}],"wp:attachment":[{"href":"https:\/\/boreait.com\/hu\/wp-json\/wp\/v2\/media?parent=1265"}],"wp:term":[{"taxonomy":"product_brand","embeddable":true,"href":"https:\/\/boreait.com\/hu\/wp-json\/wp\/v2\/product_brand?post=1265"},{"taxonomy":"product_cat","embeddable":true,"href":"https:\/\/boreait.com\/hu\/wp-json\/wp\/v2\/product_cat?post=1265"},{"taxonomy":"product_tag","embeddable":true,"href":"https:\/\/boreait.com\/hu\/wp-json\/wp\/v2\/product_tag?post=1265"}],"curies":[{"name":"wp","href":"https:\/\/api.w.org\/{rel}","templated":true}]}}