{"id":12646,"date":"2025-09-17T13:50:29","date_gmt":"2025-09-17T11:50:29","guid":{"rendered":"https:\/\/boreait.com\/hu\/?post_type=product&#038;p=12646"},"modified":"2025-09-17T13:52:19","modified_gmt":"2025-09-17T11:52:19","slug":"hp-elitebook-840-850-845-740-745-g5-g6-laptop-bekapcsologomb-tabla-6050a2926001","status":"publish","type":"product","link":"https:\/\/boreait.com\/hu\/termek\/hp-elitebook-840-850-845-740-745-g5-g6-laptop-bekapcsologomb-tabla-6050a2926001\/","title":{"rendered":"HP EliteBook 840 850 845 740 745 G5 G6 laptop bekapcsol\u00f3gomb t\u00e1bla 6050A2926001"},"content":{"rendered":"<p data-start=\"515\" data-end=\"717\">Ez egy <strong data-start=\"525\" data-end=\"551\">eredeti HP laptop alkatr\u00e9sz<\/strong> \u2013 egy csere<strong data-start=\"568\" data-end=\"605\">bekapcsol\u00f3gomb-k\u00e1rtya (kapcsol\u00f3k\u00e1rtya)<\/strong>, amely kompatibilis t\u00f6bb=&#8221;HP EliteBook-modellel, bele\u00e9rtve a <strong667-1\" adatot, bele\u00e9rtve a <strong>6=&#8221;07-2&#8243;-et is. G5\/G6, 850 G5\/G6, 845 G5, 740 G5 \u00e9s 745 G5<\/strong>.<\/p>\n<ul data-start=\"722\" data-end=\"898\">\n<li data-start=\"722\" data-end=\"755\">\n<p data-start=\"724\" data-end=\"755\"><strong data-start=\"724\" data-end=\"739\">Alkatr\u00e9szsz\u00e1m<\/strong>: 6050A2926001<\/p>\n<\/li>\n<li data-start=\"756\" data-end=\"824\">\n<p data-start=\"758\" data-end=\"824\"><strong data-start=\"758\" data-end=\"771\">\u00c1llapot<\/strong>: Eredeti, teljesen tesztelt, j\u00f3 m\u0171k\u00f6d\u00e9s\u0171<\/p>\n<\/li>\n<li data-start=\"825\" data-end=\"898\">\n<p data-start=\"827\" data-end=\"898\"><strong data-start=\"827\" data-end=\"844\">Kompatibilit\u00e1s<\/strong>: HP EliteBook G5 \u00e9s G6 sorozat\u00fa laptopokhoz tervezve<\/p>\n<\/li>\n<\/ul>\n<p data-start=\"900\" data-end=\"1054\">Ak\u00e1r nem v\u00e1laszol, ak\u00e1r megs\u00e9r\u00fclt, ak\u00e1r meghib\u00e1sodott a laptop bekapcsol\u00f3gombja, ez a cserek\u00e1rtya biztos\u00edtja, hogy az eszk\u00f6z \u00fajra megb\u00edzhat\u00f3an bekapcsoljon.<\/p>\n<p data-start=\"1056\" data-end=\"1241\">\u2714 100%-ban eredeti HP alkatr\u00e9sz<br data-start=\"1078\" data-end=\"1081\" \/>\u2714 T\u00f6k\u00e9letes illeszked\u00e9s t\u00f6bb EliteBook modellhez<br data-start=\"1124\" data-end=\"1127\" data-end=\"1127\" \/>\u2714 Ide\u00e1lis a jav\u00edt\u00e1shoz \u00e9s a kapcsol\u00f3k cser\u00e9j\u00e9hez data-start=&#8221;1185&#8243; data-end=&#8221;1188&#8243; \/>\u2714 A fot\u00f3k <strong data-start=\"1208\" data-end=\"1222\">pontos r\u00e9szb\u0151l<\/strong> k\u00e9sz\u00fcltek, amelyet \u00d6n kap<\/p>\n<p data-start=\"1243\" data-end=\"1407\"><strong data-start=\"1243\" data-end=\"1258\">Megjegyz\u00e9s<\/strong>: Ez a lista csak a bekapcsol\u00f3gomb-panelre vonatkozik. A telep\u00edt\u00e9si utas\u00edt\u00e1sokat nem tartalmazza, de ha seg\u00edts\u00e9gre van sz\u00fcks\u00e9ge, nyugodtan \u00edrjon nek\u00fcnk.<\/p>\n","protected":false},"excerpt":{"rendered":"<p data-start=\"316\" data-end=\"466\">Csere laptop bekapcsol\u00f3gomb-panel a HP EliteBook 840, 850, 845, 740 \u00e9s 745 G5\/G6 sorozatokhoz. Eredeti alkatr\u00e9sz, tesztelt, j\u00f3 \u00e1llapot\u00fa.<\/p>\n","protected":false},"featured_media":12710,"template":"","meta":[],"product_brand":[],"product_cat":[27],"product_tag":[25],"class_list":{"0":"post-12646","1":"product","2":"type-product","3":"status-publish","4":"has-post-thumbnail","6":"product_cat-motherboards-board-parts","7":"product_tag-hp","9":"first","10":"instock","11":"taxable","12":"shipping-taxable","13":"purchasable","14":"product-type-simple"},"_links":{"self":[{"href":"https:\/\/boreait.com\/hu\/wp-json\/wp\/v2\/product\/12646","targetHints":{"allow":["GET"]}}],"collection":[{"href":"https:\/\/boreait.com\/hu\/wp-json\/wp\/v2\/product"}],"about":[{"href":"https:\/\/boreait.com\/hu\/wp-json\/wp\/v2\/types\/product"}],"wp:featuredmedia":[{"embeddable":true,"href":"https:\/\/boreait.com\/hu\/wp-json\/wp\/v2\/media\/12710"}],"wp:attachment":[{"href":"https:\/\/boreait.com\/hu\/wp-json\/wp\/v2\/media?parent=12646"}],"wp:term":[{"taxonomy":"product_brand","embeddable":true,"href":"https:\/\/boreait.com\/hu\/wp-json\/wp\/v2\/product_brand?post=12646"},{"taxonomy":"product_cat","embeddable":true,"href":"https:\/\/boreait.com\/hu\/wp-json\/wp\/v2\/product_cat?post=12646"},{"taxonomy":"product_tag","embeddable":true,"href":"https:\/\/boreait.com\/hu\/wp-json\/wp\/v2\/product_tag?post=12646"}],"curies":[{"name":"wp","href":"https:\/\/api.w.org\/{rel}","templated":true}]}}