{"id":12644,"date":"2025-09-17T13:50:28","date_gmt":"2025-09-17T11:50:28","guid":{"rendered":"https:\/\/boreait.com\/hu\/?post_type=product&#038;p=12644"},"modified":"2025-09-17T13:52:14","modified_gmt":"2025-09-17T11:52:14","slug":"hp-elitebook-840-g5-g6-845-740-745-hangszoro-eredeti-laptop-alkatresz-csere-ls-ps1714","status":"publish","type":"product","link":"https:\/\/boreait.com\/hu\/termek\/hp-elitebook-840-g5-g6-845-740-745-hangszoro-eredeti-laptop-alkatresz-csere-ls-ps1714\/","title":{"rendered":"HP EliteBook 840 G5 G6 845 740 745 hangsz\u00f3r\u00f3 | Eredeti laptop alkatr\u00e9sz csere LS-PS1714"},"content":{"rendered":"<p data-start=\"647\" data-end=\"882\">Kelje \u00e9letre HP EliteBook 840 G5 G6 845 740 745-j\u00e9t ezzel az eredeti <strong data-start=\"709\" data-end=\"743\">csere laptop hangsz\u00f3r\u00f3k\u00e9szlettel<\/strong>. Ezek a hangsz\u00f3r\u00f3k t\u00f6k\u00e9letesek a gyenge, torz vagy nem m\u0171k\u00f6d\u0151 hang kijav\u00edt\u00e1s\u00e1hoz. Ezek a hangsz\u00f3r\u00f3k eredeti alkatr\u00e9szek, amelyek t\u00f6k\u00e9letesen illeszkednek az eszk\u00f6zh\u00f6z.<\/p>\n<p data-start=\"884\" data-end=\"907\"><strong data-start=\"884\" data-end=\"905\">Term\u00e9kjellemz\u0151k:<\/strong><\/p>\n<ul data-start=\"908\" data-end=\"1150\">\n<li data-start=\"908\" data-end=\"955\">\n<p data-start=\"910\" data-end=\"955\">\u2705 Kompatibilis modell: HP EliteBook 840 G5 G6 845 740 745<\/p>\n<\/li>\n<li data-start=\"956\" data-end=\"993\">\n<p data-start=\"958\" data-end=\"993\">\u2705 Tartalmazza: LS-PS1714<\/p>\n<\/li>\n<li data-start=\"994\" data-end=\"1047\">\n<p data-start=\"996\" data-end=\"1047\">\u2705 Eredeti HP laptop alkatr\u00e9szek \u2013 megb\u00edzhat\u00f3 \u00e9s tart\u00f3s<\/p>\n<\/li>\n<li data-start=\"1048\" data-end=\"1088\">\n<p data-start=\"1050\" data-end=\"1088\">\u2705 Min\u0151s\u00e9g \u00e9s teljes\u00edtm\u00e9ny szempontj\u00e1b\u00f3l tesztelve<\/p>\n<\/li>\n<li data-start=\"1089\" data-end=\"1150\">\n<p data-start=\"1091\" data-end=\"1150\">\u2705 Egyszer\u0171 telep\u00edt\u00e9s profi vagy tapasztalt felhaszn\u00e1l\u00f3 \u00e1ltal<\/p>\n<\/li>\n<\/ul>\n<p data-start=\"1152\" data-end=\"1297\">Ez a hangsz\u00f3r\u00f3k\u00e9szlet ide\u00e1lis azoknak a felhaszn\u00e1l\u00f3knak, akik szeretn\u00e9k vissza\u00e1ll\u00edtani EliteBookjuk <strong data-start=\"1212\" data-end=\"1246\">tiszta, \u00e9les hangteljes\u00edtm\u00e9ny\u00e9t<\/strong> a min\u0151s\u00e9g fel\u00e1ldoz\u00e1sa n\u00e9lk\u00fcl.<\/p>\n<p data-start=\"1299\" data-end=\"1321\"><strong data-start=\"1299\" data-end=\"1319\">Mi\u00e9rt v\u00e1s\u00e1roljon t\u0151l\u00fcnk?<\/strong><\/p>\n<ul data-start=\"1322\" data-end=\"1548\">\n<li data-start=\"1322\" data-end=\"1387\">\n<p data-start=\"1324\" data-end=\"1387\">Az \u00f6sszes megjelen\u00edtett fot\u00f3 a <strong data-start=\"1352\" data-end=\"1385\">t\u00e9nyleges r\u00e9szekr\u0151l k\u00e9sz\u00fclt, amelyeket megkap<\/strong><\/p>\n<\/li>\n<li data-start=\"1388\" data-end=\"1442\">\n<p data-start=\"1390\" data-end=\"1442\">Eredeti laptop cserealkatr\u00e9szek, gondosan beszerezve<\/p>\n<\/li>\n<li data-start=\"1443\" data-end=\"1480\">\n<p data-start=\"1445\" data-end=\"1480\">Biztons\u00e1gosan csomagolt sz\u00e1ll\u00edtm\u00e1nyok vil\u00e1gszerte<\/p>\n<\/li>\n<li data-start=\"1481\" data-end=\"1548\">\n<p data-start=\"1483\" data-end=\"1548\">Ha \u00fatmutat\u00e1sra van sz\u00fcks\u00e9ge, vagy k\u00e9rd\u00e9se van, \u00edrjon nek\u00fcnk \u00fczenetet<\/p>\n<\/li>\n<\/ul>\n<p data-start=\"1550\" data-end=\"1703\">Friss\u00edtse laptopja hangrendszer\u00e9t m\u00e9g ma autentikus HP EliteBook 840 G5 G6 845 740 745 hangsz\u00f3r\u00f3kkal \u2013 a megb\u00edzhat\u00f3 megold\u00e1ssal, hogy eszk\u00f6ze \u00fajra \u00fagy m\u0171k\u00f6dj\u00f6n, mint az \u00faj.<\/p>\n","protected":false},"excerpt":{"rendered":"<p>Eredeti cserehangsz\u00f3r\u00f3 k\u00e9szlet a HP EliteBook 840 G5 G6 845 740 745 k\u00e9sz\u00fcl\u00e9khez. Kiv\u00e1l\u00f3 min\u0151s\u00e9g\u0171 laptop alkatr\u00e9sz, amely a tiszta \u00e9s kiegyens\u00falyozott hang vissza\u00e1ll\u00edt\u00e1s\u00e1ra szolg\u00e1l. Tesztelt \u00e9s eredeti, val\u00f3di term\u00e9kfot\u00f3kkal egy\u00fctt vil\u00e1gszerte sz\u00e1ll\u00edtj\u00e1k.<\/p>\n","protected":false},"featured_media":12708,"template":"","meta":[],"product_brand":[],"product_cat":[18],"product_tag":[25],"class_list":{"0":"post-12644","1":"product","2":"type-product","3":"status-publish","4":"has-post-thumbnail","6":"product_cat-laptop-speakers","7":"product_tag-hp","9":"first","10":"instock","11":"taxable","12":"shipping-taxable","13":"purchasable","14":"product-type-simple"},"_links":{"self":[{"href":"https:\/\/boreait.com\/hu\/wp-json\/wp\/v2\/product\/12644","targetHints":{"allow":["GET"]}}],"collection":[{"href":"https:\/\/boreait.com\/hu\/wp-json\/wp\/v2\/product"}],"about":[{"href":"https:\/\/boreait.com\/hu\/wp-json\/wp\/v2\/types\/product"}],"wp:featuredmedia":[{"embeddable":true,"href":"https:\/\/boreait.com\/hu\/wp-json\/wp\/v2\/media\/12708"}],"wp:attachment":[{"href":"https:\/\/boreait.com\/hu\/wp-json\/wp\/v2\/media?parent=12644"}],"wp:term":[{"taxonomy":"product_brand","embeddable":true,"href":"https:\/\/boreait.com\/hu\/wp-json\/wp\/v2\/product_brand?post=12644"},{"taxonomy":"product_cat","embeddable":true,"href":"https:\/\/boreait.com\/hu\/wp-json\/wp\/v2\/product_cat?post=12644"},{"taxonomy":"product_tag","embeddable":true,"href":"https:\/\/boreait.com\/hu\/wp-json\/wp\/v2\/product_tag?post=12644"}],"curies":[{"name":"wp","href":"https:\/\/api.w.org\/{rel}","templated":true}]}}