{"id":12641,"date":"2025-09-17T13:50:28","date_gmt":"2025-09-17T11:50:28","guid":{"rendered":"https:\/\/boreait.com\/hu\/?post_type=product&#038;p=12641"},"modified":"2025-09-17T13:52:07","modified_gmt":"2025-09-17T11:52:07","slug":"intel-8265ngw-ketsavos-vezetek-nelkuli-ac-8265-2x2-wifi-kartya-m-2-802-11ac-laptop-alkatreszek","status":"publish","type":"product","link":"https:\/\/boreait.com\/hu\/termek\/intel-8265ngw-ketsavos-vezetek-nelkuli-ac-8265-2x2-wifi-kartya-m-2-802-11ac-laptop-alkatreszek\/","title":{"rendered":"Intel 8265NGW k\u00e9ts\u00e1vos vezet\u00e9k n\u00e9lk\u00fcli AC 8265 2&#215;2 WiFi k\u00e1rtya M.2 802.11ac laptop alkatr\u00e9szek"},"content":{"rendered":"<p data-start=\"633\" data-end=\"984\">Az <strong data-start=\"637\" data-end=\"686\">Intel 8265NGW Dual Band Wireless-AC WiFi k\u00e1rtya<\/strong> egy eredeti <strong data-start=\"700\" data-end=\"715\">laptop alkatr\u00e9sze<\/strong>, amely a vezet\u00e9k n\u00e9lk\u00fcli kapcsolat \u00e9s az \u00e1ltal\u00e1nos teljes\u00edtm\u00e9ny n\u00f6vel\u00e9s\u00e9re szolg\u00e1l. Az Intel 802.11ac technol\u00f3gi\u00e1j\u00e1val k\u00e9sz\u00fclt k\u00e1rtya t\u00e1mogatja a k\u00e9ts\u00e1vos (2,4 GHz-es \u00e9s 5 GHz-es) kapcsolatokat ak\u00e1r 867 Mbps sebess\u00e9ggel, \u00edgy ide\u00e1lis a z\u00f6kken\u0151mentes adatfolyamokhoz, gyors let\u00f6lt\u00e9sekhez \u00e9s stabil b\u00f6ng\u00e9sz\u00e9shez.<\/p>\n<p data-start=\"986\" data-end=\"1244\">A <strong data-start=\"1002\" data-end=\"1031\">2&#215;2 antennakonfigur\u00e1ci\u00f3val<\/strong> felszerelve a 8265NGW er\u0151s \u00e9s konzisztens vezet\u00e9k n\u00e9lk\u00fcli jeleket biztos\u00edt m\u00e9g forgalmas k\u00f6rnyezetben is. Be\u00e9p\u00edtett Bluetooth funkci\u00f3val is rendelkezik, amely z\u00f6kken\u0151mentes p\u00e1ros\u00edt\u00e1st biztos\u00edt fejhallgat\u00f3val, billenty\u0171zettel \u00e9s egy\u00e9b vezet\u00e9k n\u00e9lk\u00fcli eszk\u00f6z\u00f6kkel.<\/p>\n<p data-start=\"1246\" data-end=\"1462\">Ez a k\u00e1rtya az <strong data-start=\"1265\" data-end=\"1289\">M.2 2230 form\u00e1tumot haszn\u00e1lja<\/strong>, \u00edgy kompatibilis az M.2 b\u0151v\u00edt\u0151helyet t\u00e1mogat\u00f3 laptopok sz\u00e9les sk\u00e1l\u00e1j\u00e1val. Megb\u00edzhat\u00f3 csere vagy friss\u00edt\u00e9s a vezet\u00e9k n\u00e9lk\u00fcli \u00e9lm\u00e9nyt jav\u00edtani v\u00e1gy\u00f3 felhaszn\u00e1l\u00f3k sz\u00e1m\u00e1ra.<\/p>\n<p data-start=\"1464\" data-end=\"1485\">\u2705 <strong data-start=\"1466\" data-end=\"1483\">F\u0151bb jellemz\u0151k:<\/strong><\/p>\n<ul data-start=\"1486\" data-end=\"1688\">\n<li data-start=\"1486\" data-end=\"1539\">\n<p data-start=\"1488\" data-end=\"1539\">Modell: Intel Dual Band Wireless-AC 8265 (8265NGW)<\/p>\n<\/li>\n<li data-start=\"1540\" data-end=\"1563\">\n<p data-start=\"1542\" data-end=\"1563\">Interf\u00e9sz: M.2 2230<\/p>\n<\/li>\n<li data-start=\"1564\" data-end=\"1618\">\n<p data-start=\"1566\" data-end=\"1618\">WiFi szabv\u00e1ny: 802.11ac, k\u00e9ts\u00e1vos (2,4 GHz \u00e9s 5 GHz)<\/p>\n<\/li>\n<li data-start=\"1619\" data-end=\"1644\">\n<p data-start=\"1621\" data-end=\"1644\">Sebess\u00e9g: Ak\u00e1r 867 Mbps<\/p>\n<\/li>\n<li data-start=\"1645\" data-end=\"1661\">\n<p data-start=\"1647\" data-end=\"1661\">Antenna: 2&#215;2<\/p>\n<\/li>\n<li data-start=\"1662\" data-end=\"1688\">\n<p data-start=\"1664\" data-end=\"1688\">Bluetooth t\u00e1mogat\u00e1s: Igen<\/p>\n<\/li>\n<\/ul>\n<p data-start=\"1690\" data-end=\"1715\">\ud83d\udccc <strong data-start=\"1693\" data-end=\"1713\">Fontos megjegyz\u00e9sek:<\/strong><\/p>\n<ul data-start=\"1716\" data-end=\"1937\">\n<li data-start=\"1716\" data-end=\"1759\">\n<p data-start=\"1718\" data-end=\"1759\">Ez az adatlap csak a WiFi-k\u00e1rty\u00e1ra vonatkozik.<\/p>\n<\/li>\n<li data-start=\"1760\" data-end=\"1849\">\n<p data-start=\"1762\" data-end=\"1849\">Telep\u00edt\u00e9si utas\u00edt\u00e1sokat nem adunk meg, de ha seg\u00edts\u00e9gre van sz\u00fcks\u00e9ge, \u00edrjon nek\u00fcnk \u00fczenetet.<\/p>\n<\/li>\n<li data-start=\"1850\" data-end=\"1937\">\n<p data-start=\"1852\" data-end=\"1937\">Az adatlapon szerepl\u0151 \u00f6sszes fot\u00f3 <strong data-start=\"1883\" data-end=\"1898\">val\u00f3di fot\u00f3k<\/strong> a t\u00e9nyleges r\u00e9szr\u0151l, amelyet megkap.<\/p>\n<\/li>\n<\/ul>\n<p data-start=\"1939\" data-end=\"2067\">Az Intel 8265NGW kiv\u00e1l\u00f3 v\u00e1laszt\u00e1s, ha megb\u00edzhat\u00f3 <strong data-start=\"2003\" data-end=\"2018\">laptop alkatr\u00e9szre<\/strong> van sz\u00fcks\u00e9ge a vezet\u00e9k n\u00e9lk\u00fcli k\u00e1rtya friss\u00edt\u00e9s\u00e9hez vagy cser\u00e9j\u00e9hez.<\/p>\n","protected":false},"excerpt":{"rendered":"<p>B\u0151v\u00edtse laptopja csatlakoztathat\u00f3s\u00e1g\u00e1t az Intel 8265NGW Dual Band Wireless-AC k\u00e1rty\u00e1val. A 802.11ac WiFi, a Bluetooth t\u00e1mogat\u00e1s \u00e9s az M.2 interf\u00e9sz r\u00e9v\u00e9n gyors, megb\u00edzhat\u00f3 teljes\u00edtm\u00e9nyt ny\u00fajt mindennapi haszn\u00e1latra.<\/p>\n","protected":false},"featured_media":12704,"template":"","meta":[],"product_brand":[],"product_cat":[27],"product_tag":[25],"class_list":{"0":"post-12641","1":"product","2":"type-product","3":"status-publish","4":"has-post-thumbnail","6":"product_cat-motherboards-board-parts","7":"product_tag-hp","9":"first","10":"instock","11":"taxable","12":"shipping-taxable","13":"purchasable","14":"product-type-simple"},"_links":{"self":[{"href":"https:\/\/boreait.com\/hu\/wp-json\/wp\/v2\/product\/12641","targetHints":{"allow":["GET"]}}],"collection":[{"href":"https:\/\/boreait.com\/hu\/wp-json\/wp\/v2\/product"}],"about":[{"href":"https:\/\/boreait.com\/hu\/wp-json\/wp\/v2\/types\/product"}],"wp:featuredmedia":[{"embeddable":true,"href":"https:\/\/boreait.com\/hu\/wp-json\/wp\/v2\/media\/12704"}],"wp:attachment":[{"href":"https:\/\/boreait.com\/hu\/wp-json\/wp\/v2\/media?parent=12641"}],"wp:term":[{"taxonomy":"product_brand","embeddable":true,"href":"https:\/\/boreait.com\/hu\/wp-json\/wp\/v2\/product_brand?post=12641"},{"taxonomy":"product_cat","embeddable":true,"href":"https:\/\/boreait.com\/hu\/wp-json\/wp\/v2\/product_cat?post=12641"},{"taxonomy":"product_tag","embeddable":true,"href":"https:\/\/boreait.com\/hu\/wp-json\/wp\/v2\/product_tag?post=12641"}],"curies":[{"name":"wp","href":"https:\/\/api.w.org\/{rel}","templated":true}]}}