{"id":1264,"date":"2025-09-17T09:57:36","date_gmt":"2025-09-17T07:57:36","guid":{"rendered":"https:\/\/boreait.com\/hu\/?post_type=product&#038;p=1264"},"modified":"2025-09-17T09:58:56","modified_gmt":"2025-09-17T07:58:56","slug":"ralink-wifi-wlan-vezetek-nelkuli-kartya-rt3290-802-11-bgn-hp-envy-m6-1000-sorozat","status":"publish","type":"product","link":"https:\/\/boreait.com\/hu\/termek\/ralink-wifi-wlan-vezetek-nelkuli-kartya-rt3290-802-11-bgn-hp-envy-m6-1000-sorozat\/","title":{"rendered":"Ralink Wifi WLAN vezet\u00e9k n\u00e9lk\u00fcli k\u00e1rtya RT3290 802.11 bgn Hp ENVY m6-1000 sorozat"},"content":{"rendered":"<p>A Ralink RT3290 egy eredeti vezet\u00e9k n\u00e9lk\u00fcli k\u00e1rtya, amelyet kifejezetten a HP ENVY m6-1000 sorozat\u00fa laptopokhoz terveztek, \u00e9s kiv\u00e1l\u00f3 WLAN teljes\u00edtm\u00e9nyt \u00e9s megb\u00edzhat\u00f3 csatlakoz\u00e1st k\u00edn\u00e1l. A 802.11 b\/g\/n Wi-Fi szabv\u00e1ny t\u00e1mogat\u00e1s\u00e1val ez a k\u00e1rtya gyors adat\u00e1tviteli sebess\u00e9get \u00e9s z\u00f6kken\u0151mentes internet-hozz\u00e1f\u00e9r\u00e9st tesz lehet\u0151v\u00e9.<\/p>\n<p>Az RT3290 k\u00e1rtya a 2,4 GHz-es s\u00e1von m\u0171k\u00f6dik, lehet\u0151v\u00e9 t\u00e9ve a felhaszn\u00e1l\u00f3k sz\u00e1m\u00e1ra, hogy csatlakozzanak az otthonokban \u00e9s nyilv\u00e1nos helyeken \u00e1ltal\u00e1ban megtal\u00e1lhat\u00f3 szabv\u00e1nyos Wi-Fi h\u00e1l\u00f3zatokhoz. A b\/g\/n kompatibilit\u00e1s biztos\u00edtja, hogy a felhaszn\u00e1l\u00f3k a r\u00e9gebbi \u00e9s a modern Wi-Fi h\u00e1l\u00f3zatokhoz is hozz\u00e1f\u00e9rjenek, maxim\u00e1lis rugalmass\u00e1got biztos\u00edtva.<\/p>\n<p>Nagy sebess\u00e9g\u0171 k\u00e9pess\u00e9geivel a Ralink RT3290 z\u00f6kken\u0151mentes \u00e9s megszak\u00edt\u00e1s n\u00e9lk\u00fcli online \u00e9lm\u00e9nyt biztos\u00edt, lehet\u0151v\u00e9 t\u00e9ve a felhaszn\u00e1l\u00f3k sz\u00e1m\u00e1ra, hogy k\u00f6nnyed\u00e9n b\u00f6ng\u00e9szhessenek az interneten, streameljenek vide\u00f3kat \u00e9s hajtsanak v\u00e9gre k\u00fcl\u00f6nf\u00e9le online feladatokat. A k\u00e1rtya fejlett technol\u00f3gi\u00e1ja seg\u00edt minimaliz\u00e1lni a jel interferenci\u00e1j\u00e1t, jav\u00edtva az \u00e1ltal\u00e1nos vezet\u00e9k n\u00e9lk\u00fcli teljes\u00edtm\u00e9nyt.<\/p>\n<p>A Ralink RT3290 telep\u00edt\u00e9se egyszer\u0171, \u00e9s mag\u00e1ban foglalja a k\u00e1rtya behelyez\u00e9s\u00e9t a HP ENVY m6-1000 sorozat\u00fa laptopok kompatibilis ny\u00edl\u00e1s\u00e1ba. Javasoljuk, hogy szakemberrel konzult\u00e1ljon a megfelel\u0151 telep\u00edt\u00e9s \u00e9rdek\u00e9ben az optim\u00e1lis teljes\u00edtm\u00e9ny \u00e9rdek\u00e9ben.<\/p>\n<p>Eredeti Ralink term\u00e9kk\u00e9nt az RT3290 megfelel a szigor\u00fa min\u0151s\u00e9gi el\u0151\u00edr\u00e1soknak, \u00e9s megb\u00edzhat\u00f3 \u00e9s \u00e1lland\u00f3 vezet\u00e9k n\u00e9lk\u00fcli kapcsolatot biztos\u00edt. A Ralink h\u00edres a kiv\u00e1l\u00f3 min\u0151s\u00e9g\u0171 WLAN-modulok gy\u00e1rt\u00e1sa ir\u00e1nti elk\u00f6telezetts\u00e9g\u00e9r\u0151l, \u00edgy ez a k\u00e1rtya megb\u00edzhat\u00f3 v\u00e1laszt\u00e1s a HP ENVY m6-1000 sorozat\u00fa felhaszn\u00e1l\u00f3k sz\u00e1m\u00e1ra.<\/p>\n<p>A Ralink RT3290 k\u00fcl\u00f6nf\u00e9le biztons\u00e1gi protokollokat t\u00e1mogat, bele\u00e9rtve a WEP-et, a WPA-t \u00e9s a WPA2-t, \u00edgy biztos\u00edtva az adatv\u00e9delmet \u00e9s a biztons\u00e1gos h\u00e1l\u00f3zatokhoz val\u00f3 biztons\u00e1gos csatlakoz\u00e1st. A felhaszn\u00e1l\u00f3k magabiztosan csatlakozhatnak Wi-Fi h\u00e1l\u00f3zatokhoz, \u00e9s online tev\u00e9kenys\u00e9geket v\u00e9gezhetnek mag\u00e1n\u00e9let\u00fck \u00e9s biztons\u00e1guk vesz\u00e9lyeztet\u00e9se n\u00e9lk\u00fcl.<\/p>\n<p>\u00d6sszefoglalva, a Ralink RT3290 vezet\u00e9k n\u00e9lk\u00fcli k\u00e1rtya egy nagy teljes\u00edtm\u00e9ny\u0171 WLAN-modul, amelyet a HP ENVY m6-1000 sorozat\u00fa laptopokhoz terveztek. A 802.11 b\/g\/n Wi-Fi szabv\u00e1nyok \u00e9s a fejlett technol\u00f3gia t\u00e1mogat\u00e1s\u00e1val gyors \u00e9s megb\u00edzhat\u00f3 vezet\u00e9k n\u00e9lk\u00fcli kapcsolatot biztos\u00edt k\u00fcl\u00f6nf\u00e9le online tev\u00e9kenys\u00e9gekhez. Friss\u00edtse HP ENVY m6-1000 sorozat\u00fa laptopj\u00e1t ezzel az eredeti Ralink Wi-Fi k\u00e1rty\u00e1val, \u00e9s \u00e9lvezze a z\u00f6kken\u0151mentes internet-hozz\u00e1f\u00e9r\u00e9st \u00e9s a z\u00f6kken\u0151mentes online \u00e9lm\u00e9nyt.<\/p>\n","protected":false},"excerpt":{"rendered":"<p>A Ralink RT3290 vezet\u00e9k n\u00e9lk\u00fcli k\u00e1rtya egy kiv\u00e1l\u00f3 min\u0151s\u00e9g\u0171 WLAN modul, amely gyors \u00e9s megb\u00edzhat\u00f3 vezet\u00e9k n\u00e9lk\u00fcli kapcsolatot biztos\u00edt a HP ENVY m6-1000 sorozat\u00fa laptopokhoz. A 802.11 b\/g\/n Wi-Fi szabv\u00e1ny t\u00e1mogat\u00e1s\u00e1val ez a k\u00e1rtya z\u00f6kken\u0151mentes internet-hozz\u00e1f\u00e9r\u00e9st \u00e9s z\u00f6kken\u0151mentes online \u00e9lm\u00e9nyt tesz lehet\u0151v\u00e9.<\/p>\n","protected":false},"featured_media":1329,"template":"","meta":[],"product_brand":[],"product_cat":[27],"product_tag":[25],"class_list":{"0":"post-1264","1":"product","2":"type-product","3":"status-publish","4":"has-post-thumbnail","6":"product_cat-motherboards-board-parts","7":"product_tag-hp","9":"first","10":"instock","11":"taxable","12":"shipping-taxable","13":"purchasable","14":"product-type-simple"},"_links":{"self":[{"href":"https:\/\/boreait.com\/hu\/wp-json\/wp\/v2\/product\/1264","targetHints":{"allow":["GET"]}}],"collection":[{"href":"https:\/\/boreait.com\/hu\/wp-json\/wp\/v2\/product"}],"about":[{"href":"https:\/\/boreait.com\/hu\/wp-json\/wp\/v2\/types\/product"}],"wp:featuredmedia":[{"embeddable":true,"href":"https:\/\/boreait.com\/hu\/wp-json\/wp\/v2\/media\/1329"}],"wp:attachment":[{"href":"https:\/\/boreait.com\/hu\/wp-json\/wp\/v2\/media?parent=1264"}],"wp:term":[{"taxonomy":"product_brand","embeddable":true,"href":"https:\/\/boreait.com\/hu\/wp-json\/wp\/v2\/product_brand?post=1264"},{"taxonomy":"product_cat","embeddable":true,"href":"https:\/\/boreait.com\/hu\/wp-json\/wp\/v2\/product_cat?post=1264"},{"taxonomy":"product_tag","embeddable":true,"href":"https:\/\/boreait.com\/hu\/wp-json\/wp\/v2\/product_tag?post=1264"}],"curies":[{"name":"wp","href":"https:\/\/api.w.org\/{rel}","templated":true}]}}