{"id":12631,"date":"2025-09-17T13:50:04","date_gmt":"2025-09-17T11:50:04","guid":{"rendered":"https:\/\/boreait.com\/hu\/?post_type=product&#038;p=12631"},"modified":"2025-09-17T13:51:53","modified_gmt":"2025-09-17T11:51:53","slug":"eredeti-dell-latitude-e6420-also-fem-burkolat-ajto-025v3n-am0fd000600-laptop-alkatreszek","status":"publish","type":"product","link":"https:\/\/boreait.com\/hu\/termek\/eredeti-dell-latitude-e6420-also-fem-burkolat-ajto-025v3n-am0fd000600-laptop-alkatreszek\/","title":{"rendered":"Eredeti Dell Latitude E6420 als\u00f3 f\u00e9m burkolat ajt\u00f3 025V3N AM0FD000600 laptop alkatr\u00e9szek"},"content":{"rendered":"<p data-start=\"536\" data-end=\"758\">Ez egy <strong data-start=\"547\" data-end=\"603\">eredeti Dell Latitude E6420 als\u00f3 f\u00e9m burkolat\u00fa ajt\u00f3<\/strong>, cikksz\u00e1m: <strong data-start=\"617\" data-end=\"641\">025V3N \/ AM0FD<\/strong>600<\/strong>. Ez egy eredeti Dell alkatr\u00e9sz, amelyet \u00fagy terveztek, hogy t\u00f6k\u00e9letesen illeszkedjen, \u00e9s visszaadja laptopja eredeti megjelen\u00e9s\u00e9t \u00e9s tart\u00f3ss\u00e1g\u00e1t.<\/p>\n<p data-start=\"760\" data-end=\"1004\">Ez az er\u0151s f\u00e9mb\u0151l k\u00e9sz\u00fclt als\u00f3 burkolat v\u00e9di a Dell Latitude E6420 bels\u0151 alkatr\u00e9szeit, biztos\u00edtva a biztons\u00e1got \u00e9s a stabilit\u00e1st. Kiv\u00e1l\u00f3 cserelehet\u0151s\u00e9g, ha a jelenlegi als\u00f3 panel t\u00f6r\u00f6tt, karcos vagy hi\u00e1nyzik.<\/p>\n<p data-start=\"1006\" data-end=\"1028\"><strong data-start=\"1006\" data-end=\"1026\">Term\u00e9k r\u00e9szletei:<\/strong><\/p>\n<ul data-start=\"1029\" data-end=\"1258\">\n<li data-start=\"1029\" data-end=\"1074\">\n<p data-start=\"1031\" data-end=\"1074\"><strong data-start=\"1031\" data-end=\"1052\">Kompatibilis modell:<\/strong> Dell Latitude E6420<\/p>\n<\/li>\n<li data-start=\"1075\" data-end=\"1116\">\n<p data-start=\"1077\" data-end=\"1116\"><strong data-start=\"1077\" data-end=\"1094\">Alkatr\u00e9szsz\u00e1mok:<\/strong> 025V3N, AM0FD000600<\/p>\n<\/li>\n<li data-start=\"1117\" data-end=\"1161\">\n<p data-start=\"1119\" data-end=\"1161\"><strong data-start=\"1119\" data-end=\"1132\">Anyag:<\/strong> Tart\u00f3s f\u00e9mszerkezet<\/p>\n<\/li>\n<li data-start=\"1162\" data-end=\"1200\">\n<p data-start=\"1164\" data-end=\"1200\"><strong data-start=\"1164\" data-end=\"1178\">\u00c1llapot:<\/strong> Eredeti \u00e9s tesztelt<\/p>\n<\/li>\n<li data-start=\"1201\" data-end=\"1258\">\n<p data-start=\"1203\" data-end=\"1258\"><strong data-start=\"1203\" data-end=\"1216\">Kateg\u00f3ria:<\/strong> Laptop alkatr\u00e9szek \u2013 als\u00f3 burkolat \/ alapajt\u00f3<\/p>\n<\/li>\n<\/ul>\n<p data-start=\"1260\" data-end=\"1453\">\u2714 Val\u00f3di fot\u00f3k l\u00e1that\u00f3k \u2013 a k\u00e9pen l\u00e1that\u00f3 pontos r\u00e9szt kapod meg.<br data-start=\"1323\" data-end=\"1326\" \/>\u2714 \u00c1ruh\u00e1zunkb\u00f3l a vil\u00e1g minden pontj\u00e1ra kisz\u00e1ll\u00edt\u00e1s \u00e9rhet\u0151 el.<br data-start=\"1372\" data-end=\"1453\">\u2714 Ha tov\u00e1bbi seg\u00edts\u00e9gre van sz\u00fcks\u00e9ged az alkatr\u00e9sz beazonos\u00edt\u00e1s\u00e1hoz, \/> \u2714 ingyenes \u00fczenet minket.<\/p>\n<p data-start=\"1455\" data-end=\"1586\"><strong data-start=\"1455\" data-end=\"1464\">Megjegyz\u00e9s:<\/strong> A telep\u00edt\u00e9si utas\u00edt\u00e1sokat nem tartalmazza. Ha seg\u00edts\u00e9gre van sz\u00fcks\u00e9ge, forduljon hozz\u00e1nk, \u00e9s mi sz\u00edvesen seg\u00edt\u00fcnk az \u00fatmutat\u00e1sban.<\/p>\n","protected":false},"excerpt":{"rendered":"<p>Tartsa Dell Latitude E6420 k\u00e9sz\u00fcl\u00e9k\u00e9t v\u00e9dve \u00e9s kompletten ezzel az eredeti als\u00f3 f\u00e9m burkolattal (cikksz\u00e1m: 025V3N \/ AM0FD000600). 100%-ban eredeti \u00e9s tesztelt, ide\u00e1lis csere a s\u00e9r\u00fclt vagy hi\u00e1nyz\u00f3 laptop alkatr\u00e9szekhez.<\/p>\n","protected":false},"featured_media":12691,"template":"","meta":[],"product_brand":[],"product_cat":[16],"product_tag":[17],"class_list":{"0":"post-12631","1":"product","2":"type-product","3":"status-publish","4":"has-post-thumbnail","6":"product_cat-laptop-housing","7":"product_tag-dell","9":"first","10":"instock","11":"taxable","12":"shipping-taxable","13":"purchasable","14":"product-type-simple"},"_links":{"self":[{"href":"https:\/\/boreait.com\/hu\/wp-json\/wp\/v2\/product\/12631","targetHints":{"allow":["GET"]}}],"collection":[{"href":"https:\/\/boreait.com\/hu\/wp-json\/wp\/v2\/product"}],"about":[{"href":"https:\/\/boreait.com\/hu\/wp-json\/wp\/v2\/types\/product"}],"wp:featuredmedia":[{"embeddable":true,"href":"https:\/\/boreait.com\/hu\/wp-json\/wp\/v2\/media\/12691"}],"wp:attachment":[{"href":"https:\/\/boreait.com\/hu\/wp-json\/wp\/v2\/media?parent=12631"}],"wp:term":[{"taxonomy":"product_brand","embeddable":true,"href":"https:\/\/boreait.com\/hu\/wp-json\/wp\/v2\/product_brand?post=12631"},{"taxonomy":"product_cat","embeddable":true,"href":"https:\/\/boreait.com\/hu\/wp-json\/wp\/v2\/product_cat?post=12631"},{"taxonomy":"product_tag","embeddable":true,"href":"https:\/\/boreait.com\/hu\/wp-json\/wp\/v2\/product_tag?post=12631"}],"curies":[{"name":"wp","href":"https:\/\/api.w.org\/{rel}","templated":true}]}}