{"id":12630,"date":"2025-09-17T13:50:03","date_gmt":"2025-09-17T11:50:03","guid":{"rendered":"https:\/\/boreait.com\/hu\/?post_type=product&#038;p=12630"},"modified":"2025-09-17T13:51:49","modified_gmt":"2025-09-17T11:51:49","slug":"dell-latitude-e6420-led-kartya-gm8g1-0gm8g1-ls-6595p-kabellel-laptop-alkatreszek","status":"publish","type":"product","link":"https:\/\/boreait.com\/hu\/termek\/dell-latitude-e6420-led-kartya-gm8g1-0gm8g1-ls-6595p-kabellel-laptop-alkatreszek\/","title":{"rendered":"Dell Latitude E6420 LED k\u00e1rtya GM8G1 0GM8G1 LS-6595P k\u00e1bellel, laptop alkatr\u00e9szek"},"content":{"rendered":"<p data-start=\"688\" data-end=\"955\">Friss\u00edtse vagy jav\u00edtsa meg Dell Latitude E6420 k\u00e9sz\u00fcl\u00e9k\u00e9t ezzel az <strong data-start=\"741\" data-end=\"774\">eredeti LED-k\u00e1rty\u00e1val, k\u00e1bellel<\/strong>, a cikksz\u00e1mok <strong data-start=\"789\" data-end=\"820\">GM8G1, 6, 5 \u00e9s GM8G1, 6, 5> Ez egy eredeti Dell cserealkatr\u00e9sz, amely ide\u00e1lis a laptop funkcionalit\u00e1s\u00e1nak helyre\u00e1ll\u00edt\u00e1s\u00e1hoz, ha a megl\u00e9v\u0151 LED-k\u00e1rtya meghib\u00e1sodik.<\/p>\n<p data-start=\"957\" data-end=\"1178\">Ak\u00e1r nem m\u0171k\u00f6d\u0151 LED-jelz\u0151vel, ak\u00e1r csatlakoz\u00e1si probl\u00e9m\u00e1kkal k\u00fczd, ez a r\u00e9sz megb\u00edzhat\u00f3 megold\u00e1st k\u00edn\u00e1l. Min\u0151s\u00e9gbiztos\u00edt\u00e1sunk r\u00e9szek\u00e9nt minden egys\u00e9get gondosan tesztelt\u00fcnk a megfelel\u0151 teljes\u00edtm\u00e9ny biztos\u00edt\u00e1sa \u00e9rdek\u00e9ben.<\/p>\n<p data-start=\"1180\" data-end=\"1197\"><strong data-start=\"1180\" data-end=\"1197\">F\u0151bb jellemz\u0151k:<\/strong><\/p>\n<ul data-start=\"1198\" data-end=\"1533\">\n<li data-start=\"1198\" data-end=\"1241\">\n<p data-start=\"1200\" data-end=\"1241\">Kompatibilis a <strong data-start=\"1216\" data-end=\"1239\">Dell Latitude E6420<\/strong><\/p>\n<\/li>\n<li data-start=\"1242\" data-end=\"1302\">\n<p data-start=\"1244\" data-end=\"1302\">Eredeti Dell cikksz\u00e1mok: <strong data-start=\"1271\" data-end=\"1300\">GM8G1 \/ 0GM8G1 \/ LS-6595P<\/strong><\/p>\n<\/li>\n<li data-start=\"1303\" data-end=\"1362\">\n<p data-start=\"1305\" data-end=\"1362\">Tartalmazza a <strong data-start=\"1314\" data-end=\"1338\">LED k\u00e1rty\u00e1t k\u00e1bellel<\/strong> a teljes telep\u00edt\u00e9shez<\/p>\n<\/li>\n<li data-start=\"1363\" data-end=\"1399\">\n<p data-start=\"1365\" data-end=\"1399\">100%-ban tesztelt \u00e9s teljesen m\u0171k\u00f6d\u0151k\u00e9pes<\/p>\n<\/li>\n<li data-start=\"1400\" data-end=\"1470\">\n<p data-start=\"1402\" data-end=\"1470\">Csere <strong data-start=\"1424\" data-end=\"1439\">laptop alkatr\u00e9szk\u00e9nt<\/strong> elad\u00f3 hib\u00e1s vagy s\u00e9r\u00fclt k\u00e1rty\u00e1khoz<\/p>\n<\/li>\n<li data-start=\"1471\" data-end=\"1533\">\n<p data-start=\"1473\" data-end=\"1533\">Val\u00f3di fot\u00f3k biztos\u00edtottak \u2013 amit l\u00e1tsz, azt kapod<\/p>\n<\/li>\n<\/ul>\n<p data-start=\"1535\" data-end=\"1698\"><strong data-start=\"1535\" data-end=\"1551\">K\u00e9rj\u00fck, vegye figyelembe:<\/strong> a telep\u00edt\u00e9si utas\u00edt\u00e1sokat nem tartalmazza, de ha seg\u00edts\u00e9gre van sz\u00fcks\u00e9ge a kompatibilit\u00e1s azonos\u00edt\u00e1s\u00e1hoz vagy telep\u00edt\u00e9si \u00fatmutat\u00e1sra, \u00edrjon nek\u00fcnk \u00fczenetet.<\/p>\n<p data-start=\"1700\" data-end=\"1854\">Ez a term\u00e9k a <strong data-start=\"1742\" data-end=\"1758\">laptopalkatr\u00e9szeink<\/strong> sz\u00e9les v\u00e1laszt\u00e9k\u00e1nak r\u00e9sze, amely seg\u00edt a rendszere z\u00f6kken\u0151mentes m\u0171k\u00f6d\u00e9s\u00e9ben, k\u00f6lts\u00e9ges teljes cser\u00e9k n\u00e9lk\u00fcl.<\/p>\n","protected":false},"excerpt":{"rendered":"<p>Eredeti Dell Latitude E6420 LED k\u00e1rtya k\u00e1bellel (GM8G1 \/ 0GM8G1 \/ LS-6595P). Tesztelt, teljesen m\u0171k\u00f6d\u0151k\u00e9pes, \u00e9s k\u00e9szen \u00e1ll a hib\u00e1s alkatr\u00e9sz cser\u00e9j\u00e9re. Val\u00f3di fot\u00f3k a t\u00e9telr\u0151l.<\/p>\n","protected":false},"featured_media":12690,"template":"","meta":[],"product_brand":[],"product_cat":[27],"product_tag":[17],"class_list":{"0":"post-12630","1":"product","2":"type-product","3":"status-publish","4":"has-post-thumbnail","6":"product_cat-motherboards-board-parts","7":"product_tag-dell","9":"first","10":"instock","11":"taxable","12":"shipping-taxable","13":"purchasable","14":"product-type-simple"},"_links":{"self":[{"href":"https:\/\/boreait.com\/hu\/wp-json\/wp\/v2\/product\/12630","targetHints":{"allow":["GET"]}}],"collection":[{"href":"https:\/\/boreait.com\/hu\/wp-json\/wp\/v2\/product"}],"about":[{"href":"https:\/\/boreait.com\/hu\/wp-json\/wp\/v2\/types\/product"}],"wp:featuredmedia":[{"embeddable":true,"href":"https:\/\/boreait.com\/hu\/wp-json\/wp\/v2\/media\/12690"}],"wp:attachment":[{"href":"https:\/\/boreait.com\/hu\/wp-json\/wp\/v2\/media?parent=12630"}],"wp:term":[{"taxonomy":"product_brand","embeddable":true,"href":"https:\/\/boreait.com\/hu\/wp-json\/wp\/v2\/product_brand?post=12630"},{"taxonomy":"product_cat","embeddable":true,"href":"https:\/\/boreait.com\/hu\/wp-json\/wp\/v2\/product_cat?post=12630"},{"taxonomy":"product_tag","embeddable":true,"href":"https:\/\/boreait.com\/hu\/wp-json\/wp\/v2\/product_tag?post=12630"}],"curies":[{"name":"wp","href":"https:\/\/api.w.org\/{rel}","templated":true}]}}