{"id":1263,"date":"2025-09-17T09:57:36","date_gmt":"2025-09-17T07:57:36","guid":{"rendered":"https:\/\/boreait.com\/hu\/?post_type=product&#038;p=1263"},"modified":"2026-01-09T10:29:09","modified_gmt":"2026-01-09T09:29:09","slug":"intel-62205anhmw-631954-001-hp-probook-6570b6470belitebook-2760p-84-wi-fi-kartya","status":"publish","type":"product","link":"https:\/\/boreait.com\/hu\/termek\/intel-62205anhmw-631954-001-hp-probook-6570b6470belitebook-2760p-84-wi-fi-kartya\/","title":{"rendered":"Intel 62205ANHMW-631954-001 HP Probook 6570b,6470b,Elitebook 2760p.84 Wi-Fi k\u00e1rtya"},"content":{"rendered":"<p>Az Intel 62205ANHMW-631954-001 egy eredeti Wi-Fi k\u00e1rtya, amelyet \u00fagy terveztek, hogy kiv\u00e9teles vezet\u00e9k n\u00e9lk\u00fcli teljes\u00edtm\u00e9nyt ny\u00fajtson bizonyos HP laptopmodellekhez, bele\u00e9rtve a Probook 6570b, 6470b \u00e9s Elitebook 2760p modelleket. Ez a k\u00e1rtya ide\u00e1lis megold\u00e1s a gyorsabb \u00e9s stabilabb internetkapcsolatot keres\u0151 felhaszn\u00e1l\u00f3k sz\u00e1m\u00e1ra.<\/p>\n<p>A 2,4 GHz-es s\u00e1von m\u0171k\u00f6d\u0151 Intel 62205ANHMW-631954-001 megb\u00edzhat\u00f3 \u00e9s konzisztens Wi-Fi-kapcsolatot biztos\u00edt, lehet\u0151v\u00e9 t\u00e9ve a felhaszn\u00e1l\u00f3k sz\u00e1m\u00e1ra a webb\u00f6ng\u00e9sz\u00e9st, a vide\u00f3k streamel\u00e9s\u00e9t \u00e9s az online feladatok egyszer\u0171 elv\u00e9gz\u00e9s\u00e9t. A k\u00e1rtya fejlett technol\u00f3gi\u00e1ja seg\u00edt cs\u00f6kkenteni a jelinterferenci\u00e1t, \u00e9s z\u00f6kken\u0151mentes internet\u00e9lm\u00e9nyt biztos\u00edt.<\/p>\n<p>Az Intel 62205ANHMW-631954-001 t\u00e1mogatja az IEEE 802.11a\/b\/g\/n szabv\u00e1nyokat, \u00edgy kompatibilis a k\u00fcl\u00f6nb\u00f6z\u0151 Wi-Fi h\u00e1l\u00f3zatokkal \u00e9s \u00fatv\u00e1laszt\u00f3kkal. A felhaszn\u00e1l\u00f3k \u00e9lvezhetik a rugalmas csatlakoz\u00e1st a r\u00e9gebbi \u00e9s modern Wi-Fi h\u00e1l\u00f3zatokhoz egyar\u00e1nt.<\/p>\n<p>A Multiple-Input Multiple-Output (MIMO) technol\u00f3gi\u00e1val rendelkez\u0151 Wi-Fi-k\u00e1rtya optimaliz\u00e1lja az adat\u00e1tvitelt \u00e9s -v\u00e9telt, n\u00f6velve az \u00e1ltal\u00e1nos vezet\u00e9k n\u00e9lk\u00fcli teljes\u00edtm\u00e9nyt \u00e9s hat\u00f3t\u00e1vols\u00e1got. Ez a technol\u00f3gia lehet\u0151v\u00e9 teszi t\u00f6bb adatfolyam egyidej\u0171 tov\u00e1bb\u00edt\u00e1s\u00e1t, ami gyorsabb let\u00f6lt\u00e9si \u00e9s felt\u00f6lt\u00e9si sebess\u00e9get eredm\u00e9nyez.<\/p>\n<p>A biztons\u00e1g a vezet\u00e9k n\u00e9lk\u00fcli kapcsolat kulcsfontoss\u00e1g\u00fa eleme, \u00e9s az Intel 62205ANHMW-631954-001 k\u00fcl\u00f6nf\u00e9le biztons\u00e1gi protokollokon, k\u00f6zt\u00fck a WEP, WPA \u00e9s WPA2 r\u00e9v\u00e9n biztos\u00edtja az adatv\u00e9delmet. A felhaszn\u00e1l\u00f3k biztons\u00e1gos h\u00e1l\u00f3zatokhoz csatlakozhatnak, \u00e9s magabiztosan v\u00e9gezhetnek online tev\u00e9kenys\u00e9geket.<\/p>\n<p>Az Intel 62205ANHMW-631954-001 telep\u00edt\u00e9se egyszer\u0171, \u00e9s a k\u00e1rty\u00e1t be kell helyezni a HP Probook 6570b, 6470b vagy Elitebook 2760p laptopok kompatibilis ny\u00edl\u00e1s\u00e1ba. Javasoljuk, hogy szakemberrel konzult\u00e1ljon a megfelel\u0151 telep\u00edt\u00e9s \u00e9rdek\u00e9ben az optim\u00e1lis teljes\u00edtm\u00e9ny \u00e9rdek\u00e9ben.<\/p>\n<p>Eredeti Intel term\u00e9kk\u00e9nt a 62205ANHMW-631954-001 megfelel a szigor\u00fa min\u0151s\u00e9gi el\u0151\u00edr\u00e1soknak, \u00e9s megb\u00edzhat\u00f3 \u00e9s \u00e1lland\u00f3 vezet\u00e9k n\u00e9lk\u00fcli kapcsolatot biztos\u00edt. Az Intel a cs\u00facskateg\u00f3ri\u00e1s alkatr\u00e9szek gy\u00e1rt\u00e1sa ir\u00e1nti elk\u00f6telezetts\u00e9g\u00e9r\u0151l h\u00edres, \u00edgy ez a Wi-Fi k\u00e1rtya megb\u00edzhat\u00f3 v\u00e1laszt\u00e1s a HP laptop-felhaszn\u00e1l\u00f3k sz\u00e1m\u00e1ra.<\/p>\n<p>\u00d6sszefoglalva, az Intel 62205ANHMW-631954-001 Wi-Fi k\u00e1rtya egy nagy teljes\u00edtm\u00e9ny\u0171 megold\u00e1s, amelyet HP Probook 6570b, 6470b \u00e9s Elitebook 2760p laptopokhoz terveztek. Fejlett technol\u00f3gi\u00e1j\u00e1val, kompatibilit\u00e1s\u00e1val \u00e9s biztons\u00e1gi funkci\u00f3ival gyors \u00e9s megb\u00edzhat\u00f3 vezet\u00e9k n\u00e9lk\u00fcli kapcsolatot k\u00edn\u00e1l k\u00fcl\u00f6nf\u00e9le online tev\u00e9kenys\u00e9gekhez. Friss\u00edtse HP laptopj\u00e1t ezzel az eredeti Intel Wi-Fi k\u00e1rty\u00e1val, \u00e9s \u00e9lvezze a z\u00f6kken\u0151mentes internetes \u00e9lm\u00e9nyt.<\/p>\n","protected":false},"excerpt":{"rendered":"<p>Az Intel 62205ANHMW-631954-001 egy Wi-Fi k\u00e1rtya, amely nagy sebess\u00e9g\u0171 \u00e9s megb\u00edzhat\u00f3 vezet\u00e9k n\u00e9lk\u00fcli kapcsolatot biztos\u00edt a HP Probook 6570b, 6470b \u00e9s Elitebook 2760p laptopokhoz. Fejlett technol\u00f3gi\u00e1j\u00e1val \u00e9s kompatibilit\u00e1s\u00e1val ez a k\u00e1rtya z\u00f6kken\u0151mentes internet-hozz\u00e1f\u00e9r\u00e9st tesz lehet\u0151v\u00e9, \u00e9s fokozza az online \u00e9lm\u00e9nyt.<\/p>\n","protected":false},"featured_media":1328,"template":"","meta":[],"product_brand":[],"product_cat":[27],"product_tag":[25],"class_list":{"0":"post-1263","1":"product","2":"type-product","3":"status-publish","4":"has-post-thumbnail","6":"product_cat-motherboards-board-parts","7":"product_tag-hp","9":"first","10":"instock","11":"taxable","12":"shipping-taxable","13":"purchasable","14":"product-type-simple"},"_links":{"self":[{"href":"https:\/\/boreait.com\/hu\/wp-json\/wp\/v2\/product\/1263","targetHints":{"allow":["GET"]}}],"collection":[{"href":"https:\/\/boreait.com\/hu\/wp-json\/wp\/v2\/product"}],"about":[{"href":"https:\/\/boreait.com\/hu\/wp-json\/wp\/v2\/types\/product"}],"wp:featuredmedia":[{"embeddable":true,"href":"https:\/\/boreait.com\/hu\/wp-json\/wp\/v2\/media\/1328"}],"wp:attachment":[{"href":"https:\/\/boreait.com\/hu\/wp-json\/wp\/v2\/media?parent=1263"}],"wp:term":[{"taxonomy":"product_brand","embeddable":true,"href":"https:\/\/boreait.com\/hu\/wp-json\/wp\/v2\/product_brand?post=1263"},{"taxonomy":"product_cat","embeddable":true,"href":"https:\/\/boreait.com\/hu\/wp-json\/wp\/v2\/product_cat?post=1263"},{"taxonomy":"product_tag","embeddable":true,"href":"https:\/\/boreait.com\/hu\/wp-json\/wp\/v2\/product_tag?post=1263"}],"curies":[{"name":"wp","href":"https:\/\/api.w.org\/{rel}","templated":true}]}}