{"id":12618,"date":"2025-09-17T13:49:35","date_gmt":"2025-09-17T11:49:35","guid":{"rendered":"https:\/\/boreait.com\/hu\/?post_type=product&#038;p=12618"},"modified":"2025-09-17T13:51:36","modified_gmt":"2025-09-17T11:51:36","slug":"dell-ericsson-dw5550-vezetek-nelkuli-3g-wcdma-mini-pcie-laptop-wifi-kartya-2xgnj","status":"publish","type":"product","link":"https:\/\/boreait.com\/hu\/termek\/dell-ericsson-dw5550-vezetek-nelkuli-3g-wcdma-mini-pcie-laptop-wifi-kartya-2xgnj\/","title":{"rendered":"Dell Ericsson DW5550 vezet\u00e9k n\u00e9lk\u00fcli 3G WCDMA Mini PCIe laptop WiFi k\u00e1rtya 2XGNJ"},"content":{"rendered":"<p data-start=\"444\" data-end=\"764\">Friss\u00edtse vagy cser\u00e9lje le laptopja vezet\u00e9k n\u00e9lk\u00fcli kapcsolat\u00e1t a <strong data-start=\"508\" data-end=\"573\">Dell Ericsson DW5550 (2XGNJ) vezet\u00e9k n\u00e9lk\u00fcli 3G WCDMA Mini-PCIe k\u00e1rty\u00e1ra<\/strong>.<br \/>Ez a laptop\/574 r\u00e9sze a gen._start=&#8221;574&#8243; data-end=&#8221;574&#8243; data->. stabil mobil sz\u00e9less\u00e1v\u00fa \u00e9s WiFi-teljes\u00edtm\u00e9nyt biztos\u00edt, \u00edgy megb\u00edzhat\u00f3 lehet\u0151s\u00e9g a kompatibilis Dell laptopok h\u00e1l\u00f3zati funkci\u00f3inak helyre\u00e1ll\u00edt\u00e1s\u00e1ra.<\/p>\n<p data-start=\"766\" data-end=\"785\"><strong data-start=\"766\" data-end=\"783\">F\u0151bb jellemz\u0151k:<\/strong><\/p>\n<ul data-start=\"786\" data-end=\"1016\">\n<li data-start=\"786\" data-end=\"816\">\n<p data-start=\"788\" data-end=\"816\">Modell: <strong data-start=\"795\" data-end=\"814\">Ericsson DW5550<\/strong><\/p>\n<\/li>\n<li data-start=\"817\" data-end=\"848\">\n<p data-start=\"819\" data-end=\"848\">Dell cikksz\u00e1m: <strong data-start=\"837\" data-end=\"846\">2XGNJ<\/strong><\/p>\n<\/li>\n<li data-start=\"849\" data-end=\"895\">\n<p data-start=\"851\" data-end=\"895\">T\u00edpus: <strong data-start=\"857\" data-end=\"893\">Mini-PCIe vezet\u00e9k n\u00e9lk\u00fcli 3G WCDMA k\u00e1rtya<\/strong><\/p>\n<\/li>\n<li data-start=\"896\" data-end=\"961\">\n<p data-start=\"898\" data-end=\"961\">Funkci\u00f3: T\u00e1mogatja a <strong data-start=\"917\" data-end=\"959\">mobil sz\u00e9less\u00e1v\u00fa \u00e9s WiFi-kapcsolatot<\/strong><\/p>\n<\/li>\n<li data-start=\"962\" data-end=\"1016\">\n<p data-start=\"964\" data-end=\"1016\">Ide\u00e1lis <strong data-start=\"974\" data-end=\"1002\">laptop alkatr\u00e9szek cser\u00e9j\u00e9hez<\/strong> vagy friss\u00edt\u00e9sekhez<\/p>\n<\/li>\n<\/ul>\n<p data-start=\"1018\" data-end=\"1052\"><strong data-start=\"1018\" data-end=\"1050\">Mi\u00e9rt v\u00e1lassza ezt a laptopr\u00e9szt?<\/strong><\/p>\n<ul data-start=\"1053\" data-end=\"1335\">\n<li data-start=\"1053\" data-end=\"1122\">\n<p data-start=\"1055\" data-end=\"1122\">Eredeti Dell Ericsson \u00f6sszetev\u0151 a kompatibilit\u00e1s \u00e9s a megb\u00edzhat\u00f3s\u00e1g \u00e9rdek\u00e9ben<\/p>\n<\/li>\n<li data-start=\"1123\" data-end=\"1192\">\n<p data-start=\"1125\" data-end=\"1192\">T\u00f6k\u00e9letes csatlakoz\u00e1si probl\u00e9m\u00e1k megold\u00e1s\u00e1ra vagy r\u00e9gebbi rendszerek friss\u00edt\u00e9s\u00e9re<\/p>\n<\/li>\n<li data-start=\"1193\" data-end=\"1262\">\n<p data-start=\"1195\" data-end=\"1262\">Kompakt Mini-PCIe, k\u00f6nnyen beilleszthet\u0151 t\u00e1mogatott laptopokba<\/p>\n<\/li>\n<li data-start=\"1263\" data-end=\"1335\">\n<p data-start=\"1265\" data-end=\"1335\">Az adatlapon szerepl\u0151 fot\u00f3k val\u00f3diak \u2013 pontosan azt fogod kapni, amit l\u00e1tsz<\/p>\n<\/li>\n<\/ul>\n<p data-start=\"1337\" data-end=\"1512\">Ha tov\u00e1bbi seg\u00edts\u00e9gre van sz\u00fcks\u00e9ge a kompatibilit\u00e1s azonos\u00edt\u00e1s\u00e1hoz, nyugodtan \u00edrjon nek\u00fcnk. B\u00e1r a telep\u00edt\u00e9si \u00fatmutat\u00f3t nem tartalmazza, mindig sz\u00edvesen seg\u00edt\u00fcnk a term\u00e9kkel kapcsolatos k\u00e9rd\u00e9sekben.<\/p>\n","protected":false},"excerpt":{"rendered":"<p>Dell Ericsson DW5550 (2XGNJ) Mini-PCIe vezet\u00e9k n\u00e9lk\u00fcli 3G WCDMA k\u00e1rtya, ide\u00e1lis laptop alkatr\u00e9sz a mobilkapcsolat helyre\u00e1ll\u00edt\u00e1s\u00e1hoz vagy friss\u00edt\u00e9s\u00e9hez.<\/p>\n","protected":false},"featured_media":12680,"template":"","meta":[],"product_brand":[],"product_cat":[27],"product_tag":[17],"class_list":{"0":"post-12618","1":"product","2":"type-product","3":"status-publish","4":"has-post-thumbnail","6":"product_cat-motherboards-board-parts","7":"product_tag-dell","9":"first","10":"instock","11":"taxable","12":"shipping-taxable","13":"purchasable","14":"product-type-simple"},"_links":{"self":[{"href":"https:\/\/boreait.com\/hu\/wp-json\/wp\/v2\/product\/12618","targetHints":{"allow":["GET"]}}],"collection":[{"href":"https:\/\/boreait.com\/hu\/wp-json\/wp\/v2\/product"}],"about":[{"href":"https:\/\/boreait.com\/hu\/wp-json\/wp\/v2\/types\/product"}],"wp:featuredmedia":[{"embeddable":true,"href":"https:\/\/boreait.com\/hu\/wp-json\/wp\/v2\/media\/12680"}],"wp:attachment":[{"href":"https:\/\/boreait.com\/hu\/wp-json\/wp\/v2\/media?parent=12618"}],"wp:term":[{"taxonomy":"product_brand","embeddable":true,"href":"https:\/\/boreait.com\/hu\/wp-json\/wp\/v2\/product_brand?post=12618"},{"taxonomy":"product_cat","embeddable":true,"href":"https:\/\/boreait.com\/hu\/wp-json\/wp\/v2\/product_cat?post=12618"},{"taxonomy":"product_tag","embeddable":true,"href":"https:\/\/boreait.com\/hu\/wp-json\/wp\/v2\/product_tag?post=12618"}],"curies":[{"name":"wp","href":"https:\/\/api.w.org\/{rel}","templated":true}]}}