{"id":12617,"date":"2025-09-17T13:49:35","date_gmt":"2025-09-17T11:49:35","guid":{"rendered":"https:\/\/boreait.com\/hu\/?post_type=product&#038;p=12617"},"modified":"2025-09-17T13:51:34","modified_gmt":"2025-09-17T11:51:34","slug":"intel-centrino-advanced-n-6205-vezetek-nelkuli-wifi-kartya-62205anhmw-pcie-laptop-alkatreszek","status":"publish","type":"product","link":"https:\/\/boreait.com\/hu\/termek\/intel-centrino-advanced-n-6205-vezetek-nelkuli-wifi-kartya-62205anhmw-pcie-laptop-alkatreszek\/","title":{"rendered":"Intel Centrino Advanced-N 6205 vezet\u00e9k n\u00e9lk\u00fcli WiFi k\u00e1rtya 62205ANHMW PCIe laptop alkatr\u00e9szek"},"content":{"rendered":"<p data-start=\"542\" data-end=\"842\">Friss\u00edtse vagy \u00e1ll\u00edtsa vissza laptopja vezet\u00e9k n\u00e9lk\u00fcli teljes\u00edtm\u00e9ny\u00e9t az <strong data-start=\"605\" data-end=\"684\">Intel Centrino Advanced-N 6205 vezet\u00e9k n\u00e9lk\u00fcli PCI Express k\u00e1rty\u00e1val (62205ANHMW modell)<\/strong>.<br \/>This data=&#8221;6-8&#8243;end=&#8221;end=&#8221;6-8 data&#8221;-8 data Az eredeti Intel modul <strong data-start=\"723\" data-end=\"769\">gyors, stabil \u00e9s biztons\u00e1gos WiFi-kapcsolatot<\/strong> biztos\u00edt, \u00edgy megb\u00edzhat\u00f3an helyettes\u00edtheti a hib\u00e1s vagy hi\u00e1nyz\u00f3 vezet\u00e9k n\u00e9lk\u00fcli k\u00e1rty\u00e1kat.<\/p>\n<p data-start=\"844\" data-end=\"863\"><strong data-start=\"844\" data-end=\"861\">F\u0151bb jellemz\u0151k:<\/strong><\/p>\n<ul data-start=\"864\" data-end=\"1206\">\n<li data-start=\"864\" data-end=\"922\">\n<p data-start=\"866\" data-end=\"922\"><strong data-start=\"866\" data-end=\"876\">Modell:<\/strong> Intel Centrino Advanced-N 6205 (62205ANHMW)<\/p>\n<\/li>\n<li data-start=\"923\" data-end=\"973\">\n<p data-start=\"925\" data-end=\"973\"><strong data-start=\"925\" data-end=\"939\">Interf\u00e9sz:<\/strong> F\u00e9lm\u00e9ret\u0171 PCI Express Mini k\u00e1rtya<\/p>\n<\/li>\n<li data-start=\"974\" data-end=\"1018\">\n<p data-start=\"976\" data-end=\"1018\"><strong data-start=\"976\" data-end=\"998\">K\u00e9ts\u00e1vos t\u00e1mogat\u00e1s:<\/strong> 2,4 GHz \u00e9s 5 GHz<\/p>\n<\/li>\n<li data-start=\"1019\" data-end=\"1065\">\n<p data-start=\"1021\" data-end=\"1065\"><strong data-start=\"1021\" data-end=\"1038\">Ak\u00e1r:<\/strong> 300 Mbps (802.11a\/b\/g\/n)<\/p>\n<\/li>\n<li data-start=\"1066\" data-end=\"1149\">\n<p data-start=\"1068\" data-end=\"1149\"><strong data-start=\"1068\" data-end=\"1086\">Kompatibilit\u00e1s:<\/strong> Sok PCIe WiFi modult t\u00e1mogat\u00f3 laptopm\u00e1rk\u00e1val m\u0171k\u00f6dik.<\/p>\n<\/li>\n<li data-start=\"1150\" data-end=\"1206\">\n<p data-start=\"1152\" data-end=\"1206\"><strong data-start=\"1152\" data-end=\"1166\">\u00c1llapot:<\/strong> Eredeti haszn\u00e1lt alkatr\u00e9sz, tesztelve \u00e9s m\u0171k\u00f6d\u0151k\u00e9pes<\/p>\n<\/li>\n<\/ul>\n<p data-start=\"1208\" data-end=\"1334\">Ez a vezet\u00e9k n\u00e9lk\u00fcli k\u00e1rtya elengedhetetlen <strong data-start=\"1243\" data-end=\"1258\">laptop alkatr\u00e9sz<\/strong> azoknak a felhaszn\u00e1l\u00f3knak, akik megb\u00edzhat\u00f3 h\u00e1l\u00f3zati teljes\u00edtm\u00e9nyre v\u00e1gynak k\u00fcls\u0151 hardverkulcsok n\u00e9lk\u00fcl.<\/p>\n<p data-start=\"1336\" data-end=\"1363\"><strong data-start=\"1336\" data-end=\"1361\">Mi\u00e9rt v\u00e1lassza ezt a r\u00e9szt?<\/strong><\/p>\n<ul data-start=\"1364\" data-end=\"1539\">\n<li data-start=\"1364\" data-end=\"1437\">\n<p data-start=\"1366\" data-end=\"1437\">Kompakt \u00e9s hat\u00e9kony, PCIe mini k\u00e1rtyany\u00edl\u00e1ssal rendelkez\u0151 laptopokhoz tervezve<\/p>\n<\/li>\n<li data-start=\"1438\" data-end=\"1493\">\n<p data-start=\"1440\" data-end=\"1493\">Windows \u00e9s Linux oper\u00e1ci\u00f3s rendszerekkel kompatibilis<\/p>\n<\/li>\n<li data-start=\"1494\" data-end=\"1539\">\n<p data-start=\"1496\" data-end=\"1539\">K\u00f6nnyen telep\u00edthet\u0151 szakk\u00e9pzett technikus \u00e1ltal<\/p>\n<\/li>\n<\/ul>\n<p data-start=\"1541\" data-end=\"1739\">\ud83d\udd39 K\u00e9rj\u00fck, vegye figyelembe: nem adunk l\u00e9p\u00e9sr\u0151l l\u00e9p\u00e9sre telep\u00edt\u00e9si utas\u00edt\u00e1sokat, de ha tan\u00e1csra van sz\u00fcks\u00e9ge, nyugodtan \u00edrjon nek\u00fcnk.<br data-start=\"1662\" data-end=\"1665\" \/>\ud83d\udd39 Az ezen a list\u00e1n szerepl\u0151 fot\u00f3k a t\u00e9nyleges Intel k\u00e1rty\u00e1r\u00f3l k\u00e9sz\u00fcltek.<\/p>\n","protected":false},"excerpt":{"rendered":"<p>Megb\u00edzhat\u00f3 Intel Centrino Advanced-N 6205 WiFi k\u00e1rtya (62205ANHMW). Kompakt PCIe modul, ide\u00e1lis helyettes\u00edt\u0151 a laptopok vezet\u00e9k n\u00e9lk\u00fcli kapcsolat\u00e1nak helyre\u00e1ll\u00edt\u00e1s\u00e1hoz.<\/p>\n","protected":false},"featured_media":12679,"template":"","meta":[],"product_brand":[],"product_cat":[27],"product_tag":[17],"class_list":{"0":"post-12617","1":"product","2":"type-product","3":"status-publish","4":"has-post-thumbnail","6":"product_cat-motherboards-board-parts","7":"product_tag-dell","9":"first","10":"instock","11":"taxable","12":"shipping-taxable","13":"purchasable","14":"product-type-simple"},"_links":{"self":[{"href":"https:\/\/boreait.com\/hu\/wp-json\/wp\/v2\/product\/12617","targetHints":{"allow":["GET"]}}],"collection":[{"href":"https:\/\/boreait.com\/hu\/wp-json\/wp\/v2\/product"}],"about":[{"href":"https:\/\/boreait.com\/hu\/wp-json\/wp\/v2\/types\/product"}],"wp:featuredmedia":[{"embeddable":true,"href":"https:\/\/boreait.com\/hu\/wp-json\/wp\/v2\/media\/12679"}],"wp:attachment":[{"href":"https:\/\/boreait.com\/hu\/wp-json\/wp\/v2\/media?parent=12617"}],"wp:term":[{"taxonomy":"product_brand","embeddable":true,"href":"https:\/\/boreait.com\/hu\/wp-json\/wp\/v2\/product_brand?post=12617"},{"taxonomy":"product_cat","embeddable":true,"href":"https:\/\/boreait.com\/hu\/wp-json\/wp\/v2\/product_cat?post=12617"},{"taxonomy":"product_tag","embeddable":true,"href":"https:\/\/boreait.com\/hu\/wp-json\/wp\/v2\/product_tag?post=12617"}],"curies":[{"name":"wp","href":"https:\/\/api.w.org\/{rel}","templated":true}]}}