{"id":12616,"date":"2025-09-17T13:49:35","date_gmt":"2025-09-17T11:49:35","guid":{"rendered":"https:\/\/boreait.com\/hu\/?post_type=product&#038;p=12616"},"modified":"2025-09-17T13:51:30","modified_gmt":"2025-09-17T11:51:30","slug":"dell-latitude-e6420-eredeti-modemkartya-cn-0yw011-laptop-alkatreszek","status":"publish","type":"product","link":"https:\/\/boreait.com\/hu\/termek\/dell-latitude-e6420-eredeti-modemkartya-cn-0yw011-laptop-alkatreszek\/","title":{"rendered":"Dell Latitude E6420 eredeti modemk\u00e1rtya CN-0YW011 laptop alkatr\u00e9szek"},"content":{"rendered":"<p data-start=\"550\" data-end=\"777\">Ez egy <strong data-start=\"560\" data-end=\"612\">eredeti Dell Latitude 14&#8243; E6420 modemk\u00e1rtya<\/strong>, cikksz\u00e1mmal <strong data-start=\"630\" data-end=\"643\">megb\u00edzhat\u00f3 CN-0YW011 sorozat\u00fa, kifejezetten a Latitude2 sorozathoz tervezve<\/strong>. \u00e9s biztos\u00edtja az eszk\u00f6z\u00e9vel val\u00f3 kompatibilit\u00e1st.<\/p>\n<ul data-start=\"779\" data-end=\"1028\">\n<li data-start=\"779\" data-end=\"821\">\n<p data-start=\"781\" data-end=\"821\"><strong data-start=\"781\" data-end=\"799\">M\u00e1rka\/modell:<\/strong> Dell Latitude E6420<\/p>\n<\/li>\n<li data-start=\"822\" data-end=\"852\">\n<p data-start=\"824\" data-end=\"852\"><strong data-start=\"824\" data-end=\"840\">Alkatr\u00e9szsz\u00e1m:<\/strong> CN-0YW011<\/p>\n<\/li>\n<li data-start=\"853\" data-end=\"892\">\n<p data-start=\"855\" data-end=\"892\"><strong data-start=\"855\" data-end=\"864\">T\u00edpus:<\/strong> Eredeti modemk\u00e1rtya<\/p>\n<\/li>\n<li data-start=\"893\" data-end=\"965\">\n<p data-start=\"895\" data-end=\"965\"><strong data-start=\"895\" data-end=\"909\">\u00c1llapot:<\/strong> Eredeti laptop alkatr\u00e9sz, tesztelt \u00e9s j\u00f3 \u00e1llapotban<\/p>\n<\/li>\n<li data-start=\"966\" data-end=\"1028\">\n<p data-start=\"968\" data-end=\"1028\"><strong data-start=\"968\" data-end=\"986\">Kompatibilit\u00e1s:<\/strong> Dell Latitude 14&#8243; E6420 modellekhez k\u00e9sz\u00fclt<\/p>\n<\/li>\n<\/ul>\n<p data-start=\"1030\" data-end=\"1234\">A <strong data-start=\"1033\" data-end=\"1047\">Siggmo<\/strong>n\u00e1l kiv\u00e1l\u00f3 min\u0151s\u00e9g\u0171 <strong data-start=\"1079\" data-end=\"1095\">laptop-alkatr\u00e9szekre<\/strong> szakosodunk jav\u00edt\u00e1shoz \u00e9s cser\u00e9hez. A list\u00e1n szerepl\u0151 \u00f6sszes fot\u00f3 a kapott modemk\u00e1rtya val\u00f3di k\u00e9pe \u2013 nincsenek stock k\u00e9pek.<\/p>\n<p data-start=\"1236\" data-end=\"1393\">\ud83d\udccc K\u00e9rj\u00fck, vegye figyelembe: telep\u00edt\u00e9si utas\u00edt\u00e1sokat nem adunk, de ha \u00fatmutat\u00e1sra van sz\u00fcks\u00e9ge, vagy b\u00e1rmilyen k\u00e9rd\u00e9se van a kompatibilit\u00e1sr\u00f3l, b\u00e1rmikor kapcsolatba l\u00e9phet vel\u00fcnk.<\/p>\n<p data-start=\"1395\" data-end=\"1544\">Ez az eredeti Dell modemk\u00e1rtya t\u00f6k\u00e9letes csere, ha megl\u00e9v\u0151 alkatr\u00e9sze hib\u00e1s, \u00edgy a laptop tov\u00e1bbra is megb\u00edzhat\u00f3an m\u0171k\u00f6dik.<\/p>\n","protected":false},"excerpt":{"rendered":"<p>Eredeti Dell Latitude E6420 14&#8243; modem k\u00e1rtyalap (CN-0YW011). 100%-ban eredeti laptop alkatr\u00e9sz, tesztelt \u00e9s m\u0171k\u00f6d\u0151k\u00e9pes. Val\u00f3di term\u00e9kfot\u00f3kat mell\u00e9kelnek.<\/p>\n","protected":false},"featured_media":12678,"template":"","meta":[],"product_brand":[],"product_cat":[27],"product_tag":[17],"class_list":{"0":"post-12616","1":"product","2":"type-product","3":"status-publish","4":"has-post-thumbnail","6":"product_cat-motherboards-board-parts","7":"product_tag-dell","9":"first","10":"instock","11":"taxable","12":"shipping-taxable","13":"purchasable","14":"product-type-simple"},"_links":{"self":[{"href":"https:\/\/boreait.com\/hu\/wp-json\/wp\/v2\/product\/12616","targetHints":{"allow":["GET"]}}],"collection":[{"href":"https:\/\/boreait.com\/hu\/wp-json\/wp\/v2\/product"}],"about":[{"href":"https:\/\/boreait.com\/hu\/wp-json\/wp\/v2\/types\/product"}],"wp:featuredmedia":[{"embeddable":true,"href":"https:\/\/boreait.com\/hu\/wp-json\/wp\/v2\/media\/12678"}],"wp:attachment":[{"href":"https:\/\/boreait.com\/hu\/wp-json\/wp\/v2\/media?parent=12616"}],"wp:term":[{"taxonomy":"product_brand","embeddable":true,"href":"https:\/\/boreait.com\/hu\/wp-json\/wp\/v2\/product_brand?post=12616"},{"taxonomy":"product_cat","embeddable":true,"href":"https:\/\/boreait.com\/hu\/wp-json\/wp\/v2\/product_cat?post=12616"},{"taxonomy":"product_tag","embeddable":true,"href":"https:\/\/boreait.com\/hu\/wp-json\/wp\/v2\/product_tag?post=12616"}],"curies":[{"name":"wp","href":"https:\/\/api.w.org\/{rel}","templated":true}]}}