{"id":12593,"date":"2025-09-17T13:48:47","date_gmt":"2025-09-17T11:48:47","guid":{"rendered":"https:\/\/boreait.com\/hu\/?post_type=product&#038;p=12593"},"modified":"2025-09-17T13:50:50","modified_gmt":"2025-09-17T11:50:50","slug":"dell-latitude-e6420-e6520-erintopad-egerkattinto-gombok-balra-es-jobbra-laptop-alkatreszek","status":"publish","type":"product","link":"https:\/\/boreait.com\/hu\/termek\/dell-latitude-e6420-e6520-erintopad-egerkattinto-gombok-balra-es-jobbra-laptop-alkatreszek\/","title":{"rendered":"Dell Latitude E6420 E6520 \u00e9rint\u0151pad eg\u00e9rkattint\u00f3 gombok balra \u00e9s jobbra | Laptop alkatr\u00e9szek"},"content":{"rendered":"<p data-start=\"489\" data-end=\"692\">Helyezze vissza a Dell Latitude teljes funkcionalit\u00e1s\u00e1t ezekkel az eredeti <strong data-start=\"560\" data-end=\"576\">laptop alkatr\u00e9szekkel<\/strong> \u2013 a <strong data-start=\"583\" data-end=\"627\">als\u00f3 bal \u00e9s jobb eg\u00e9rgombbal, amelyeket a <strong data-start=\"560\" data-end=\"576\">adat-end=&#8221;627&#8243;>als\u00f3 bal \u00e9s jobb eg\u00e9rgombbal a <strong data-start=\"69 De\" Latitude-hoz terveztek.<\/strong> data-end=&#8221;668&#8243;>E6420<\/strong> \u00e9s <strong data-start=\"673\" data-end=\"682\">E6520<\/strong> sorozat.<\/p>\n<p data-start=\"694\" data-end=\"882\">Ezek a gombok ide\u00e1lis helyettes\u00edt\u0151k, ha az \u00e9rint\u0151pad jelenlegi kattint\u00e1sai nem reag\u00e1lnak, kilazulnak vagy s\u00e9r\u00fcltek. Mindegyik alkatr\u00e9szt gondosan tesztelt\u00e9k a megfelel\u0151 teljes\u00edtm\u00e9ny \u00e9s tart\u00f3ss\u00e1g biztos\u00edt\u00e1sa \u00e9rdek\u00e9ben.<\/p>\n<p data-start=\"884\" data-end=\"1146\">\u2714 Kompatibilis modellek: Dell Latitude E6420, Dell Latitude E6520<br data-start=\"945\" data-end=\"948\" \/>\u2714 Tartalmazza: Bal + jobb eg\u00e9rgomb gombok (als\u00f3 \u00e9rint\u0151pad&#8221; data=&#8221;0=&#8221;0=&#8221;1 data-start&#8221;2&#8243;-1=&#8221;0=&#8221;1 \/>\u2714 \u00c1llapot: Teljesen tesztelt \u00e9s m\u0171k\u00f6d\u0151k\u00e9pes, eredeti laptopokb\u00f3l sz\u00e1rmazik<br data-start=\"1086\" data-end=\"1089\" \/>\u2714 A megjelen\u00edtett fot\u00f3k a t\u00e9nylegesen megkapott alkatr\u00e9szekr\u0151l k\u00e9sz\u00fcltek<\/p>\n<p data-start=\"1148\" data-end=\"1168\"><strong data-start=\"1148\" data-end=\"1166\">Mi\u00e9rt v\u00e1lasszon minket?<\/strong><\/p>\n<ul data-start=\"1169\" data-end=\"1316\">\n<li data-start=\"1169\" data-end=\"1210\">\n<p data-start=\"1171\" data-end=\"1210\">Val\u00f3di term\u00e9kfot\u00f3k \u2013 nincsenek stock k\u00e9pek<\/p>\n<\/li>\n<li data-start=\"1211\" data-end=\"1260\">\n<p data-start=\"1213\" data-end=\"1260\">Megb\u00edzhat\u00f3 sz\u00e1ll\u00edt\u00e1s Eur\u00f3pa-szerte \u00e9s vil\u00e1gszerte<\/p>\n<\/li>\n<li data-start=\"1261\" data-end=\"1316\">\n<p data-start=\"1263\" data-end=\"1316\">A laptopok min\u0151s\u00e9ge ellen\u0151rz\u00f6tt a z\u00f6kken\u0151mentes teljes\u00edtm\u00e9ny \u00e9rdek\u00e9ben<\/p>\n<\/li>\n<\/ul>\n<p data-start=\"1318\" data-end=\"1540\">Ha seg\u00edts\u00e9gre van sz\u00fcks\u00e9ge a laptop modellj\u00e9vel val\u00f3 kompatibilit\u00e1s meghat\u00e1roz\u00e1s\u00e1hoz, k\u00fcldj\u00f6n nek\u00fcnk \u00fczenetet. Nem adunk l\u00e9p\u00e9senk\u00e9nti telep\u00edt\u00e9si utas\u00edt\u00e1sokat, de csapatunk sz\u00edvesen elvezeti \u00d6nt a helyes ir\u00e1nyba.<\/p>\n","protected":false},"excerpt":{"rendered":"<p data-start=\"294\" data-end=\"436\">Csere bal \u00e9s jobb eg\u00e9rgombok a Dell Latitude E6420 \u00e9s E6520 laptopokhoz. Eredeti laptop alkatr\u00e9szek, tesztelve \u00e9s telep\u00edt\u00e9sre k\u00e9szen.<\/p>\n","protected":false},"featured_media":12654,"template":"","meta":[],"product_brand":[],"product_cat":[16],"product_tag":[17],"class_list":{"0":"post-12593","1":"product","2":"type-product","3":"status-publish","4":"has-post-thumbnail","6":"product_cat-laptop-housing","7":"product_tag-dell","9":"first","10":"instock","11":"taxable","12":"shipping-taxable","13":"purchasable","14":"product-type-simple"},"_links":{"self":[{"href":"https:\/\/boreait.com\/hu\/wp-json\/wp\/v2\/product\/12593","targetHints":{"allow":["GET"]}}],"collection":[{"href":"https:\/\/boreait.com\/hu\/wp-json\/wp\/v2\/product"}],"about":[{"href":"https:\/\/boreait.com\/hu\/wp-json\/wp\/v2\/types\/product"}],"wp:featuredmedia":[{"embeddable":true,"href":"https:\/\/boreait.com\/hu\/wp-json\/wp\/v2\/media\/12654"}],"wp:attachment":[{"href":"https:\/\/boreait.com\/hu\/wp-json\/wp\/v2\/media?parent=12593"}],"wp:term":[{"taxonomy":"product_brand","embeddable":true,"href":"https:\/\/boreait.com\/hu\/wp-json\/wp\/v2\/product_brand?post=12593"},{"taxonomy":"product_cat","embeddable":true,"href":"https:\/\/boreait.com\/hu\/wp-json\/wp\/v2\/product_cat?post=12593"},{"taxonomy":"product_tag","embeddable":true,"href":"https:\/\/boreait.com\/hu\/wp-json\/wp\/v2\/product_tag?post=12593"}],"curies":[{"name":"wp","href":"https:\/\/api.w.org\/{rel}","templated":true}]}}