{"id":12591,"date":"2025-09-17T13:48:46","date_gmt":"2025-09-17T11:48:46","guid":{"rendered":"https:\/\/boreait.com\/hu\/?post_type=product&#038;p=12591"},"modified":"2025-09-17T13:50:41","modified_gmt":"2025-09-17T11:50:41","slug":"wv0nd-am0fd000800-eredeti-dell-latitude-e6420-hatlap-laptop-alkatreszek","status":"publish","type":"product","link":"https:\/\/boreait.com\/hu\/termek\/wv0nd-am0fd000800-eredeti-dell-latitude-e6420-hatlap-laptop-alkatreszek\/","title":{"rendered":"WV0ND AM0FD000800 Eredeti Dell Latitude E6420 h\u00e1tlap \u2013 Laptop alkatr\u00e9szek"},"content":{"rendered":"<p data-start=\"773\" data-end=\"1003\">Ez egy <strong data-start=\"784\" data-end=\"812\">eredeti Dell h\u00e1tlap<\/strong> a Latitude E6420 k\u00e9sz\u00fcl\u00e9khez, a cikksz\u00e1mok <strong data-start=\"850\" data-end=\"859\">WV0ND<\/strong> \u00e9s <strong6 data-4\"start data-end=\"879\">AM0FD000800<\/strong>. Ez a prec\u00edz illeszked\u00e9sre tervezett h\u00e1tlap gondoskodik arr\u00f3l, hogy laptopja v\u00e9dett maradjon, mik\u00f6zben meg\u0151rzi professzion\u00e1lis megjelen\u00e9s\u00e9t.<\/p>\n<p data-start=\"1005\" data-end=\"1258\">Ak\u00e1r a jelenlegi burkolata megrepedt, karcos vagy egyszer\u0171en elhaszn\u00e1l\u00f3dott, ez az <strong data-start=\"1080\" data-end=\"1108\">eredeti Dell laptop alkatr\u00e9sz<\/strong> a megb\u00edzhat\u00f3 csere, amire sz\u00fcks\u00e9ge van. Tart\u00f3s anyagokb\u00f3l k\u00e9sz\u00fclt, \u00edgy seg\u00edt vissza\u00e1ll\u00edtani a laptop megjelen\u00e9s\u00e9t, \u00e9s hosszan tart\u00f3 teljes\u00edtm\u00e9nyt biztos\u00edt.<\/p>\n<p data-start=\"1260\" data-end=\"1279\"><strong data-start=\"1260\" data-end=\"1277\">F\u0151bb jellemz\u0151k:<\/strong><\/p>\n<ul data-start=\"1280\" data-end=\"1489\">\n<li data-start=\"1280\" data-end=\"1325\">\n<p data-start=\"1282\" data-end=\"1325\">Kompatibilis modell: <strong data-start=\"1300\" data-end=\"1323\">Dell Latitude E6420<\/strong><\/p>\n<\/li>\n<li data-start=\"1326\" data-end=\"1367\">\n<p data-start=\"1328\" data-end=\"1367\">Alkatr\u00e9szsz\u00e1mok: <strong data-start=\"1342\" data-end=\"1365\">WV0ND \/ AM0FD000800<\/strong><\/p>\n<\/li>\n<li data-start=\"1368\" data-end=\"1414\">\n<p data-start=\"1370\" data-end=\"1414\">Eredeti Dell laptop alkatr\u00e9sz \u2013 nem ut\u00e1ngy\u00e1rtott<\/p>\n<\/li>\n<li data-start=\"1415\" data-end=\"1452\">\n<p data-start=\"1417\" data-end=\"1452\">Tart\u00f3s \u00e9s megb\u00edzhat\u00f3 konstrukci\u00f3<\/p>\n<\/li>\n<li data-start=\"1453\" data-end=\"1489\">\n<p data-start=\"1455\" data-end=\"1489\">T\u00f6k\u00e9letes illeszked\u00e9s a k\u00f6nny\u0171 cser\u00e9hez<\/p>\n<\/li>\n<\/ul>\n<p data-start=\"1491\" data-end=\"1665\">\u2714 <strong data-start=\"1493\" data-end=\"1518\">A megjelen\u00edtett fot\u00f3k val\u00f3diak<\/strong> \u2013 pontosan a k\u00e9pen l\u00e1that\u00f3 r\u00e9szt kapja meg.<br data-start=\"1560\" data-end=\"1563\" \/>\u2714 Ha tov\u00e1bbi seg\u00edts\u00e9gre van sz\u00fcks\u00e9ge, meger\u0151s\u00edt\u0151 \u00fczenet b\u00e1rmikor.<\/p>\n<p data-start=\"1667\" data-end=\"1807\">Ez a h\u00e1tlap ide\u00e1lis technikusok, IT-r\u00e9szlegek \u00e9s egy\u00e9ni felhaszn\u00e1l\u00f3k sz\u00e1m\u00e1ra, akik szeretn\u00e9k meg\u0151rizni Dell Latitude E6420-ukat a legjobb \u00e1llapotban.<\/p>\n","protected":false},"excerpt":{"rendered":"<p>V\u00e9dje Dell Latitude E6420 k\u00e9sz\u00fcl\u00e9k\u00e9t ezzel az <strong data-start=\"527\" data-end=\"561\">eredeti h\u00e1tlap cser\u00e9vel<\/strong>. T\u00f6k\u00e9letes illeszked\u00e9s, tart\u00f3s fel\u00e9p\u00edt\u00e9s \u00e9s eredeti Dell min\u0151s\u00e9g \u2013 ide\u00e1lis v\u00e1laszt\u00e1s laptopja alkatr\u00e9szeinek jav\u00edt\u00e1s\u00e1hoz vagy b\u0151v\u00edt\u00e9s\u00e9hez.<\/p>\n","protected":false},"featured_media":12650,"template":"","meta":[],"product_brand":[],"product_cat":[16],"product_tag":[17],"class_list":{"0":"post-12591","1":"product","2":"type-product","3":"status-publish","4":"has-post-thumbnail","6":"product_cat-laptop-housing","7":"product_tag-dell","9":"first","10":"instock","11":"taxable","12":"shipping-taxable","13":"purchasable","14":"product-type-simple"},"_links":{"self":[{"href":"https:\/\/boreait.com\/hu\/wp-json\/wp\/v2\/product\/12591","targetHints":{"allow":["GET"]}}],"collection":[{"href":"https:\/\/boreait.com\/hu\/wp-json\/wp\/v2\/product"}],"about":[{"href":"https:\/\/boreait.com\/hu\/wp-json\/wp\/v2\/types\/product"}],"wp:featuredmedia":[{"embeddable":true,"href":"https:\/\/boreait.com\/hu\/wp-json\/wp\/v2\/media\/12650"}],"wp:attachment":[{"href":"https:\/\/boreait.com\/hu\/wp-json\/wp\/v2\/media?parent=12591"}],"wp:term":[{"taxonomy":"product_brand","embeddable":true,"href":"https:\/\/boreait.com\/hu\/wp-json\/wp\/v2\/product_brand?post=12591"},{"taxonomy":"product_cat","embeddable":true,"href":"https:\/\/boreait.com\/hu\/wp-json\/wp\/v2\/product_cat?post=12591"},{"taxonomy":"product_tag","embeddable":true,"href":"https:\/\/boreait.com\/hu\/wp-json\/wp\/v2\/product_tag?post=12591"}],"curies":[{"name":"wp","href":"https:\/\/api.w.org\/{rel}","templated":true}]}}