{"id":12588,"date":"2025-09-17T13:48:46","date_gmt":"2025-09-17T11:48:46","guid":{"rendered":"https:\/\/boreait.com\/hu\/?post_type=product&#038;p=12588"},"modified":"2025-09-17T13:50:32","modified_gmt":"2025-09-17T11:50:32","slug":"dell-latitude-e6420-rj-11-56k-modem-es-ethernet-port-kabel-7tm86-laptop-alkatresz-csere","status":"publish","type":"product","link":"https:\/\/boreait.com\/hu\/termek\/dell-latitude-e6420-rj-11-56k-modem-es-ethernet-port-kabel-7tm86-laptop-alkatresz-csere\/","title":{"rendered":"Dell Latitude E6420 RJ-11 56k modem \u00e9s Ethernet port k\u00e1bel 7TM86 | Laptop alkatr\u00e9sz csere"},"content":{"rendered":"<p data-start=\"722\" data-end=\"1001\">Gy\u0151z\u0151dj\u00f6n meg arr\u00f3l, hogy Dell Latitude E6420 laptopja megb\u00edzhat\u00f3 modem- \u00e9s Ethernet-kapcsolatot tart fenn ezzel a kiv\u00e1l\u00f3 min\u0151s\u00e9g\u0171 csere RJ-11 56k modemmel \u00e9s Ethernet-port k\u00e1bellel (7TM86 cikksz\u00e1m). Ez az eredeti laptop alkatr\u00e9sz t\u00f6k\u00e9letes eszk\u00f6ze h\u00e1l\u00f3zati portjainak jav\u00edt\u00e1s\u00e1hoz vagy friss\u00edt\u00e9s\u00e9hez.<\/p>\n<p data-start=\"1003\" data-end=\"1020\"><strong data-start=\"1003\" data-end=\"1020\">F\u0151bb jellemz\u0151k:<\/strong><\/p>\n<ul data-start=\"1021\" data-end=\"1334\">\n<li data-start=\"1021\" data-end=\"1072\">\n<p data-start=\"1023\" data-end=\"1072\">Kompatibilis a <strong data-start=\"1039\" data-end=\"1062\">Dell Latitude E6420<\/strong> laptopokkal<\/p>\n<\/li>\n<li data-start=\"1073\" data-end=\"1138\">\n<p data-start=\"1075\" data-end=\"1138\">Tartalmazza az <strong data-start=\"1084\" data-end=\"1108\">RJ-11 56k modemcsatlakoz\u00f3t<\/strong> \u00e9s az <strong data-start=\"1113\" data-end=\"1136\">Ethernet port k\u00e1belt<\/strong><\/p>\n<\/li>\n<li data-start=\"1139\" data-end=\"1190\">\n<p data-start=\"1141\" data-end=\"1190\">Eredeti cserealkatr\u00e9sz, cikksz\u00e1m: <strong data-start=\"1179\" data-end=\"1188\">7TM86<\/strong><\/p>\n<\/li>\n<li data-start=\"1191\" data-end=\"1267\">\n<p data-start=\"1193\" data-end=\"1267\">Val\u00f3di fot\u00f3k az alkatr\u00e9szr\u0151l \u2013 pontosan azt kapod, ami l\u00e1that\u00f3<\/p>\n<\/li>\n<li data-start=\"1268\" data-end=\"1334\">\n<p data-start=\"1270\" data-end=\"1334\">Ide\u00e1lis a s\u00e9r\u00fclt portok jav\u00edt\u00e1s\u00e1hoz vagy az elhaszn\u00e1l\u00f3dott k\u00e1belek cser\u00e9j\u00e9hez<\/p>\n<\/li>\n<\/ul>\n<p data-start=\"1336\" data-end=\"1358\"><strong data-start=\"1336\" data-end=\"1356\">Mi\u00e9rt v\u00e1s\u00e1roljon t\u0151l\u00fcnk:<\/strong><\/p>\n<ul data-start=\"1359\" data-end=\"1559\">\n<li data-start=\"1359\" data-end=\"1452\">\n<p data-start=\"1361\" data-end=\"1452\">Hiteles <strong data-start=\"1388\" data-end=\"1404\">laptop-alkatr\u00e9szekre<\/strong> szakosodunk, vil\u00e1gszerte, f\u0151leg Eur\u00f3pa-szerte sz\u00e1ll\u00edtva.<\/p>\n<\/li>\n<li data-start=\"1453\" data-end=\"1559\">\n<p data-start=\"1455\" data-end=\"1559\">Ha seg\u00edts\u00e9gre van sz\u00fcks\u00e9ge az alkatr\u00e9sz azonos\u00edt\u00e1s\u00e1hoz vagy telep\u00edt\u00e9s\u00e9hez, csak k\u00fcldj\u00f6n \u00fczenetet \u2013 \u00f6r\u00f6mmel seg\u00edt\u00fcnk!<\/p>\n<\/li>\n<\/ul>\n<p data-start=\"1561\" data-end=\"1702\">Friss\u00edtse vagy jav\u00edtsa meg laptopj\u00e1t m\u00e9g ma, \u00e9s \u00e1ll\u00edtsa vissza a teljes h\u00e1l\u00f3zati funkci\u00f3t ezzel az alapvet\u0151 <strong data-start=\"1656\" data-end=\"1699\">Latitude E6420 RJ-11 \u00e9s Ethernet-k\u00e1bellel<\/strong>.<\/p>\n","protected":false},"excerpt":{"rendered":"<p data-start=\"450\" \u200b\u200bdata-end=\"671\">Cser\u00e9lje ki vagy friss\u00edtse Dell Latitude E6420 modem\u00e9t \u00e9s Ethernet-kapcsolat\u00e1t ezzel az eredeti RJ-11 56k modemmel \u00e9s Ethernet-port k\u00e1bellel (7TM86). Val\u00f3di fot\u00f3k az alkatr\u00e9szr\u0151l. Telep\u00edt\u00e9si seg\u00edts\u00e9g\u00e9rt \u00edrjon nek\u00fcnk b\u00e1rmikor!<\/p>\n","protected":false},"featured_media":12647,"template":"","meta":[],"product_brand":[],"product_cat":[20],"product_tag":[17],"class_list":{"0":"post-12588","1":"product","2":"type-product","3":"status-publish","4":"has-post-thumbnail","6":"product_cat-cables","7":"product_tag-dell","9":"first","10":"instock","11":"taxable","12":"shipping-taxable","13":"purchasable","14":"product-type-simple"},"_links":{"self":[{"href":"https:\/\/boreait.com\/hu\/wp-json\/wp\/v2\/product\/12588","targetHints":{"allow":["GET"]}}],"collection":[{"href":"https:\/\/boreait.com\/hu\/wp-json\/wp\/v2\/product"}],"about":[{"href":"https:\/\/boreait.com\/hu\/wp-json\/wp\/v2\/types\/product"}],"wp:featuredmedia":[{"embeddable":true,"href":"https:\/\/boreait.com\/hu\/wp-json\/wp\/v2\/media\/12647"}],"wp:attachment":[{"href":"https:\/\/boreait.com\/hu\/wp-json\/wp\/v2\/media?parent=12588"}],"wp:term":[{"taxonomy":"product_brand","embeddable":true,"href":"https:\/\/boreait.com\/hu\/wp-json\/wp\/v2\/product_brand?post=12588"},{"taxonomy":"product_cat","embeddable":true,"href":"https:\/\/boreait.com\/hu\/wp-json\/wp\/v2\/product_cat?post=12588"},{"taxonomy":"product_tag","embeddable":true,"href":"https:\/\/boreait.com\/hu\/wp-json\/wp\/v2\/product_tag?post=12588"}],"curies":[{"name":"wp","href":"https:\/\/api.w.org\/{rel}","templated":true}]}}