{"id":12587,"date":"2025-09-17T13:48:46","date_gmt":"2025-09-17T11:48:46","guid":{"rendered":"https:\/\/boreait.com\/hu\/?post_type=product&#038;p=12587"},"modified":"2025-09-17T13:50:26","modified_gmt":"2025-09-17T11:50:26","slug":"dell-latitude-e6520-e6420-led-fenyjelzo-tabla-nd2pd-0nd2pd-ls-6596p-tha01","status":"publish","type":"product","link":"https:\/\/boreait.com\/hu\/termek\/dell-latitude-e6520-e6420-led-fenyjelzo-tabla-nd2pd-0nd2pd-ls-6596p-tha01\/","title":{"rendered":"Dell Latitude E6520 E6420 LED f\u00e9nyjelz\u0151 t\u00e1bla ND2PD 0ND2PD LS-6596P THA01"},"content":{"rendered":"<p data-start=\"596\" data-end=\"892\">Friss\u00edtse vagy jav\u00edtsa Dell Latitude E6520 vagy E6420 k\u00e9sz\u00fcl\u00e9k\u00e9t ezzel a <strong data-start=\"658\" data-end=\"721\">LED f\u00e9nyjelz\u0151 t\u00e1bl\u00e1val (ND2PD \/ 0ND2PD, LS-6596P, THA01)<\/strong>. Ez a kiv\u00e1l\u00f3 min\u0151s\u00e9g\u0171 cserealkatr\u00e9sz biztos\u00edtja, hogy laptopja jelz\u0151l\u00e1mp\u00e1i megfelel\u0151en m\u0171k\u00f6djenek, seg\u00edtve az \u00e1ramell\u00e1t\u00e1s, az akkumul\u00e1tor \u00e9s egy\u00e9b rendszer\u00e1llapotok hat\u00e9kony nyomon k\u00f6vet\u00e9s\u00e9t.<\/p>\n<p data-start=\"894\" data-end=\"913\"><strong data-start=\"894\" data-end=\"911\">F\u0151bb jellemz\u0151k:<\/strong><\/p>\n<ul data-start=\"914\" data-end=\"1148\">\n<li data-start=\"914\" data-end=\"972\">\n<p data-start=\"916\" data-end=\"972\">Kompatibilis a <strong data-start=\"932\" data-end=\"963\">Dell Latitude E6520 &amp; E6420<\/strong> modellek<\/p>\n<\/li>\n<li data-start=\"973\" data-end=\"1010\">\n<p data-start=\"975\" data-end=\"1010\">Modellsz\u00e1mok: <strong data-start=\"990\" data-end=\"1008\">ND2PD \/ 0ND2PD<\/strong><\/p>\n<\/li>\n<li data-start=\"1011\" data-end=\"1045\">\n<p data-start=\"1013\" data-end=\"1045\">T\u00e1rsas\u00e1gi k\u00f3d: <strong data-start=\"1025\" data-end=\"1043\">LS-6596P THA01<\/strong><\/p>\n<\/li>\n<li data-start=\"1046\" data-end=\"1087\">\n<p data-start=\"1048\" data-end=\"1087\">Eredeti, tesztelt \u00e9s teljesen m\u0171k\u00f6d\u0151k\u00e9pes<\/p>\n<\/li>\n<li data-start=\"1088\" data-end=\"1148\">\n<p data-start=\"1090\" data-end=\"1148\">Val\u00f3di fot\u00f3k mell\u00e9kelve \u2013 pontosan azt kapod, ami l\u00e1that\u00f3<\/p>\n<\/li>\n<\/ul>\n<p data-start=\"1150\" data-end=\"1177\"><strong data-start=\"1150\" data-end=\"1175\">Mi\u00e9rt v\u00e1lassza ezt a r\u00e9szt?<\/strong><\/p>\n<ul data-start=\"1178\" data-end=\"1383\">\n<li data-start=\"1178\" data-end=\"1227\">\n<p data-start=\"1180\" data-end=\"1227\">Ide\u00e1lis <strong data-start=\"1190\" data-end=\"1225\">laptopjav\u00edt\u00e1shoz \u00e9s -cser\u00e9hez<\/strong><\/p>\n<\/li>\n<li data-start=\"1228\" data-end=\"1314\">\n<p data-start=\"1230\" data-end=\"1314\">Biztos\u00edtja az akkumul\u00e1tor-, t\u00e1p- \u00e9s egy\u00e9b funkci\u00f3k LED-jelz\u0151inek megfelel\u0151 m\u0171k\u00f6d\u00e9s\u00e9t<\/p>\n<\/li>\n<li data-start=\"1315\" data-end=\"1383\">\n<p data-start=\"1317\" data-end=\"1383\">Kompatibilis a k\u00fcl\u00f6nb\u00f6z\u0151 Dell Latitude E6520\/E6420 konfigur\u00e1ci\u00f3kkal<\/p>\n<\/li>\n<\/ul>\n<p data-start=\"1385\" data-end=\"1408\"><strong data-start=\"1385\" data-end=\"1406\">Tov\u00e1bbi megjegyz\u00e9sek:<\/strong><\/p>\n<ul data-start=\"1409\" data-end=\"1649\">\n<li data-start=\"1409\" data-end=\"1471\">\n<p data-start=\"1411\" data-end=\"1471\">Ez a lista csak a <strong data-start=\"1435\" data-end=\"1469\">LED f\u00e9nyjelz\u0151 t\u00e1bl\u00e1ra vonatkozik<\/strong><\/p>\n<\/li>\n<li data-start=\"1472\" data-end=\"1568\">\n<p data-start=\"1474\" data-end=\"1568\">A telep\u00edt\u00e9si utas\u00edt\u00e1sokat nem tartalmazza, de a vev\u0151k <strong data-start=\"1533\" data-end=\"1556\">\u00fczenetben k\u00e9rhetnek seg\u00edts\u00e9get<\/strong>, ha sz\u00fcks\u00e9ges<\/p>\n<\/li>\n<li data-start=\"1569\" data-end=\"1649\">\n<p data-start=\"1571\" data-end=\"1649\"><strong data-start=\"1571\" data-end=\"1586\">Val\u00f3di fot\u00f3k<\/strong> \u2013 pontosan azt kapod, amit l\u00e1tsz<\/p>\n<\/li>\n<\/ul>\n<p data-start=\"1651\" data-end=\"1851\">Fokozza laptopja funkcionalit\u00e1s\u00e1t \u00e9s megb\u00edzhat\u00f3s\u00e1g\u00e1t ezzel az eredeti Dell csere LED-k\u00e1rty\u00e1val. T\u00f6k\u00e9letes technikusok, jav\u00edt\u00f3m\u0171helyek vagy bark\u00e1csol\u00f3k sz\u00e1m\u00e1ra, akik <strong data-start=\"1819\" data-end=\"1848\">j\u00f3 min\u0151s\u00e9g\u0171 laptop alkatr\u00e9szeket<\/strong> keresnek.<\/p>\n","protected":false},"excerpt":{"rendered":"<p>Kiv\u00e1l\u00f3 min\u0151s\u00e9g\u0171 Dell Latitude E6520\/E6420 LED-es f\u00e9nyjelz\u0151 t\u00e1bla (ND2PD\/0ND2PD, LS-6596P, THA01). Eredeti alkatr\u00e9sz, teljesen tesztelt. Val\u00f3di fot\u00f3k az alkatr\u00e9szr\u0151l. T\u00f6k\u00e9letes laptop jav\u00edt\u00e1shoz vagy cser\u00e9hez.<\/p>\n","protected":false},"featured_media":12640,"template":"","meta":[],"product_brand":[],"product_cat":[27],"product_tag":[17],"class_list":{"0":"post-12587","1":"product","2":"type-product","3":"status-publish","4":"has-post-thumbnail","6":"product_cat-motherboards-board-parts","7":"product_tag-dell","9":"first","10":"instock","11":"taxable","12":"shipping-taxable","13":"purchasable","14":"product-type-simple"},"_links":{"self":[{"href":"https:\/\/boreait.com\/hu\/wp-json\/wp\/v2\/product\/12587","targetHints":{"allow":["GET"]}}],"collection":[{"href":"https:\/\/boreait.com\/hu\/wp-json\/wp\/v2\/product"}],"about":[{"href":"https:\/\/boreait.com\/hu\/wp-json\/wp\/v2\/types\/product"}],"wp:featuredmedia":[{"embeddable":true,"href":"https:\/\/boreait.com\/hu\/wp-json\/wp\/v2\/media\/12640"}],"wp:attachment":[{"href":"https:\/\/boreait.com\/hu\/wp-json\/wp\/v2\/media?parent=12587"}],"wp:term":[{"taxonomy":"product_brand","embeddable":true,"href":"https:\/\/boreait.com\/hu\/wp-json\/wp\/v2\/product_brand?post=12587"},{"taxonomy":"product_cat","embeddable":true,"href":"https:\/\/boreait.com\/hu\/wp-json\/wp\/v2\/product_cat?post=12587"},{"taxonomy":"product_tag","embeddable":true,"href":"https:\/\/boreait.com\/hu\/wp-json\/wp\/v2\/product_tag?post=12587"}],"curies":[{"name":"wp","href":"https:\/\/api.w.org\/{rel}","templated":true}]}}