{"id":12577,"date":"2025-09-17T13:48:24","date_gmt":"2025-09-17T11:48:24","guid":{"rendered":"https:\/\/boreait.com\/hu\/?post_type=product&#038;p=12577"},"modified":"2026-02-09T13:12:48","modified_gmt":"2026-02-09T12:12:48","slug":"intel-core-i5-2520m-cpu-laptop-processzor-eredeti-laptop-alkatreszek-sr048","status":"publish","type":"product","link":"https:\/\/boreait.com\/hu\/termek\/intel-core-i5-2520m-cpu-laptop-processzor-eredeti-laptop-alkatreszek-sr048\/","title":{"rendered":"Intel Core i5-2520M CPU laptop processzor | Eredeti laptop alkatr\u00e9szek | SR048"},"content":{"rendered":"<p data-start=\"705\" data-end=\"997\">Fokozza laptopja sebess\u00e9g\u00e9t \u00e9s megb\u00edzhat\u00f3s\u00e1g\u00e1t az <strong data-start=\"758\" data-end=\"793\">Intel\u00ae Core\u2122 i5-2520M processzorral<\/strong>, amely egy laptopokhoz tervezett, nagy teljes\u00edtm\u00e9ny\u0171, k\u00e9tmagos CPU. Ez a processzor ide\u00e1lis mindennapi sz\u00e1m\u00edt\u00e1stechnik\u00e1hoz, t\u00f6bbfeladatos munkav\u00e9gz\u00e9shez \u00e9s m\u00e9rs\u00e9kelt munkaterhel\u00e9shez, z\u00f6kken\u0151mentes teljes\u00edtm\u00e9nyt ny\u00fajt a munka, a tanul\u00e1s vagy a sz\u00f3rakoz\u00e1s sor\u00e1n.<\/p>\n<p data-start=\"999\" data-end=\"1018\"><strong data-start=\"999\" data-end=\"1016\">F\u0151bb jellemz\u0151k:<\/strong><\/p>\n<ul data-start=\"1019\" data-end=\"1341\">\n<li data-start=\"1019\" data-end=\"1055\">\n<p data-start=\"1021\" data-end=\"1055\"><strong data-start=\"1021\" data-end=\"1031\">Modell:<\/strong> Intel\u00ae Core\u2122 i5-2520M SR048<\/p>\n<\/li>\n<li data-start=\"1056\" data-end=\"1092\">\n<p data-start=\"1058\" data-end=\"1092\"><strong data-start=\"1058\" data-end=\"1067\">T\u00edpus:<\/strong> Laptop processzor \/ CPU<\/p>\n<\/li>\n<li data-start=\"1093\" data-end=\"1134\">\n<p data-start=\"1095\" data-end=\"1134\"><strong data-start=\"1095\" data-end=\"1113\">Magok\/sz\u00e1lak:<\/strong> 2 mag, 4 sz\u00e1l<\/p>\n<\/li>\n<li data-start=\"1135\" data-end=\"1198\">\n<p data-start=\"1137\" data-end=\"1198\"><strong data-start=\"1137\" data-end=\"1153\">\u00d3rajel:<\/strong> 2,5 GHz (alap) 3,2 GHz-ig (Turbo Boost)<\/p>\n<\/li>\n<li data-start=\"1199\" data-end=\"1229\">\n<p data-start=\"1201\" data-end=\"1229\"><strong data-start=\"1201\" data-end=\"1211\">Gyors\u00edt\u00f3t\u00e1r:<\/strong> 3 MB SmartCache<\/p>\n<\/li>\n<li data-start=\"1230\" data-end=\"1280\">\n<p data-start=\"1232\" data-end=\"1280\"><strong data-start=\"1232\" data-end=\"1243\">Aljzat:<\/strong> PGA988 \/ Socket kompatibilis laptopok<\/p>\n<\/li>\n<li data-start=\"1281\" data-end=\"1341\">\n<p data-start=\"1283\" data-end=\"1341\"><strong data-start=\"1283\" data-end=\"1297\">\u00c1llapot:<\/strong> Eredeti, tesztelt, j\u00f3 min\u0151s\u00e9g\u0171 laptop alkatr\u00e9sz<\/p>\n<\/li>\n<\/ul>\n<p data-start=\"1343\" data-end=\"1517\">Ez a processzor t\u00f6k\u00e9letes a laptopok jav\u00edt\u00e1s\u00e1hoz vagy az el\u00f6regedett CPU-k cser\u00e9j\u00e9hez az optim\u00e1lis teljes\u00edtm\u00e9ny helyre\u00e1ll\u00edt\u00e1sa \u00e9rdek\u00e9ben. Az adatlapon szerepl\u0151 <strong data-start=\"1447\" data-end=\"1462\">val\u00f3di fot\u00f3k<\/strong> azt mutatj\u00e1k, hogy pontosan melyik t\u00e9telt kapja meg.<\/p>\n<p data-start=\"1519\" data-end=\"1549\"><strong data-start=\"1519\" data-end=\"1547\">Mi\u00e9rt \u00e9rdemes a Siggm\u00f3t\u00f3l v\u00e1s\u00e1rolni:<\/strong><\/p>\n<ul data-start=\"1550\" data-end=\"1712\">\n<li data-start=\"1550\" data-end=\"1590\">\n<p data-start=\"1552\" data-end=\"1590\">Kiv\u00e1l\u00f3 min\u0151s\u00e9g\u0171, hiteles laptop-alkatr\u00e9szek<\/p>\n<\/li>\n<li data-start=\"1591\" data-end=\"1647\">\n<p data-start=\"1593\" data-end=\"1647\">Gyors \u00e9s biztons\u00e1gos sz\u00e1ll\u00edt\u00e1s Eur\u00f3pa-szerte \u00e9s vil\u00e1gszerte<\/p>\n<\/li>\n<li data-start=\"1648\" data-end=\"1712\">\n<p data-start=\"1650\" data-end=\"1712\">Bar\u00e1ts\u00e1gos t\u00e1mogat\u00e1s \u2013 ha \u00fatmutat\u00e1sra van sz\u00fcks\u00e9ge, csak \u00edrjon nek\u00fcnk<\/p>\n<\/li>\n<\/ul>\n<p data-start=\"1714\" data-end=\"1865\">Friss\u00edtse laptopj\u00e1t ezzel a <strong data-start=\"1744\" data-end=\"1786\">megb\u00edzhat\u00f3 Intel Core i5-2520M processzorral<\/strong>, amely megb\u00edzhat\u00f3 v\u00e1laszt\u00e1s azok sz\u00e1m\u00e1ra, akik val\u00f3di, nagy teljes\u00edtm\u00e9ny\u0171 laptop alkatr\u00e9szeket keresnek.<\/p>\n","protected":false},"excerpt":{"rendered":"<p data-start=\"417\" data-end=\"602\">Friss\u00edtse laptopja teljes\u00edtm\u00e9ny\u00e9t az eredeti Intel\u00ae Core\u2122 i5-2520M processzorral. T\u00f6k\u00e9letes a hib\u00e1s CPU-k cser\u00e9j\u00e9hez vagy a sebess\u00e9g n\u00f6vel\u00e9s\u00e9hez \u2013 val\u00f3di f\u00e9nyk\u00e9peket mell\u00e9kel\u00fcnk, a vil\u00e1g minden t\u00e1j\u00e1ra sz\u00e1ll\u00edthat\u00f3.<\/p>\n","protected":false},"featured_media":12639,"template":"","meta":[],"product_brand":[],"product_cat":[39],"product_tag":[17],"class_list":{"0":"post-12577","1":"product","2":"type-product","3":"status-publish","4":"has-post-thumbnail","6":"product_cat-processors-cpu","7":"product_tag-dell","9":"first","10":"instock","11":"taxable","12":"shipping-taxable","13":"purchasable","14":"product-type-simple"},"_links":{"self":[{"href":"https:\/\/boreait.com\/hu\/wp-json\/wp\/v2\/product\/12577","targetHints":{"allow":["GET"]}}],"collection":[{"href":"https:\/\/boreait.com\/hu\/wp-json\/wp\/v2\/product"}],"about":[{"href":"https:\/\/boreait.com\/hu\/wp-json\/wp\/v2\/types\/product"}],"wp:featuredmedia":[{"embeddable":true,"href":"https:\/\/boreait.com\/hu\/wp-json\/wp\/v2\/media\/12639"}],"wp:attachment":[{"href":"https:\/\/boreait.com\/hu\/wp-json\/wp\/v2\/media?parent=12577"}],"wp:term":[{"taxonomy":"product_brand","embeddable":true,"href":"https:\/\/boreait.com\/hu\/wp-json\/wp\/v2\/product_brand?post=12577"},{"taxonomy":"product_cat","embeddable":true,"href":"https:\/\/boreait.com\/hu\/wp-json\/wp\/v2\/product_cat?post=12577"},{"taxonomy":"product_tag","embeddable":true,"href":"https:\/\/boreait.com\/hu\/wp-json\/wp\/v2\/product_tag?post=12577"}],"curies":[{"name":"wp","href":"https:\/\/api.w.org\/{rel}","templated":true}]}}