{"id":12574,"date":"2025-09-17T13:48:24","date_gmt":"2025-09-17T11:48:24","guid":{"rendered":"https:\/\/boreait.com\/hu\/?post_type=product&#038;p=12574"},"modified":"2026-02-09T13:11:55","modified_gmt":"2026-02-09T12:11:55","slug":"dell-latitude-e6420-e6320-e6520-merevlemez-caddy-hdd-ssd-adapter-77k4n-laptop-alkatresz","status":"publish","type":"product","link":"https:\/\/boreait.com\/hu\/termek\/dell-latitude-e6420-e6320-e6520-merevlemez-caddy-hdd-ssd-adapter-77k4n-laptop-alkatresz\/","title":{"rendered":"Dell Latitude E6420 E6320 E6520 Merevlemez Caddy HDD SSD Adapter 77K4N Laptop alkatr\u00e9sz"},"content":{"rendered":"<p data-start=\"594\" data-end=\"684\"><strong data-start=\"594\" data-end=\"682\">Dell Latitude merevlemez Caddy \u2013 kompatibilis modellek: E6420, E6320, E6520 (77K4N alkatr\u00e9sz)<\/strong><\/p>\n<p data-start=\"686\" data-end=\"925\">Gy\u0151z\u0151dj\u00f6n meg arr\u00f3l, hogy Dell laptopja rendelkezik a sz\u00fcks\u00e9ges t\u00e1rol\u00e1si t\u00e1mogat\u00e1ssal ezzel a kiv\u00e1l\u00f3 min\u0151s\u00e9g\u0171 merevlemez-meghajt\u00f3val. Kifejezetten a Dell Latitude E6420, E6320 \u00e9s E6520 modellekhez tervezt\u00e9k, ezzel a caddy-vel egyszer\u0171en telep\u00edtheti vagy cser\u00e9lheti HDD-j\u00e9t vagy SSD-j\u00e9t.<\/p>\n<p data-start=\"927\" data-end=\"946\"><strong data-start=\"927\" data-end=\"944\">F\u0151bb jellemz\u0151k:<\/strong><\/p>\n<ul data-start=\"947\" data-end=\"1333\">\n<li data-start=\"947\" data-end=\"1009\">\n<p data-start=\"949\" data-end=\"1009\"><strong data-start=\"949\" data-end=\"973\">Modell kompatibilit\u00e1s:<\/strong> Dell Latitude E6420, E6320, E6520<\/p>\n<\/li>\n<li data-start=\"1010\" data-end=\"1036\">\n<p data-start=\"1012\" data-end=\"1036\"><strong data-start=\"1012\" data-end=\"1028\">Alkatr\u00e9szsz\u00e1m:<\/strong> 77K4N<\/p>\n<\/li>\n<li data-start=\"1037\" data-end=\"1124\">\n<p data-start=\"1039\" data-end=\"1124\"><strong data-start=\"1039\" data-end=\"1062\">T\u00e1mogatja a HDD-t \u00e9s a SSD:<\/strong> 2,5&#8243;-es merevlemezek vagy szil\u00e1rdtestalap\u00fa meghajt\u00f3k telep\u00edt\u00e9se k\u00f6nnyed\u00e9n<\/p>\n<\/li>\n<li data-start=\"1125\" data-end=\"1202\">\n<p data-start=\"1127\" data-end=\"1202\"><strong data-start=\"1127\" data-end=\"1151\">Eredeti laptop-alkatr\u00e9sz:<\/strong> Eredeti Dell-alkatr\u00e9sz a megb\u00edzhat\u00f3 teljes\u00edtm\u00e9ny \u00e9rdek\u00e9ben<\/p>\n<\/li>\n<li data-start=\"1203\" data-end=\"1248\">\n<p data-start=\"1205\" data-end=\"1248\"><strong data-start=\"1205\" data-end=\"1219\">\u00c1llapot:<\/strong> Teljesen tesztelt, haszn\u00e1latra k\u00e9sz<\/p>\n<\/li>\n<li data-start=\"1249\" data-end=\"1333\">\n<p data-start=\"1251\" data-end=\"1333\"><strong data-start=\"1251\" data-end=\"1267\">Val\u00f3di fot\u00f3k:<\/strong> Az adatlapon szerepl\u0151 k\u00e9pek pontosan azt a t\u00e9telt mutatj\u00e1k, amelyet \u00d6n kap.<\/p>\n<\/li>\n<\/ul>\n<p data-start=\"1335\" data-end=\"1347\"><strong data-start=\"1335\" data-end=\"1345\">Megjegyz\u00e9sek:<\/strong><\/p>\n<ul data-start=\"1348\" data-end=\"1540\">\n<li data-start=\"1348\" data-end=\"1446\">\n<p data-start=\"1350\" data-end=\"1446\">Nem adunk telep\u00edt\u00e9si utas\u00edt\u00e1sokat, de ha seg\u00edts\u00e9gre van sz\u00fcks\u00e9ge, b\u00e1rmikor \u00edrhat nek\u00fcnk \u00fczenetet.<\/p>\n<\/li>\n<li data-start=\"1447\" data-end=\"1540\">\n<p data-start=\"1449\" data-end=\"1540\">T\u00f6k\u00e9letes a t\u00e1rhely b\u0151v\u00edt\u00e9s\u00e9hez, a s\u00e9r\u00fclt caddy cser\u00e9j\u00e9hez vagy a kett\u0151s meghajt\u00f3 be\u00e1ll\u00edt\u00e1s\u00e1hoz.<\/p>\n<\/li>\n<\/ul>\n<p data-start=\"1542\" data-end=\"1711\">B\u0151v\u00edtse Dell Latitude laptopj\u00e1t m\u00e9g ma ezzel a strapab\u00edr\u00f3 \u00e9s teljesen kompatibilis merevlemez-tart\u00f3val, amely elengedhetetlen a laptop t\u00e1rhely\u00e9nek karbantart\u00e1s\u00e1hoz vagy b\u0151v\u00edt\u00e9s\u00e9hez.<\/p>\n","protected":false},"excerpt":{"rendered":"<p>B\u0151v\u00edtse vagy cser\u00e9lje ki laptopja t\u00e1rhely\u00e9t ezzel az eredeti Dell Latitude merevlemez-tart\u00f3val. Az E6420, E6320 \u00e9s E6520 modellekkel kompatibilis, merevlemezekhez \u00e9s SSD-khez egyar\u00e1nt haszn\u00e1lhat\u00f3. Val\u00f3di f\u00e9nyk\u00e9peket tartalmaznak \u2013 a l\u00e1that\u00f3 r\u00e9szt kapja meg.<\/p>\n","protected":false},"featured_media":12636,"template":"","meta":[],"product_brand":[],"product_cat":[16],"product_tag":[17],"class_list":{"0":"post-12574","1":"product","2":"type-product","3":"status-publish","4":"has-post-thumbnail","6":"product_cat-laptop-housing","7":"product_tag-dell","9":"first","10":"instock","11":"taxable","12":"shipping-taxable","13":"purchasable","14":"product-type-simple"},"_links":{"self":[{"href":"https:\/\/boreait.com\/hu\/wp-json\/wp\/v2\/product\/12574","targetHints":{"allow":["GET"]}}],"collection":[{"href":"https:\/\/boreait.com\/hu\/wp-json\/wp\/v2\/product"}],"about":[{"href":"https:\/\/boreait.com\/hu\/wp-json\/wp\/v2\/types\/product"}],"wp:featuredmedia":[{"embeddable":true,"href":"https:\/\/boreait.com\/hu\/wp-json\/wp\/v2\/media\/12636"}],"wp:attachment":[{"href":"https:\/\/boreait.com\/hu\/wp-json\/wp\/v2\/media?parent=12574"}],"wp:term":[{"taxonomy":"product_brand","embeddable":true,"href":"https:\/\/boreait.com\/hu\/wp-json\/wp\/v2\/product_brand?post=12574"},{"taxonomy":"product_cat","embeddable":true,"href":"https:\/\/boreait.com\/hu\/wp-json\/wp\/v2\/product_cat?post=12574"},{"taxonomy":"product_tag","embeddable":true,"href":"https:\/\/boreait.com\/hu\/wp-json\/wp\/v2\/product_tag?post=12574"}],"curies":[{"name":"wp","href":"https:\/\/api.w.org\/{rel}","templated":true}]}}