{"id":12559,"date":"2025-09-17T13:47:59","date_gmt":"2025-09-17T11:47:59","guid":{"rendered":"https:\/\/boreait.com\/hu\/?post_type=product&#038;p=12559"},"modified":"2025-09-17T13:49:46","modified_gmt":"2025-09-17T11:49:46","slug":"hp-elitebook-840-g5-14-huvelykes-csuklotamasz-csere-erintopad-nelkul-6070b1210201-l18310-001-laptop-alkatreszek","status":"publish","type":"product","link":"https:\/\/boreait.com\/hu\/termek\/hp-elitebook-840-g5-14-huvelykes-csuklotamasz-csere-erintopad-nelkul-6070b1210201-l18310-001-laptop-alkatreszek\/","title":{"rendered":"HP EliteBook 840 G5 14 h\u00fcvelykes csukl\u00f3t\u00e1masz csere (\u00e9rint\u0151pad n\u00e9lk\u00fcl) \u2013 6070B1210201 L18310-001 | Laptop alkatr\u00e9szek"},"content":{"rendered":"<p data-start=\"513\" data-end=\"719\">Folytasd tov\u00e1bb HP EliteBook 840 G5-j\u00e9t ezzel a pr\u00e9mium kateg\u00f3ri\u00e1s csere 14 h\u00fcvelykes csukl\u00f3t\u00e1masztal (\u00e9rint\u0151pad n\u00e9lk\u00fcl). A laptop k\u00e9nyelm\u00e9nek \u00e9s eszt\u00e9tik\u00e1j\u00e1nak helyre\u00e1ll\u00edt\u00e1s\u00e1ra tervezt\u00e9k, ez a r\u00e9sz t\u00f6k\u00e9letes jav\u00edt\u00e1shoz vagy friss\u00edt\u00e9shez.<\/p>\n<p data-start=\"721\" data-end=\"743\"><strong data-start=\"721\" data-end=\"741\">Term\u00e9k r\u00e9szletei:<\/strong><\/p>\n<ul data-start=\"744\" data-end=\"943\">\n<li data-start=\"744\" data-end=\"774\">\n<p data-start=\"746\" data-end=\"774\">Modell: HP EliteBook 840 G5<\/p>\n<\/li>\n<li data-start=\"775\" data-end=\"812\">\n<p data-start=\"777\" data-end=\"812\">R\u00e9sz: csukl\u00f3t\u00e1masz (\u00e9rint\u0151pad n\u00e9lk\u00fcl)<\/p>\n<\/li>\n<li data-start=\"813\" data-end=\"855\">\n<p data-start=\"815\" data-end=\"855\">Alkatr\u00e9szsz\u00e1m: 6070B1210201 \/ L18310-001<\/p>\n<\/li>\n<li data-start=\"856\" data-end=\"875\">\n<p data-start=\"858\" data-end=\"875\">M\u00e9ret: 14 h\u00fcvelyk<\/p>\n<\/li>\n<li data-start=\"876\" data-end=\"900\">\n<p data-start=\"878\" data-end=\"900\">\u00c1llapot: vadonat\u00faj<\/p>\n<\/li>\n<li data-start=\"901\" data-end=\"943\">\n<p data-start=\"903\" data-end=\"943\">Fot\u00f3k: t\u00e9nyleges term\u00e9kk\u00e9pek mell\u00e9kelve<\/p>\n<\/li>\n<\/ul>\n<p data-start=\"945\" data-end=\"1142\">Ez a csukl\u00f3t\u00e1masz egy eredeti laptop alkatr\u00e9sz, amelyet a tart\u00f3ss\u00e1g \u00e9s a kompatibilit\u00e1s jegy\u00e9ben terveztek. Ide\u00e1lis az elhaszn\u00e1l\u00f3dott vagy s\u00e9r\u00fclt csukl\u00f3t\u00e1maszok cser\u00e9j\u00e9hez, \u00e9s biztos\u00edtja, hogy laptopja meg\u0151rizze professzion\u00e1lis megjelen\u00e9s\u00e9t \u00e9s \u00e9rzet\u00e9t.<\/p>\n<p data-start=\"1144\" data-end=\"1166\"><strong data-start=\"1144\" data-end=\"1164\">Tov\u00e1bbi inform\u00e1ci\u00f3:<\/strong><\/p>\n<ul data-start=\"1167\" data-end=\"1345\">\n<li data-start=\"1167\" data-end=\"1200\">\n<p data-start=\"1169\" data-end=\"1200\"><strong data-start=\"1174\" data-end=\"1198\">Nem tartalmazza az \u00e9rint\u0151padot<\/strong><\/p>\n<\/li>\n<li data-start=\"1201\" data-end=\"1290\">\n<p data-start=\"1203\" data-end=\"1290\">K\u00f6nnyen cser\u00e9lhet\u0151 a tapasztalt felhaszn\u00e1l\u00f3k sz\u00e1m\u00e1ra; ha \u00fatmutat\u00e1sra van sz\u00fcks\u00e9ge, b\u00e1tran \u00edrjon nek\u00fcnk.<\/p>\n<\/li>\n<li data-start=\"1291\" data-end=\"1345\">\n<p data-start=\"1293\" data-end=\"1345\">Eur\u00f3p\u00e1b\u00f3l sz\u00e1ll\u00edtjuk, vil\u00e1gm\u00e9ret\u0171 sz\u00e1ll\u00edt\u00e1si lehet\u0151s\u00e9gekkel.<\/p>\n<\/li>\n<\/ul>\n<p data-start=\"1347\" data-end=\"1477\">Friss\u00edtse HP EliteBook 840 G5 k\u00e9sz\u00fcl\u00e9k\u00e9t m\u00e9g ma ezzel a megb\u00edzhat\u00f3 cserealkatr\u00e9szsel, \u00e9s tartsa meg laptopja teljes\u00edtm\u00e9ny\u00e9t \u00e9s \u00fajszer\u0171 megjelen\u00e9s\u00e9t!<\/p>\n","protected":false},"excerpt":{"rendered":"<p>Friss\u00edtse vagy jav\u00edtsa meg HP EliteBook 840 G5 k\u00e9sz\u00fcl\u00e9k\u00e9t ezzel az eredeti 14&#8243;-es csukl\u00f3t\u00e1masz cser\u00e9vel (\u00e9rint\u0151pad n\u00e9lk\u00fcl). Tart\u00f3s, kiv\u00e1l\u00f3 min\u0151s\u00e9g\u0171 \u00e9s beszerel\u00e9sre k\u00e9sz. Val\u00f3di fot\u00f3k a term\u00e9kr\u0151l.<\/p>\n","protected":false},"featured_media":12624,"template":"","meta":[],"product_brand":[],"product_cat":[16],"product_tag":[25],"class_list":{"0":"post-12559","1":"product","2":"type-product","3":"status-publish","4":"has-post-thumbnail","6":"product_cat-laptop-housing","7":"product_tag-hp","9":"first","10":"instock","11":"taxable","12":"shipping-taxable","13":"purchasable","14":"product-type-simple"},"_links":{"self":[{"href":"https:\/\/boreait.com\/hu\/wp-json\/wp\/v2\/product\/12559","targetHints":{"allow":["GET"]}}],"collection":[{"href":"https:\/\/boreait.com\/hu\/wp-json\/wp\/v2\/product"}],"about":[{"href":"https:\/\/boreait.com\/hu\/wp-json\/wp\/v2\/types\/product"}],"wp:featuredmedia":[{"embeddable":true,"href":"https:\/\/boreait.com\/hu\/wp-json\/wp\/v2\/media\/12624"}],"wp:attachment":[{"href":"https:\/\/boreait.com\/hu\/wp-json\/wp\/v2\/media?parent=12559"}],"wp:term":[{"taxonomy":"product_brand","embeddable":true,"href":"https:\/\/boreait.com\/hu\/wp-json\/wp\/v2\/product_brand?post=12559"},{"taxonomy":"product_cat","embeddable":true,"href":"https:\/\/boreait.com\/hu\/wp-json\/wp\/v2\/product_cat?post=12559"},{"taxonomy":"product_tag","embeddable":true,"href":"https:\/\/boreait.com\/hu\/wp-json\/wp\/v2\/product_tag?post=12559"}],"curies":[{"name":"wp","href":"https:\/\/api.w.org\/{rel}","templated":true}]}}