{"id":12557,"date":"2025-09-17T13:47:58","date_gmt":"2025-09-17T11:47:58","guid":{"rendered":"https:\/\/boreait.com\/hu\/?post_type=product&#038;p=12557"},"modified":"2025-09-17T13:49:32","modified_gmt":"2025-09-17T11:49:32","slug":"hp-elitebook-840-850-g5-g6-745-740-bekapcsologomb-panel-kabellel-laptop-alkatreszek","status":"publish","type":"product","link":"https:\/\/boreait.com\/hu\/termek\/hp-elitebook-840-850-g5-g6-745-740-bekapcsologomb-panel-kabellel-laptop-alkatreszek\/","title":{"rendered":"HP EliteBook 840\/850 G5 G6 745 740 bekapcsol\u00f3gomb panel k\u00e1bellel \u2013 laptop alkatr\u00e9szek"},"content":{"rendered":"<p data-start=\"703\" data-end=\"981\">Friss\u00edtse vagy cser\u00e9lje ki laptopja bekapcsol\u00f3gombj\u00e1nak funkci\u00f3it ezzel a <strong data-start=\"773\" data-end=\"840\">HP EliteBook bekapcsol\u00f3gomb-k\u00e1rty\u00e1val \u00e9s k\u00e1bellel (6050A2926001 modell)<\/strong>. A k\u00f6vetkez\u0151h\u00f6z tervezve: <strong data-start=\"855\" data-end=\"905\">HP EliteBook 840, 850, 740, 745 G5 &amp; A G6 sorozat<\/strong>n\u00e1l ez az eredeti alkatr\u00e9sz megb\u00edzhat\u00f3 teljes\u00edtm\u00e9nyt \u00e9s z\u00f6kken\u0151mentes integr\u00e1ci\u00f3t biztos\u00edt.<\/p>\n<p data-start=\"983\" data-end=\"1002\"><strong data-start=\"983\" data-end=\"1000\">F\u0151bb jellemz\u0151k:<\/strong><\/p>\n<ul data-start=\"1003\" data-end=\"1335\">\n<li data-start=\"1003\" data-end=\"1074\">\n<p data-start=\"1005\" data-end=\"1074\">Kompatibilis a <strong data-start=\"1021\" data-end=\"1072\">HP EliteBook 840, 850 G5\/G6, 740, 745 G5 sorozattal<\/strong><\/p>\n<\/li>\n<li data-start=\"1075\" data-end=\"1131\">\n<p data-start=\"1077\" data-end=\"1131\">Tartalmazza a <strong data-start=\"1086\" data-end=\"1129\">bekapcsol\u00f3gomb-panelt \u00e9s a csatlakoz\u00f3k\u00e1belt<\/strong><\/p>\n<\/li>\n<li data-start=\"1132\" data-end=\"1191\">\n<p data-start=\"1134\" data-end=\"1191\">Eredeti \u00e9s kiv\u00e1l\u00f3 min\u0151s\u00e9g\u0171 csere laptopjav\u00edt\u00e1shoz<\/p>\n<\/li>\n<li data-start=\"1192\" data-end=\"1241\">\n<p data-start=\"1194\" data-end=\"1241\">Vissza\u00e1ll\u00edtja a laptop megfelel\u0151 bekapcsol\u00e1si funkci\u00f3j\u00e1t<\/p>\n<\/li>\n<li data-start=\"1242\" data-end=\"1297\">\n<p data-start=\"1244\" data-end=\"1297\"><strong data-start=\"1244\" data-end=\"1259\">Val\u00f3di fot\u00f3k<\/strong> a t\u00e9nyleges r\u00e9szr\u0151l, amelyet kapni fog<\/p>\n<\/li>\n<li data-start=\"1298\" data-end=\"1335\">\n<p data-start=\"1300\" data-end=\"1335\">K\u00f6nny\u0171 \u00e9s k\u00f6nnyen integr\u00e1lhat\u00f3<\/p>\n<\/li>\n<\/ul>\n<p data-start=\"1337\" data-end=\"1615\"><strong data-start=\"1337\" data-end=\"1376\">Mi\u00e9rt v\u00e1lassza ezt a bekapcsol\u00f3gomb-t\u00e1bl\u00e1t?<\/strong><br data-start=\"1376\" data-end=\"1379\" \/>Ha a HP EliteBook sz\u00e1m\u00edt\u00f3g\u00e9p\u00e9n probl\u00e9m\u00e1kba \u00fctk\u00f6zik, ez a cserek\u00e1rtya a t\u00f6k\u00e9letes megold\u00e1s a bekapcsol\u00f3gombbal. \u00dagy tervezt\u00e9k, hogy megfeleljen laptopja eredeti specifik\u00e1ci\u00f3inak, megb\u00edzhat\u00f3 m\u0171k\u00f6d\u00e9st \u00e9s hossz\u00fa \u00e9lettartamot biztos\u00edtva.<\/p>\n<p data-start=\"1617\" data-end=\"1776\"><strong data-start=\"1617\" data-end=\"1637\">Seg\u00edts\u00e9gre van sz\u00fcks\u00e9ge?<\/strong><br data-start=\"1637\" data-end=\"1640\" \/>B\u00e1r ezt a r\u00e9szt k\u00f6nny\u0171 telep\u00edteni a szakemberek sz\u00e1m\u00e1ra, ha <strong>tov\u00e1bbi adatokra van sz\u00fcks\u00e9ge, akkor nyugodtan=&#8221;173&#8243;0 data-end=&#8221;1752&#8243;>k\u00fcldj\u00f6n nek\u00fcnk \u00fczenetet b\u00e1rmikor<\/strong>. Az\u00e9rt vagyunk itt, hogy seg\u00edts\u00fcnk!<\/p>\n<p data-start=\"1778\" data-end=\"1997\"><strong data-start=\"1778\" data-end=\"1821\">T\u00f6k\u00e9letes laptopjav\u00edt\u00e1shoz \u00e9s -friss\u00edt\u00e9shez<\/strong><br data-start=\"1821\" data-end=\"1824\" \/>Ez a HP EliteBook=&#8221;bekapcsol\u00f3gomb-k\u00e1rtya alapvet\u0151 fontoss\u00e1g\u00fa <strong\">endlap2=&#8221;7=&#8221;7&#8243;tart_lap2&#8243;>endlap2=&#8221;7-top8&#8243; r\u00e9sz<\/strong> technikusok, jav\u00edt\u00f3m\u0171helyek \u00e9s mindenki sz\u00e1m\u00e1ra, aki karbantartani vagy vissza\u00e1ll\u00edtani szeretn\u00e9 laptopja m\u0171k\u00f6d\u00e9s\u00e9t.<\/p>\n","protected":false},"excerpt":{"rendered":"<p data-start=\"388\" data-end=\"575\">Kiv\u00e1l\u00f3 min\u0151s\u00e9g\u0171 HP EliteBook laptop bekapcsol\u00f3gomb k\u00e1rtya k\u00e1bellel, kompatibilis a 840, 850, 740, 745 G5 \u00e9s amp; G6. Eredeti cserealkatr\u00e9sz a m\u0171k\u00f6d\u0151k\u00e9pess\u00e9g helyre\u00e1ll\u00edt\u00e1s\u00e1hoz. Val\u00f3di fot\u00f3k mell\u00e9kelve!<\/p>\n","protected":false},"featured_media":12614,"template":"","meta":[],"product_brand":[],"product_cat":[27],"product_tag":[25],"class_list":{"0":"post-12557","1":"product","2":"type-product","3":"status-publish","4":"has-post-thumbnail","6":"product_cat-motherboards-board-parts","7":"product_tag-hp","9":"first","10":"instock","11":"taxable","12":"shipping-taxable","13":"purchasable","14":"product-type-simple"},"_links":{"self":[{"href":"https:\/\/boreait.com\/hu\/wp-json\/wp\/v2\/product\/12557","targetHints":{"allow":["GET"]}}],"collection":[{"href":"https:\/\/boreait.com\/hu\/wp-json\/wp\/v2\/product"}],"about":[{"href":"https:\/\/boreait.com\/hu\/wp-json\/wp\/v2\/types\/product"}],"wp:featuredmedia":[{"embeddable":true,"href":"https:\/\/boreait.com\/hu\/wp-json\/wp\/v2\/media\/12614"}],"wp:attachment":[{"href":"https:\/\/boreait.com\/hu\/wp-json\/wp\/v2\/media?parent=12557"}],"wp:term":[{"taxonomy":"product_brand","embeddable":true,"href":"https:\/\/boreait.com\/hu\/wp-json\/wp\/v2\/product_brand?post=12557"},{"taxonomy":"product_cat","embeddable":true,"href":"https:\/\/boreait.com\/hu\/wp-json\/wp\/v2\/product_cat?post=12557"},{"taxonomy":"product_tag","embeddable":true,"href":"https:\/\/boreait.com\/hu\/wp-json\/wp\/v2\/product_tag?post=12557"}],"curies":[{"name":"wp","href":"https:\/\/api.w.org\/{rel}","templated":true}]}}