{"id":12555,"date":"2025-09-17T13:47:58","date_gmt":"2025-09-17T11:47:58","guid":{"rendered":"https:\/\/boreait.com\/hu\/?post_type=product&#038;p=12555"},"modified":"2025-09-17T13:49:24","modified_gmt":"2025-09-17T11:49:24","slug":"hp-elitebook-840-820-830-g5-g6-laptop-fenykepezogep-webkamera-cserealkatresz-eredeti-es-tesztelt","status":"publish","type":"product","link":"https:\/\/boreait.com\/hu\/termek\/hp-elitebook-840-820-830-g5-g6-laptop-fenykepezogep-webkamera-cserealkatresz-eredeti-es-tesztelt\/","title":{"rendered":"HP EliteBook 840 820 830 G5 G6 laptop f\u00e9nyk\u00e9pez\u0151g\u00e9p webkamera cserealkatr\u00e9sz \u2013 eredeti \u00e9s tesztelt"},"content":{"rendered":"<p data-start=\"580\" data-end=\"646\"><strong data-start=\"580\" data-end=\"644\">HP EliteBook 840 820 830 G5 G6 laptopkamera \u2013 Eredeti cserealkatr\u00e9sz<\/strong><\/p>\n<p data-start=\"648\" data-end=\"879\">Gondoskodjon arr\u00f3l, hogy videoh\u00edv\u00e1sai, konferenci\u00e1i \u00e9s online megbesz\u00e9l\u00e9sei mindig tiszt\u00e1k legyenek ezzel az eredeti <strong data-start=\"741\" data-end=\"778\">HP EliteBook 840 820 830 G5 G6 laptopkamer\u00e1val<\/strong>. Kifejezetten ehhez a modellhez tervezt\u00e9k, \u00e9s megb\u00edzhat\u00f3an helyettes\u00edtheti a hib\u00e1s vagy s\u00e9r\u00fclt webkamer\u00e1t.<\/p>\n<p data-start=\"881\" data-end=\"900\"><strong data-start=\"881\" data-end=\"898\">F\u0151bb jellemz\u0151k:<\/strong><\/p>\n<ul data-start=\"901\" data-end=\"1176\">\n<li data-start=\"901\" data-end=\"960\">\n<p data-start=\"903\" data-end=\"960\">Kompatibilis a <strong data-start=\"919\" data-end=\"942\">HP EliteBook\u00a0840 820 830 G5 G6<\/strong> sorozat\u00fa laptopokkal.<\/p>\n<\/li>\n<li data-start=\"961\" data-end=\"1033\">\n<p data-start=\"963\" data-end=\"1033\">Kiv\u00e1l\u00f3 min\u0151s\u00e9g\u0171 webkamera videoh\u00edv\u00e1sokhoz, online \u00e9rtekezletekhez \u00e9s adatfolyamokhoz.<\/p>\n<\/li>\n<li data-start=\"1034\" data-end=\"1086\">\n<p data-start=\"1036\" data-end=\"1086\">Teljesen tesztelt, kiv\u00e1l\u00f3 m\u0171k\u00f6d\u00e9si \u00e1llapotban.<\/p>\n<\/li>\n<li data-start=\"1087\" data-end=\"1119\">\n<p data-start=\"1089\" data-end=\"1119\">Eredeti HP cserealkatr\u00e9sz.<\/p>\n<\/li>\n<li data-start=\"1120\" data-end=\"1176\">\n<p data-start=\"1122\" data-end=\"1176\"><strong data-start=\"1122\" data-end=\"1137\">Val\u00f3di fot\u00f3k<\/strong> a t\u00e9nyleges r\u00e9szr\u0151l, amelyet megkap.<\/p>\n<\/li>\n<\/ul>\n<p data-start=\"1178\" data-end=\"1379\">Ez egy t\u00f6k\u00e9letes megold\u00e1s, ha a be\u00e9p\u00edtett kamer\u00e1ja nem m\u0171k\u00f6dik, vagy cser\u00e9re van sz\u00fcks\u00e9ge jav\u00edt\u00e1s miatt. B\u00e1r nem adunk telep\u00edt\u00e9si utas\u00edt\u00e1sokat, <strong data-start=\"1341\" data-end=\"1376\">b\u00e1rmikor \u00fczenetet k\u00fcldhet nek\u00fcnk \u00fatmutat\u00e1s\u00e9rt<\/strong>.<\/p>\n<p data-start=\"1381\" data-end=\"1521\">Friss\u00edtse laptopja \u00e9lm\u00e9ny\u00e9t egy kiv\u00e1l\u00f3 min\u0151s\u00e9g\u0171 csere <strong data-start=\"1444\" data-end=\"1474\">HP EliteBook 840 820 830 G5 G6 kamer\u00e1val<\/strong>, \u00e9s \u00e9lvezze a tiszta, megb\u00edzhat\u00f3 videoteljes\u00edtm\u00e9nyt.<\/p>\n<p data-start=\"1523\" data-end=\"1636\">\n","protected":false},"excerpt":{"rendered":"<p data-start=\"298\" data-end=\"526\">Friss\u00edtse vagy cser\u00e9lje ki HP EliteBook 840 820 830 G5 G6 laptop webkamer\u00e1j\u00e1t ezzel az eredeti, teljesen tesztelt kamer\u00e1val. T\u00f6k\u00e9letes tiszta videoh\u00edv\u00e1sokhoz \u00e9s z\u00f6kken\u0151mentes m\u0171k\u00f6d\u00e9shez. Val\u00f3di fot\u00f3k az alkatr\u00e9szr\u0151l. \u00cdrjon nek\u00fcnk, ha tov\u00e1bbi seg\u00edts\u00e9gre van sz\u00fcks\u00e9ge.<\/p>\n","protected":false},"featured_media":12611,"template":"","meta":[],"product_brand":[],"product_cat":[23],"product_tag":[25],"class_list":{"0":"post-12555","1":"product","2":"type-product","3":"status-publish","4":"has-post-thumbnail","6":"product_cat-laptop-camera","7":"product_tag-hp","9":"first","10":"instock","11":"taxable","12":"shipping-taxable","13":"purchasable","14":"product-type-simple"},"_links":{"self":[{"href":"https:\/\/boreait.com\/hu\/wp-json\/wp\/v2\/product\/12555","targetHints":{"allow":["GET"]}}],"collection":[{"href":"https:\/\/boreait.com\/hu\/wp-json\/wp\/v2\/product"}],"about":[{"href":"https:\/\/boreait.com\/hu\/wp-json\/wp\/v2\/types\/product"}],"wp:featuredmedia":[{"embeddable":true,"href":"https:\/\/boreait.com\/hu\/wp-json\/wp\/v2\/media\/12611"}],"wp:attachment":[{"href":"https:\/\/boreait.com\/hu\/wp-json\/wp\/v2\/media?parent=12555"}],"wp:term":[{"taxonomy":"product_brand","embeddable":true,"href":"https:\/\/boreait.com\/hu\/wp-json\/wp\/v2\/product_brand?post=12555"},{"taxonomy":"product_cat","embeddable":true,"href":"https:\/\/boreait.com\/hu\/wp-json\/wp\/v2\/product_cat?post=12555"},{"taxonomy":"product_tag","embeddable":true,"href":"https:\/\/boreait.com\/hu\/wp-json\/wp\/v2\/product_tag?post=12555"}],"curies":[{"name":"wp","href":"https:\/\/api.w.org\/{rel}","templated":true}]}}