{"id":12539,"date":"2025-09-17T13:47:32","date_gmt":"2025-09-17T11:47:32","guid":{"rendered":"https:\/\/boreait.com\/hu\/?post_type=product&#038;p=12539"},"modified":"2025-09-17T13:49:00","modified_gmt":"2025-09-17T11:49:00","slug":"hp-elitebook-zbook-745-g5-840-g5-g6-14u-g5-laptop-hutoborda-ventilator-l14372-001","status":"publish","type":"product","link":"https:\/\/boreait.com\/hu\/termek\/hp-elitebook-zbook-745-g5-840-g5-g6-14u-g5-laptop-hutoborda-ventilator-l14372-001\/","title":{"rendered":"HP EliteBook \/ ZBook 745 G5 840 G5 G6 14u G5 laptop h\u0171t\u0151borda + ventil\u00e1tor L14372-001"},"content":{"rendered":"<p data-start=\"639\" data-end=\"777\">Gondoskodjon az optim\u00e1lis teljes\u00edtm\u00e9nyr\u0151l, \u00e9s akad\u00e1lyozza meg a t\u00falmeleged\u00e9st ezzel az <strong data-start=\"700\" data-end=\"735\">eredeti HP laptop h\u0171t\u0151bord\u00e1val \u00e9s ventil\u00e1torral<\/strong>, amely egyenletes \u00e9s csendes h\u0171t\u00e9st biztos\u00edt.<\/p>\n<p data-start=\"779\" data-end=\"799\"><strong data-start=\"779\" data-end=\"797\">Kompatibilit\u00e1s:<\/strong><\/p>\n<ul data-start=\"800\" data-end=\"872\">\n<li data-start=\"800\" data-end=\"823\">\n<p data-start=\"802\" data-end=\"823\">HP EliteBook 745 G5<\/p>\n<\/li>\n<li data-start=\"824\" data-end=\"852\">\n<p data-start=\"826\" data-end=\"852\">HP EliteBook 840 G5 \/ G6<\/p>\n<\/li>\n<li data-start=\"853\" data-end=\"872\">\n<p data-start=\"855\" data-end=\"872\">HP ZBook 14u G5<\/p>\n<\/li>\n<\/ul>\n<p data-start=\"874\" data-end=\"983\"><strong data-start=\"874\" data-end=\"890\">Alkatr\u00e9szsz\u00e1m:<\/strong> L14372-001 \/ EG75050S1-C010-S9A<br data-start=\"922\" data-end=\"925\" \/><strong data-end=\"925\" \/> data-end=&#8221;934&#8243;>T\u00edpus:<\/strong> UMA (Unified Memory Architecture) h\u0171t\u0151borda ventil\u00e1tor<\/p>\n<p data-start=\"985\" data-end=\"1000\"><strong data-start=\"985\" data-end=\"998\">Jellemz\u0151k:<\/strong><\/p>\n<ul data-start=\"1001\" data-end=\"1237\">\n<li data-start=\"1001\" data-end=\"1050\">\n<p data-start=\"1003\" data-end=\"1050\">Hat\u00e9kony h\u0171t\u00e9s nagy ig\u00e9nybev\u00e9tel melletti laptopokhoz<\/p>\n<\/li>\n<li data-start=\"1051\" data-end=\"1096\">\n<p data-start=\"1053\" data-end=\"1096\">OEM min\u0151s\u00e9g\u0171 alkatr\u00e9sz a megb\u00edzhat\u00f3 teljes\u00edtm\u00e9ny \u00e9rdek\u00e9ben<\/p>\n<\/li>\n<li data-start=\"1097\" data-end=\"1168\">\n<p data-start=\"1099\" data-end=\"1168\">Stabilan tartja a laptop h\u0151m\u00e9rs\u00e9klet\u00e9t, megakad\u00e1lyozva a h\u0151szab\u00e1lyoz\u00e1st<\/p>\n<\/li>\n<li data-start=\"1169\" data-end=\"1237\">\n<p data-start=\"1171\" data-end=\"1237\">Val\u00f3di fot\u00f3k a biztos\u00edtott r\u00e9szr\u0151l \u2013 pontosan mit kapsz<\/p>\n<\/li>\n<\/ul>\n<p data-start=\"1239\" data-end=\"1251\"><strong data-start=\"1239\" data-end=\"1249\">Megjegyz\u00e9sek:<\/strong><\/p>\n<ul data-start=\"1252\" data-end=\"1410\">\n<li data-start=\"1252\" data-end=\"1316\">\n<p data-start=\"1254\" data-end=\"1316\">Ez egy cserealkatr\u00e9sz laptopja h\u0171t\u0151rendszer\u00e9hez.<\/p>\n<\/li>\n<li data-start=\"1317\" data-end=\"1410\">\n<p data-start=\"1319\" data-end=\"1410\">Nem adunk telep\u00edt\u00e9si utas\u00edt\u00e1sokat, de ha \u00fatmutat\u00e1sra van sz\u00fcks\u00e9ge, \u00edrjon nek\u00fcnk \u00fczenetet.<\/p>\n<\/li>\n<\/ul>\n<p data-start=\"1412\" data-end=\"1644\">Friss\u00edtse laptopj\u00e1t ezzel a <strong data-start=\"1442\" data-end=\"1474\">j\u00f3 min\u0151s\u00e9g\u0171 HP h\u0171t\u0151borda ventil\u00e1torral<\/strong>, \u00e9s gondoskodjon arr\u00f3l, hogy rendszere h\u0171v\u00f6s maradjon munka, j\u00e1t\u00e9k vagy mindennapi feladatok k\u00f6zben. T\u00f6k\u00e9letes mindenkinek, aki <strong data-start=\"1582\" data-end=\"1607\">megb\u00edzhat\u00f3 laptop alkatr\u00e9szeket<\/strong> keres HP EliteBook vagy ZBook laptopokhoz.<\/p>\n","protected":false},"excerpt":{"rendered":"<p>Friss\u00edtse vagy cser\u00e9lje ki laptopja h\u0171t\u0151rendszer\u00e9t ezzel az eredeti <strong data-start=\"369\" data-end=\"415\">HP EliteBook \u00e9s ZBook 14u G5 h\u0171t\u0151borda ventil\u00e1torral<\/strong>. Kompatibilis a 745 G5, 840 G5\/G6 \u00e9s ZBook 14u G5 modellekkel, cikksz\u00e1m: <strong data-start=\"489\" data-end=\"524\">L14372-001 \/ EG75050S1-C010-S9A<\/strong>. Val\u00f3di fot\u00f3k mell\u00e9kelve. B\u00e1rmilyen telep\u00edt\u00e9si seg\u00edts\u00e9g\u00e9rt \u00edrjon nek\u00fcnk.<\/p>\n","protected":false},"featured_media":12600,"template":"","meta":[],"product_brand":[],"product_cat":[33],"product_tag":[25],"class_list":{"0":"post-12539","1":"product","2":"type-product","3":"status-publish","4":"has-post-thumbnail","6":"product_cat-cpu-fans-heatsinks","7":"product_tag-hp","9":"first","10":"instock","11":"taxable","12":"shipping-taxable","13":"purchasable","14":"product-type-simple"},"_links":{"self":[{"href":"https:\/\/boreait.com\/hu\/wp-json\/wp\/v2\/product\/12539","targetHints":{"allow":["GET"]}}],"collection":[{"href":"https:\/\/boreait.com\/hu\/wp-json\/wp\/v2\/product"}],"about":[{"href":"https:\/\/boreait.com\/hu\/wp-json\/wp\/v2\/types\/product"}],"wp:featuredmedia":[{"embeddable":true,"href":"https:\/\/boreait.com\/hu\/wp-json\/wp\/v2\/media\/12600"}],"wp:attachment":[{"href":"https:\/\/boreait.com\/hu\/wp-json\/wp\/v2\/media?parent=12539"}],"wp:term":[{"taxonomy":"product_brand","embeddable":true,"href":"https:\/\/boreait.com\/hu\/wp-json\/wp\/v2\/product_brand?post=12539"},{"taxonomy":"product_cat","embeddable":true,"href":"https:\/\/boreait.com\/hu\/wp-json\/wp\/v2\/product_cat?post=12539"},{"taxonomy":"product_tag","embeddable":true,"href":"https:\/\/boreait.com\/hu\/wp-json\/wp\/v2\/product_tag?post=12539"}],"curies":[{"name":"wp","href":"https:\/\/api.w.org\/{rel}","templated":true}]}}