{"id":12513,"date":"2025-09-17T13:46:36","date_gmt":"2025-09-17T11:46:36","guid":{"rendered":"https:\/\/boreait.com\/hu\/?post_type=product&#038;p=12513"},"modified":"2025-09-17T13:48:26","modified_gmt":"2025-09-17T11:48:26","slug":"hp-elitebook-840-g2-14-eredeti-laptop-processzorhuto-hutoborda-es-ventilator-803016-001","status":"publish","type":"product","link":"https:\/\/boreait.com\/hu\/termek\/hp-elitebook-840-g2-14-eredeti-laptop-processzorhuto-hutoborda-es-ventilator-803016-001\/","title":{"rendered":"HP EliteBook 840 G2 14&#8243; eredeti laptop processzorh\u0171t\u0151 h\u0171t\u0151borda \u00e9s ventil\u00e1tor 803016-001"},"content":{"rendered":"<p data-start=\"578\" data-end=\"656\"><strong data-start=\"578\" data-end=\"654\">HP EliteBook 840 G2 14&#8243; eredeti laptop CPU h\u0171t\u0151borda \u00e9s ventil\u00e1tor \u2013 803016-001<\/strong><\/p>\n<p data-start=\"658\" data-end=\"986\">Gondoskodjon arr\u00f3l, hogy HP EliteBook 840 G2 h\u0171v\u00f6s maradjon \u00e9s hat\u00e9konyan m\u0171k\u00f6dj\u00f6n ezzel az <strong data-start=\"736\" data-end=\"775\">eredeti laptop CPU h\u0171t\u0151bord\u00e1val &amp; Rajong\u00f3<\/strong>t. Ez a kifejezetten a 14 h\u00fcvelykes EliteBook 840 G2 sorozathoz tervezett OEM alkatr\u00e9sz (modell <strong data-start=\"857\" data-end=\"871\">803016-001<\/strong>) seg\u00edt megel\u0151zni a t\u00falmeleged\u00e9st, v\u00e9di a bels\u0151 alkatr\u00e9szeket, \u00e9s meg\u0151rzi az optim\u00e1lis teljes\u00edtm\u00e9nyt hosszabb haszn\u00e1lat sor\u00e1n.<\/p>\n<p data-start=\"988\" data-end=\"1007\"><strong data-start=\"988\" data-end=\"1005\">F\u0151bb jellemz\u0151k:<\/strong><\/p>\n<ul data-start=\"1008\" data-end=\"1560\">\n<li data-start=\"1008\" data-end=\"1124\">\n<p data-start=\"1010\" data-end=\"1124\"><strong data-start=\"1010\" data-end=\"1030\">Eredeti HP alkatr\u00e9sz:<\/strong> Az eredeti berendez\u00e9sgy\u00e1rt\u00f3 (OEM) min\u0151s\u00e9ge t\u00f6k\u00e9letes illeszked\u00e9st \u00e9s megb\u00edzhat\u00f3 teljes\u00edtm\u00e9nyt biztos\u00edt.<\/p>\n<\/li>\n<li data-start=\"1125\" data-end=\"1212\">\n<p data-start=\"1127\" data-end=\"1212\"><strong data-start=\"1127\" data-end=\"1151\">Modelkompatibilit\u00e1s:<\/strong> Kifejezetten HP EliteBook 840 G2 14&#8243;-es laptopokhoz tervezve.<\/p>\n<\/li>\n<li data-start=\"1213\" data-end=\"1335\">\n<p data-start=\"1215\" data-end=\"1335\"><strong data-start=\"1215\" data-end=\"1238\">H\u0171t\u00e9si hat\u00e9konys\u00e1g:<\/strong> A kiv\u00e1l\u00f3 min\u0151s\u00e9g\u0171 h\u0171t\u0151borda hat\u00e9konyan elvezeti a h\u0151t a CPU-b\u00f3l, \u00edgy megakad\u00e1lyozza a h\u0151szab\u00e1lyoz\u00e1st.<\/p>\n<\/li>\n<li data-start=\"1336\" data-end=\"1436\">\n<p data-start=\"1338\" data-end=\"1436\"><strong data-start=\"1338\" data-end=\"1352\">\u00c1llapot:<\/strong> \u00daj \u00e9s nem haszn\u00e1lt. Val\u00f3di fot\u00f3kkal \u00e9rkezik, amelyeken pontosan az alkatr\u00e9sz l\u00e1that\u00f3, amelyet kapni fog.<\/p>\n<\/li>\n<li data-start=\"1437\" data-end=\"1560\">\n<p data-start=\"1439\" data-end=\"1560\"><strong data-start=\"1439\" data-end=\"1451\">T\u00e1mogat\u00e1s:<\/strong> Telep\u00edt\u00e9si utas\u00edt\u00e1sokat nem adunk, de a vev\u0151k b\u00e1rmilyen tov\u00e1bbi seg\u00edts\u00e9g\u00e9rt \u00fczenetet k\u00fcldhetnek nek\u00fcnk.<\/p>\n<\/li>\n<\/ul>\n<p data-start=\"1562\" data-end=\"1758\">Ez a h\u0171t\u0151borda ide\u00e1lis mindenkinek, aki HP EliteBook 840 G2 k\u00e9sz\u00fcl\u00e9ket jav\u00edt, friss\u00edt vagy karbantart. Ezzel a n\u00e9lk\u00fcl\u00f6zhetetlen <strong data-start=\"1740\" data-end=\"1755\">laptopr\u00e9sszel<\/strong> tartsa z\u00f6kken\u0151mentesen laptopj\u00e1t, \u00e9s ker\u00fclje el a t\u00falmeleged\u00e9si probl\u00e9m\u00e1kat.<\/p>\n<p data-start=\"1760\" data-end=\"1875\"><strong data-start=\"1760\" data-end=\"1769\">Megjegyz\u00e9s:<\/strong> Az adatlapon szerepl\u0151 fot\u00f3k az aktu\u00e1lis r\u00e9szr\u0151l sz\u00f3lnak, amit kap, \u00edgy pontosan tudja, mit kap.<\/p>\n","protected":false},"excerpt":{"rendered":"<p>Tartsa h\u0171v\u00f6sen HP EliteBook 840 G2-j\u00e9t ezzel az eredeti CPU-h\u0171t\u0151 h\u0171t\u0151bord\u00e1val. Kompatibilis, megb\u00edzhat\u00f3 \u00e9s az eredeti specifik\u00e1ci\u00f3k szerint k\u00e9sz\u00fclt. Val\u00f3di fot\u00f3k az alkatr\u00e9szr\u0151l. \u00cdrjon nek\u00fcnk, ha tov\u00e1bbi seg\u00edts\u00e9gre van sz\u00fcks\u00e9ge.<\/p>\n","protected":false},"featured_media":12578,"template":"","meta":[],"product_brand":[],"product_cat":[33],"product_tag":[25],"class_list":{"0":"post-12513","1":"product","2":"type-product","3":"status-publish","4":"has-post-thumbnail","6":"product_cat-cpu-fans-heatsinks","7":"product_tag-hp","9":"first","10":"instock","11":"taxable","12":"shipping-taxable","13":"purchasable","14":"product-type-simple"},"_links":{"self":[{"href":"https:\/\/boreait.com\/hu\/wp-json\/wp\/v2\/product\/12513","targetHints":{"allow":["GET"]}}],"collection":[{"href":"https:\/\/boreait.com\/hu\/wp-json\/wp\/v2\/product"}],"about":[{"href":"https:\/\/boreait.com\/hu\/wp-json\/wp\/v2\/types\/product"}],"wp:featuredmedia":[{"embeddable":true,"href":"https:\/\/boreait.com\/hu\/wp-json\/wp\/v2\/media\/12578"}],"wp:attachment":[{"href":"https:\/\/boreait.com\/hu\/wp-json\/wp\/v2\/media?parent=12513"}],"wp:term":[{"taxonomy":"product_brand","embeddable":true,"href":"https:\/\/boreait.com\/hu\/wp-json\/wp\/v2\/product_brand?post=12513"},{"taxonomy":"product_cat","embeddable":true,"href":"https:\/\/boreait.com\/hu\/wp-json\/wp\/v2\/product_cat?post=12513"},{"taxonomy":"product_tag","embeddable":true,"href":"https:\/\/boreait.com\/hu\/wp-json\/wp\/v2\/product_tag?post=12513"}],"curies":[{"name":"wp","href":"https:\/\/api.w.org\/{rel}","templated":true}]}}