{"id":12498,"date":"2025-09-17T13:46:05","date_gmt":"2025-09-17T11:46:05","guid":{"rendered":"https:\/\/boreait.com\/hu\/?post_type=product&#038;p=12498"},"modified":"2025-09-17T13:48:05","modified_gmt":"2025-09-17T11:48:05","slug":"hp-elitebook-840-g1-14-elulso-lcd-elolap-730952-001-laptop-alkatreszeinek-csereje","status":"publish","type":"product","link":"https:\/\/boreait.com\/hu\/termek\/hp-elitebook-840-g1-14-elulso-lcd-elolap-730952-001-laptop-alkatreszeinek-csereje\/","title":{"rendered":"HP EliteBook 840 G1 14&#8243; el\u00fcls\u0151 LCD el\u0151lap 730952-001 | Laptop alkatr\u00e9szeinek cser\u00e9je"},"content":{"rendered":"<p data-start=\"576\" data-end=\"658\"><strong data-start=\"576\" data-end=\"656\">Friss\u00edtse vagy jav\u00edtsa meg HP EliteBook 840 G1 k\u00e9sz\u00fcl\u00e9k\u00e9t ezzel az eredeti LCD el\u0151lappal<\/strong><\/p>\n<p data-start=\"660\" data-end=\"959\">Ez egy kiv\u00e1l\u00f3 min\u0151s\u00e9g\u0171 <strong data-start=\"683\" data-end=\"751\">HP EliteBook 840 G1 14&#8243;-es el\u00fcls\u0151 LCD-el\u0151lap (cikksz\u00e1m: 730952-001)<\/strong>, amelyet arra terveztek, hogy kicser\u00e9lje a laptop s\u00e9r\u00fclt, megrepedt k\u00e9perny\u0151j\u00e9n vagy a n\u00e9lk\u00fcl\u00f6zhetetlen el\u0151lapj\u00e1n. data-start=&#8221;851&#8243; data-end=&#8221;866&#8243;>laptop alkatr\u00e9sz<\/strong> mindenkinek, aki szeretn\u00e9 vissza\u00e1ll\u00edtani HP EliteBook 840 G1 eredeti megjelen\u00e9s\u00e9t \u00e9s funkci\u00f3j\u00e1t.<\/p>\n<p data-start=\"961\" data-end=\"980\"><strong data-start=\"961\" data-end=\"978\">F\u0151bb jellemz\u0151k:<\/strong><\/p>\n<ul data-start=\"981\" data-end=\"1233\">\n<li data-start=\"981\" data-end=\"1025\">\n<p data-start=\"983\" data-end=\"1025\">Eredeti HP cserealkatr\u00e9sz \u2013 730952-001<\/p>\n<\/li>\n<li data-start=\"1026\" data-end=\"1076\">\n<p data-start=\"1028\" data-end=\"1076\">Kompatibilis a HP EliteBook 840 G1 14&#8243;-es modellekkel<\/p>\n<\/li>\n<li data-start=\"1077\" data-end=\"1122\">\n<p data-start=\"1079\" data-end=\"1122\">Tart\u00f3s konstrukci\u00f3 a hossz\u00fa \u00e9lettartam \u00e9rdek\u00e9ben<\/p>\n<\/li>\n<li data-start=\"1123\" data-end=\"1181\">\n<p data-start=\"1125\" data-end=\"1181\">Val\u00f3di fot\u00f3kat tartalmaz a t\u00e9nyleges r\u00e9szr\u0151l, amelyet kapni fog<\/p>\n<\/li>\n<li data-start=\"1182\" data-end=\"1233\">\n<p data-start=\"1184\" data-end=\"1233\">Egyszer\u0171 friss\u00edt\u00e9s a t\u00f6bbi \u00f6sszetev\u0151 befoly\u00e1sol\u00e1sa n\u00e9lk\u00fcl<\/p>\n<\/li>\n<\/ul>\n<p data-start=\"1235\" data-end=\"1477\"><strong data-start=\"1235\" data-end=\"1260\">Mi\u00e9rt v\u00e1lassza ezt a r\u00e9szt:<\/strong><br data-start=\"1260\" data-end=\"1263\" \/>A s\u00e9r\u00fclt el\u0151lap cser\u00e9je jav\u00edthatja laptopja tart\u00f3ss\u00e1g\u00e1t \u00e9s megjelen\u00e9s\u00e9t, mik\u00f6zben v\u00e9di az LCD-k\u00e9perny\u0151t. Ez az el\u0151lap k\u00f6zvetlen\u00fcl illeszkedik az OEM specifik\u00e1ci\u00f3ihoz, \u00edgy biztos\u00edtva a megfelel\u0151 be\u00e1ll\u00edt\u00e1st \u00e9s stabilit\u00e1st.<\/p>\n<p data-start=\"1479\" data-end=\"1501\"><strong data-start=\"1479\" data-end=\"1499\">Fontos megjegyz\u00e9sek:<\/strong><\/p>\n<ul data-start=\"1502\" data-end=\"1678\">\n<li data-start=\"1502\" data-end=\"1610\">\n<p data-start=\"1504\" data-end=\"1610\">Nem adunk utas\u00edt\u00e1sokat az alkatr\u00e9sz cser\u00e9j\u00e9hez, de ha seg\u00edts\u00e9gre van sz\u00fcks\u00e9ge, nyugodtan \u00edrjon nek\u00fcnk.<\/p>\n<\/li>\n<li data-start=\"1611\" data-end=\"1678\">\n<p data-start=\"1613\" data-end=\"1678\">A list\u00e1ban szerepl\u0151 fot\u00f3k a t\u00e9nylegesen megkapott term\u00e9kr\u0151l k\u00e9sz\u00fcltek.<\/p>\n<\/li>\n<\/ul>\n<p data-start=\"1680\" data-end=\"1698\"><strong data-start=\"1680\" data-end=\"1696\">T\u00f6k\u00e9letes:<\/strong><\/p>\n<ul data-start=\"1699\" data-end=\"1780\">\n<li data-start=\"1699\" data-end=\"1729\">\n<p data-start=\"1701\" data-end=\"1729\">HP EliteBook 840 G1 tulajdonosok<\/p>\n<\/li>\n<li data-start=\"1730\" data-end=\"1753\">\n<p data-start=\"1732\" data-end=\"1753\">Laptop-jav\u00edt\u00f3 m\u0171helyek<\/p>\n<\/li>\n<li data-start=\"1754\" data-end=\"1780\">\n<p data-start=\"1756\" data-end=\"1780\">bark\u00e1csol\u00e1s-rajong\u00f3 laptopok<\/p>\n<\/li>\n<\/ul>\n<p data-start=\"1782\" data-end=\"1883\">Befektessen be egy <strong data-start=\"1794\" data-end=\"1817\">eredeti laptop-alkatr\u00e9szbe<\/strong>, \u00e9s \u00e1ll\u00edtsa vissza HP EliteBook 840 G1 k\u00e9sz\u00fcl\u00e9k\u00e9t m\u00e9g ma!<\/p>\n","protected":false},"excerpt":{"rendered":"<p>Pr\u00e9mium csere el\u00fcls\u0151 LCD el\u0151lap a HP EliteBook 840 G1 14&#8243;. Eredeti alkatr\u00e9sz (730952-001), t\u00f6k\u00e9letes laptopja jav\u00edt\u00e1s\u00e1hoz vagy friss\u00edt\u00e9s\u00e9hez. Val\u00f3di f\u00e9nyk\u00e9peket mell\u00e9kel\u00fcnk \u2013 amit l\u00e1t, azt kapja! Tov\u00e1bbi t\u00e1mogat\u00e1s\u00e9rt \u00edrjon nek\u00fcnk.<\/p>\n","protected":false},"featured_media":12563,"template":"","meta":[],"product_brand":[],"product_cat":[16],"product_tag":[25],"class_list":{"0":"post-12498","1":"product","2":"type-product","3":"status-publish","4":"has-post-thumbnail","6":"product_cat-laptop-housing","7":"product_tag-hp","9":"first","10":"instock","11":"taxable","12":"shipping-taxable","13":"purchasable","14":"product-type-simple"},"_links":{"self":[{"href":"https:\/\/boreait.com\/hu\/wp-json\/wp\/v2\/product\/12498","targetHints":{"allow":["GET"]}}],"collection":[{"href":"https:\/\/boreait.com\/hu\/wp-json\/wp\/v2\/product"}],"about":[{"href":"https:\/\/boreait.com\/hu\/wp-json\/wp\/v2\/types\/product"}],"wp:featuredmedia":[{"embeddable":true,"href":"https:\/\/boreait.com\/hu\/wp-json\/wp\/v2\/media\/12563"}],"wp:attachment":[{"href":"https:\/\/boreait.com\/hu\/wp-json\/wp\/v2\/media?parent=12498"}],"wp:term":[{"taxonomy":"product_brand","embeddable":true,"href":"https:\/\/boreait.com\/hu\/wp-json\/wp\/v2\/product_brand?post=12498"},{"taxonomy":"product_cat","embeddable":true,"href":"https:\/\/boreait.com\/hu\/wp-json\/wp\/v2\/product_cat?post=12498"},{"taxonomy":"product_tag","embeddable":true,"href":"https:\/\/boreait.com\/hu\/wp-json\/wp\/v2\/product_tag?post=12498"}],"curies":[{"name":"wp","href":"https:\/\/api.w.org\/{rel}","templated":true}]}}