{"id":12497,"date":"2025-09-17T13:46:05","date_gmt":"2025-09-17T11:46:05","guid":{"rendered":"https:\/\/boreait.com\/hu\/?post_type=product&#038;p=12497"},"modified":"2025-09-17T13:47:55","modified_gmt":"2025-09-17T11:47:55","slug":"laptop-alkatreszek-lcd-felso-elso-burkolat-ab-hp-elitebook-840-g1-g2-740-745-pn-779682-001","status":"publish","type":"product","link":"https:\/\/boreait.com\/hu\/termek\/laptop-alkatreszek-lcd-felso-elso-burkolat-ab-hp-elitebook-840-g1-g2-740-745-pn-779682-001\/","title":{"rendered":"Laptop alkatr\u00e9szek LCD fels\u0151 els\u0151 burkolat A+B HP EliteBook 840 G1 G2 740 745 PN 779682-001"},"content":{"rendered":"<p data-start=\"796\" data-end=\"1117\">Ez egy eredeti <strong data-start=\"814\" data-end=\"829\">laptop alkatr\u00e9sz<\/strong> \u2013 az <strong data-start=\"836\" data-end=\"866\">LCD fels\u0151 vagy el\u00fcls\u0151 A+B bor\u00edt\u00f3<\/strong>, amelyet a HP EliteBook sorozatokhoz terveztek. Teljesen kompatibilis a <strong data-start=\"929\" data-end=\"996\">HP EliteBook 840 G1, 840 G2, 740 G1, 745 G1, 740 G2 \u00e9s 745 G2<\/strong> modellekkel. A cikksz\u00e1mok a k\u00f6vetkez\u0151ket tartalmazz\u00e1k: <strong data-start=\"1030\" data-end=\"1044\">779682-001<\/strong> \u00e9s <strong data-start=\"1049\" data-end=\"1063\">730949-001<\/strong>, biztos\u00edtva a megfelel\u0151 illeszked\u00e9st \u00e9s kivitelt az eszk\u00f6zh\u00f6z.<\/p>\n<p data-start=\"1119\" data-end=\"1373\">Ak\u00e1r karcos, repedt vagy elt\u00f6rt eredeti bor\u00edt\u00f3ja, ez a csere friss\u00edtett \u00e9s professzion\u00e1lis megjelen\u00e9st k\u00f6lcs\u00f6n\u00f6z laptopj\u00e1nak. Eredeti HP burkolatk\u00e9nt meg\u0151rzi a tart\u00f3ss\u00e1got, a megfelel\u0151 be\u00e1ll\u00edt\u00e1st \u00e9s a tiszta fel\u00fcletet az \u00e1ltal\u00e1nos cser\u00e9kkel \u00f6sszehasonl\u00edtva.<\/p>\n<p data-start=\"1375\" data-end=\"1402\">\u2714 <strong data-start=\"1377\" data-end=\"1400\">Kiemelt term\u00e9kek:<\/strong><\/p>\n<ul data-start=\"1403\" data-end=\"1722\">\n<li data-start=\"1403\" data-end=\"1454\">\n<p data-start=\"1405\" data-end=\"1454\">Eredeti <strong data-start=\"1413\" data-end=\"1428\">laptop alkatr\u00e9sz<\/strong> a HP EliteBook modellekhez<\/p>\n<\/li>\n<li data-start=\"1455\" data-end=\"1484\">\n<p data-start=\"1457\" data-end=\"1484\">LCD fels\u0151 \/ els\u0151 A+B bor\u00edt\u00f3<\/p>\n<\/li>\n<li data-start=\"1485\" data-end=\"1555\">\n<p data-start=\"1487\" data-end=\"1555\">Kompatibilis a k\u00f6vetkez\u0151kkel: <strong data-start=\"1503\" data-end=\"1553\">840 G1, 840 G2, 740 G1, 745 G1, 740 G2, 745 G2<\/strong><\/p>\n<\/li>\n<li data-start=\"1556\" data-end=\"1600\">\n<p data-start=\"1558\" data-end=\"1600\">Alkatr\u00e9szsz\u00e1mok: <strong data-start=\"1572\" data-end=\"1598\">779682-001, 730949-001<\/strong><\/p>\n<\/li>\n<li data-start=\"1601\" data-end=\"1658\">\n<p data-start=\"1603\" data-end=\"1658\">Ide\u00e1lis laptopja eredeti megjelen\u00e9s\u00e9nek vissza\u00e1ll\u00edt\u00e1s\u00e1hoz<\/p>\n<\/li>\n<li data-start=\"1659\" data-end=\"1722\">\n<p data-start=\"1661\" data-end=\"1722\">Val\u00f3di term\u00e9kfot\u00f3k \u2013 pontosan azt kapod, amit l\u00e1tsz<\/p>\n<\/li>\n<\/ul>\n<p data-start=\"1724\" data-end=\"1850\">\ud83d\udd27 <strong data-start=\"1727\" data-end=\"1743\">K\u00e9rj\u00fck, vegye figyelembe:<\/strong><br data-start=\"1743\" data-end=\"1746\" \/>A telep\u00edt\u00e9si utas\u00edt\u00e1sokat nem tartalmazza, de ha seg\u00edts\u00e9gre van sz\u00fcks\u00e9ge, forduljon hozz\u00e1nk bizalommal<\/p>\n<p>.<\/p>\n<p data-start=\"1852\" data-end=\"1931\">\ud83d\udcf8 A list\u00e1n szerepl\u0151 fot\u00f3k val\u00f3diak, \u00e9s pontosan azt a r\u00e9szt k\u00e9pviselik, amelyet \u00d6n kap.<\/p>\n<p data-start=\"1933\" data-end=\"2136\">Ez a bor\u00edt\u00f3 megb\u00edzhat\u00f3 megold\u00e1s, ha a min\u0151s\u00e9gi kompromisszumok n\u00e9lk\u00fcl szeretn\u00e9 vissza\u00e1ll\u00edtani HP EliteBook fels\u0151\/el\u00fcls\u0151 megjelen\u00e9s\u00e9t. T\u00f6k\u00e9letes a jav\u00edt\u00f3m\u0171helyek, informatikai technikusok \u00e9s a bark\u00e1csol\u00f3 laptopjav\u00edt\u00e1s szerelmesei sz\u00e1m\u00e1ra.<\/p>\n","protected":false},"excerpt":{"rendered":"<p>Kiv\u00e1l\u00f3 min\u0151s\u00e9g\u0171 eredeti <strong data-start=\"510\" data-end=\"525\">laptop alkatr\u00e9sz<\/strong> \u2013 LCD fels\u0151\/el\u00fcls\u0151 A+B burkolat, amely kompatibilis a HP EliteBook 840 G1\/G2, 740 \u00e9s 745 sorozattal. Eredeti csere P\/N 779682-001, 730949-001.<\/p>\n","protected":false},"featured_media":12553,"template":"","meta":[],"product_brand":[],"product_cat":[16],"product_tag":[25],"class_list":{"0":"post-12497","1":"product","2":"type-product","3":"status-publish","4":"has-post-thumbnail","6":"product_cat-laptop-housing","7":"product_tag-hp","9":"first","10":"instock","11":"taxable","12":"shipping-taxable","13":"purchasable","14":"product-type-simple"},"_links":{"self":[{"href":"https:\/\/boreait.com\/hu\/wp-json\/wp\/v2\/product\/12497","targetHints":{"allow":["GET"]}}],"collection":[{"href":"https:\/\/boreait.com\/hu\/wp-json\/wp\/v2\/product"}],"about":[{"href":"https:\/\/boreait.com\/hu\/wp-json\/wp\/v2\/types\/product"}],"wp:featuredmedia":[{"embeddable":true,"href":"https:\/\/boreait.com\/hu\/wp-json\/wp\/v2\/media\/12553"}],"wp:attachment":[{"href":"https:\/\/boreait.com\/hu\/wp-json\/wp\/v2\/media?parent=12497"}],"wp:term":[{"taxonomy":"product_brand","embeddable":true,"href":"https:\/\/boreait.com\/hu\/wp-json\/wp\/v2\/product_brand?post=12497"},{"taxonomy":"product_cat","embeddable":true,"href":"https:\/\/boreait.com\/hu\/wp-json\/wp\/v2\/product_cat?post=12497"},{"taxonomy":"product_tag","embeddable":true,"href":"https:\/\/boreait.com\/hu\/wp-json\/wp\/v2\/product_tag?post=12497"}],"curies":[{"name":"wp","href":"https:\/\/api.w.org\/{rel}","templated":true}]}}