{"id":12496,"date":"2025-09-17T13:46:05","date_gmt":"2025-09-17T11:46:05","guid":{"rendered":"https:\/\/boreait.com\/hu\/?post_type=product&#038;p=12496"},"modified":"2025-09-17T13:47:51","modified_gmt":"2025-09-17T11:47:51","slug":"hp-8-gb-ddr3-1600-sodimm-pc3l-12800s-sk-hynix-2rx8-laptop-ram-693374-001","status":"publish","type":"product","link":"https:\/\/boreait.com\/hu\/termek\/hp-8-gb-ddr3-1600-sodimm-pc3l-12800s-sk-hynix-2rx8-laptop-ram-693374-001\/","title":{"rendered":"HP 8 GB DDR3-1600 SODIMM PC3L-12800S SK hynix 2Rx8 laptop RAM 693374-001"},"content":{"rendered":"<p data-start=\"595\" data-end=\"745\">N\u00f6velje laptopja teljes\u00edtm\u00e9ny\u00e9t ezzel az <strong data-start=\"637\" data-end=\"714\">eredeti HP SK hynix 8GB DDR3-1600 SODIMM (PC3L-12800S) laptop RAM modul=&#8221;<\/strong>, cikksz\u00e1m: <strong data-8\"startsz\u00e1mmal data-end=\"742\">693374-001<\/strong>.<\/p>\n<p data-start=\"747\" data-end=\"944\">Ez a modul <strong data-start=\"767\" data-end=\"779\">1600 MHz-en<\/strong> m\u0171k\u00f6dik, <strong data-start=\"788\" data-end=\"810\">2Rx8 konfigur\u00e1ci\u00f3val<\/strong>, amely stabil teljes\u00edtm\u00e9nyt \u00e9s sok m\u00e1s D-m\u00e1rk\u00e1j\u00fa HP3-kompatibilit\u00e1st biztos\u00edt. SODIMM mem\u00f3ria.<\/p>\n<h3 data-start=\"946\" data-end=\"963\">F\u0151bb jellemz\u0151k:<\/h3>\n<ul data-start=\"964\" data-end=\"1182\">\n<li data-start=\"964\" data-end=\"990\">\n<p data-start=\"966\" data-end=\"990\">M\u00e1rka: <strong data-start=\"973\" data-end=\"990\">HP \/ SK hynix<\/strong><\/p>\n<\/li>\n<li data-start=\"991\" data-end=\"1010\">\n<p data-start=\"993\" data-end=\"1010\">Kapacit\u00e1s: <strong data-start=\"1003\" data-end=\"1010\">8 GB<\/strong><\/p>\n<\/li>\n<li data-start=\"1011\" data-end=\"1034\">\n<p data-start=\"1013\" data-end=\"1034\">T\u00edpus: <strong data-start=\"1019\" data-end=\"1034\">DDR3 SODIMM<\/strong><\/p>\n<\/li>\n<li data-start=\"1035\" data-end=\"1070\">\n<p data-start=\"1037\" data-end=\"1070\">Sebess\u00e9g: <strong data-start=\"1044\" data-end=\"1070\">1600 MHz (PC3L-12800S)<\/strong><\/p>\n<\/li>\n<li data-start=\"1071\" data-end=\"1100\">\n<p data-start=\"1073\" data-end=\"1100\">Alkatr\u00e9szsz\u00e1m: <strong data-start=\"1086\" data-end=\"1100\">693374-001<\/strong><\/p>\n<\/li>\n<li data-start=\"1101\" data-end=\"1126\">\n<p data-start=\"1103\" data-end=\"1126\">Konfigur\u00e1ci\u00f3: <strong data-start=\"1118\" data-end=\"1126\">2Rx8<\/strong><\/p>\n<\/li>\n<li data-start=\"1127\" data-end=\"1182\">\n<p data-start=\"1129\" data-end=\"1182\">Ide\u00e1lis a <strong data-start=\"1139\" data-end=\"1182\">laptop mem\u00f3ria b\u0151v\u00edt\u00e9s\u00e9hez \u00e9s cser\u00e9j\u00e9hez<\/strong><\/p>\n<\/li>\n<\/ul>\n<h3 data-start=\"1184\" data-end=\"1216\">Mi\u00e9rt v\u00e1lassza ezt a laptopr\u00e9szt?<\/h3>\n<p data-start=\"1217\" data-end=\"1502\">Ak\u00e1r hib\u00e1s RAM-ot cser\u00e9l, ak\u00e1r a gyorsabb t\u00f6bbfeladatos munkav\u00e9gz\u00e9s \u00e9rdek\u00e9ben friss\u00edt, ez az eredeti HP SK hynix mem\u00f3riamodul megb\u00edzhat\u00f3s\u00e1got \u00e9s teljes\u00edtm\u00e9nyt ny\u00fajt. A <strong data-start=\"1402\" data-end=\"1418\">laptop alkatr\u00e9szeink<\/strong> sz\u00e9les v\u00e1laszt\u00e9k\u00e1nak r\u00e9szek\u00e9nt teljes k\u00f6r\u0171en tesztelt\u00e9k, \u00e9s pontosan olyan, mint a mell\u00e9kelt val\u00f3di f\u00e9nyk\u00e9peken.<\/p>\n<p data-start=\"1504\" data-end=\"1646\">\ud83d\udccc <strong data-start=\"1507\" data-end=\"1516\">Megjegyz\u00e9s:<\/strong> A telep\u00edt\u00e9si utas\u00edt\u00e1sokat nem tartalmazza. Ha seg\u00edts\u00e9gre van sz\u00fcks\u00e9ge a kompatibilit\u00e1ssal vagy a telep\u00edt\u00e9ssel kapcsolatban, b\u00e1tran \u00edrjon nek\u00fcnk.<\/p>\n","protected":false},"excerpt":{"rendered":"<p>Eredeti HP SK hynix 8GB DDR3-1600 SODIMM (PC3L-12800S) laptop RAM, cikksz\u00e1m: 693374-001. Megb\u00edzhat\u00f3 friss\u00edt\u00e9s a sim\u00e1bb t\u00f6bbfeladatos munkav\u00e9gz\u00e9s \u00e9s a teljes\u00edtm\u00e9ny \u00e9rdek\u00e9ben.<\/p>\n","protected":false},"featured_media":12552,"template":"","meta":[],"product_brand":[],"product_cat":[37,36],"product_tag":[],"class_list":{"0":"post-12496","1":"product","2":"type-product","3":"status-publish","4":"has-post-thumbnail","6":"product_cat-ddr3-ddr3l","7":"product_cat-ram-memory","9":"first","10":"instock","11":"taxable","12":"shipping-taxable","13":"purchasable","14":"product-type-simple"},"_links":{"self":[{"href":"https:\/\/boreait.com\/hu\/wp-json\/wp\/v2\/product\/12496","targetHints":{"allow":["GET"]}}],"collection":[{"href":"https:\/\/boreait.com\/hu\/wp-json\/wp\/v2\/product"}],"about":[{"href":"https:\/\/boreait.com\/hu\/wp-json\/wp\/v2\/types\/product"}],"wp:featuredmedia":[{"embeddable":true,"href":"https:\/\/boreait.com\/hu\/wp-json\/wp\/v2\/media\/12552"}],"wp:attachment":[{"href":"https:\/\/boreait.com\/hu\/wp-json\/wp\/v2\/media?parent=12496"}],"wp:term":[{"taxonomy":"product_brand","embeddable":true,"href":"https:\/\/boreait.com\/hu\/wp-json\/wp\/v2\/product_brand?post=12496"},{"taxonomy":"product_cat","embeddable":true,"href":"https:\/\/boreait.com\/hu\/wp-json\/wp\/v2\/product_cat?post=12496"},{"taxonomy":"product_tag","embeddable":true,"href":"https:\/\/boreait.com\/hu\/wp-json\/wp\/v2\/product_tag?post=12496"}],"curies":[{"name":"wp","href":"https:\/\/api.w.org\/{rel}","templated":true}]}}