{"id":12484,"date":"2025-09-17T13:45:39","date_gmt":"2025-09-17T11:45:39","guid":{"rendered":"https:\/\/boreait.com\/hu\/?post_type=product&#038;p=12484"},"modified":"2025-09-17T13:47:49","modified_gmt":"2025-09-17T11:47:49","slug":"hp-8-gb-ddr3-1600-sodimm-pc3l-12800s-samsung-dual-rank-laptop-ram-693374-001","status":"publish","type":"product","link":"https:\/\/boreait.com\/hu\/termek\/hp-8-gb-ddr3-1600-sodimm-pc3l-12800s-samsung-dual-rank-laptop-ram-693374-001\/","title":{"rendered":"HP 8 GB DDR3-1600 SODIMM PC3L-12800S Samsung Dual Rank laptop RAM 693374-001"},"content":{"rendered":"<p data-start=\"561\" data-end=\"723\">Fokozza laptopja sebess\u00e9g\u00e9t \u00e9s hat\u00e9konys\u00e1g\u00e1t ezzel a <strong data-start=\"614\" data-end=\"681\">HP 8 GB DDR3-1600 SODIMM PC3L-12800S Samsung Dual Rank x8 modullal<\/strong> (HP adat-5 Tartal\u00e9ksz\u00e1m:=&#8221; <strong data5\" data-end=\"719\">693374-001<\/strong>).<\/p>\n<p data-start=\"725\" data-end=\"1020\">Ez az eredeti Samsung mem\u00f3riamodul a DDR3L SODIMM-et t\u00e1mogat\u00f3 laptopokhoz k\u00e9sz\u00fclt, megb\u00edzhat\u00f3 teljes\u00edtm\u00e9nyt ny\u00fajtva <strong data-start=\"846\" data-end=\"857\">1600 MHz<\/strong> mellett. A <strong data-start=\"864\" data-end=\"880\">8 GB kapacit\u00e1ssal<\/strong> \u00e9s a <strong data-start=\"885\" data-end=\"914\">kett\u0151s rang\u00fa x8 architekt\u00far\u00e1val<\/strong> stabil \u00e9s hat\u00e9kony friss\u00edt\u00e9st biztos\u00edt az ig\u00e9nyes alkalmaz\u00e1sokhoz, mindennapi haszn\u00e1lathoz \u00e9s t\u00f6bbfeladatos munkav\u00e9gz\u00e9shez.<\/p>\n<ul data-start=\"1022\" data-end=\"1306\">\n<li data-start=\"1022\" data-end=\"1062\">\n<p data-start=\"1024\" data-end=\"1062\"><strong data-start=\"1024\" data-end=\"1034\">M\u00e1rka:<\/strong> Samsung (Eredeti HP alkatr\u00e9sz)<\/p>\n<\/li>\n<li data-start=\"1063\" data-end=\"1084\">\n<p data-start=\"1065\" data-end=\"1084\"><strong data-start=\"1065\" data-end=\"1078\">Kapacit\u00e1s:<\/strong> 8 GB<\/p>\n<\/li>\n<li data-start=\"1085\" data-end=\"1138\">\n<p data-start=\"1087\" data-end=\"1138\"><strong data-start=\"1087\" data-end=\"1096\">T\u00edpus:<\/strong> DDR3 SODIMM (alacsony fesz\u00fclts\u00e9g\u0171 \u2013 PC3L-12800S)<\/p>\n<\/li>\n<li data-start=\"1139\" data-end=\"1161\">\n<p data-start=\"1141\" data-end=\"1161\"><strong data-start=\"1141\" data-end=\"1151\">Sebess\u00e9g:<\/strong> 1600 MHz<\/p>\n<\/li>\n<li data-start=\"1162\" data-end=\"1188\">\n<p data-start=\"1164\" data-end=\"1188\"><strong data-start=\"1164\" data-end=\"1173\">Rangsor:<\/strong> Kett\u0151s helyez\u00e9s x8<\/p>\n<\/li>\n<li data-start=\"1189\" data-end=\"1223\">\n<p data-start=\"1191\" data-end=\"1223\"><strong data-start=\"1191\" data-end=\"1210\">HP cikksz\u00e1m:<\/strong> 693374-001<\/p>\n<\/li>\n<li data-start=\"1224\" data-end=\"1306\">\n<p data-start=\"1226\" data-end=\"1306\"><strong data-start=\"1226\" data-end=\"1244\">Kompatibilit\u00e1s:<\/strong> Sz\u00e1mos HP \u00e9s m\u00e1s DDR3L RAM-ot t\u00e1mogat\u00f3 laptoppal m\u0171k\u00f6dik<\/p>\n<\/li>\n<\/ul>\n<p data-start=\"1308\" data-end=\"1485\">Ez a modul a kiv\u00e1l\u00f3 min\u0151s\u00e9g\u0171 <strong data-start=\"1348\" data-end=\"1364\">laptopalkatr\u00e9szek<\/strong> gy\u0171jtem\u00e9ny\u00fcnk r\u00e9sze, alaposan tesztelt \u00e9s telep\u00edt\u00e9sre k\u00e9sz. A megjelen\u00edtett fot\u00f3k a t\u00e9nylegesen megkapott RAM-meghajt\u00f3r\u00f3l k\u00e9sz\u00fcltek.<\/p>\n<p data-start=\"1487\" data-end=\"1614\">\ud83d\udca1 <em data-start=\"1490\" data-end=\"1612\">Megjegyz\u00e9s: A telep\u00edt\u00e9si utas\u00edt\u00e1sokat nem tartalmazza, de ha \u00fatmutat\u00e1sra van sz\u00fcks\u00e9ge, b\u00e1rmikor forduljon hozz\u00e1nk \u00fczenetben t\u00e1mogat\u00e1s\u00e9rt.<\/em><\/p>\n<p data-start=\"1616\" data-end=\"1721\">\u2714\ufe0f Eredeti HP\/Samsung alkatr\u00e9sz<br data-start=\"1642\" data-end=\"1645\" \/>\u2714\ufe0f N\u00f6veli a laptopok sebess\u00e9g\u00e9t \u00e9s a t\u00f6bbfeladatos munkav\u00e9gz\u00e9st<br data-start=\"1684\" data-end=\"1687\ufe0fp> Eur\u00f3p\u00e1b\u00f3l sz\u00e1ll\u00edtjuk vil\u00e1gszerte.<\/p>\n","protected":false},"excerpt":{"rendered":"<p>B\u0151v\u00edtse laptopj\u00e1t eredeti Samsung 8 GB DDR3-1600 SODIMM RAM-mal (PC3L-12800S, Dual Rank x8, HP alkatr\u00e9sz 693374-001). Megb\u00edzhat\u00f3 teljes\u00edtm\u00e9ny a g\u00f6rd\u00fcl\u00e9kenyebb t\u00f6bbfeladatos munkav\u00e9gz\u00e9shez.<\/p>\n","protected":false},"featured_media":12551,"template":"","meta":[],"product_brand":[],"product_cat":[37,36],"product_tag":[],"class_list":{"0":"post-12484","1":"product","2":"type-product","3":"status-publish","4":"has-post-thumbnail","6":"product_cat-ddr3-ddr3l","7":"product_cat-ram-memory","9":"first","10":"instock","11":"taxable","12":"shipping-taxable","13":"purchasable","14":"product-type-simple"},"_links":{"self":[{"href":"https:\/\/boreait.com\/hu\/wp-json\/wp\/v2\/product\/12484","targetHints":{"allow":["GET"]}}],"collection":[{"href":"https:\/\/boreait.com\/hu\/wp-json\/wp\/v2\/product"}],"about":[{"href":"https:\/\/boreait.com\/hu\/wp-json\/wp\/v2\/types\/product"}],"wp:featuredmedia":[{"embeddable":true,"href":"https:\/\/boreait.com\/hu\/wp-json\/wp\/v2\/media\/12551"}],"wp:attachment":[{"href":"https:\/\/boreait.com\/hu\/wp-json\/wp\/v2\/media?parent=12484"}],"wp:term":[{"taxonomy":"product_brand","embeddable":true,"href":"https:\/\/boreait.com\/hu\/wp-json\/wp\/v2\/product_brand?post=12484"},{"taxonomy":"product_cat","embeddable":true,"href":"https:\/\/boreait.com\/hu\/wp-json\/wp\/v2\/product_cat?post=12484"},{"taxonomy":"product_tag","embeddable":true,"href":"https:\/\/boreait.com\/hu\/wp-json\/wp\/v2\/product_tag?post=12484"}],"curies":[{"name":"wp","href":"https:\/\/api.w.org\/{rel}","templated":true}]}}