{"id":12482,"date":"2025-09-17T13:45:39","date_gmt":"2025-09-17T11:45:39","guid":{"rendered":"https:\/\/boreait.com\/hu\/?post_type=product&#038;p=12482"},"modified":"2025-09-17T13:47:44","modified_gmt":"2025-09-17T11:47:44","slug":"matt-fekete-laptop-alkatreszborito-hp-elitebook-840-g1-hez-766324-001-779684-001","status":"publish","type":"product","link":"https:\/\/boreait.com\/hu\/termek\/matt-fekete-laptop-alkatreszborito-hp-elitebook-840-g1-hez-766324-001-779684-001\/","title":{"rendered":"Matt fekete laptop alkatr\u00e9szbor\u00edt\u00f3 HP EliteBook 840 G1-hez \u2013 766324-001 779684-001"},"content":{"rendered":"<p data-start=\"622\" data-end=\"860\">Megb\u00edzhat\u00f3 <strong data-start=\"643\" data-end=\"659\">laptop alkatr\u00e9szeket<\/strong> keres a HP EliteBook vissza\u00e1ll\u00edt\u00e1s\u00e1hoz? Ez a <strong data-start=\"695\" data-end=\"728\">matt fekete cserebor\u00edt\u00f3<\/strong> teljesen kompatibilis a HP EliteBook 840 G1 sorozattal, \u00e9s eredeti HP cikksz\u00e1mokkal \u00e9rkezik: <strong data-start=\"824\" data-end=\"838\">766324-001<\/strong> \u00e9s <strong data-start=\"84\" data-end=\"857\">779684-001<\/strong>.<\/p>\n<p data-start=\"862\" data-end=\"1286\">\u2714\ufe0f <strong data-start=\"865\" data-end=\"883\">Kompatibilit\u00e1s:<\/strong> Kifejezetten a HP EliteBook 840 G1-hez tervezve.<br data-start=\"930\" data-end=\"933\" \/>\u2714lor&#8221;>Co9-5&#8243; data Kivitel:<\/strong> Professzion\u00e1lis matt fekete fel\u00fclet a letisztult, pr\u00e9mium megjelen\u00e9s\u00e9rt.<br data-start=\"1014\" data-end=\"1017\" \/>\u2714\ufe0f <strong data-start=\"1020\" data-end=\"1034\">\u00c1llapot:<\/strong> Eredeti cserealkatr\u00e9sz, tesztelve \u00e9s min\u0151s\u00e9gellen\u0151rz\u00e9ssel.<br data-start=\"1014\" data-end=\"1017\". adatok minket.<\/p>\n<p data-start=\"1288\" data-end=\"1508\">Ez az alkatr\u00e9sz kiv\u00e1l\u00f3 v\u00e1laszt\u00e1s, ha a megl\u00e9v\u0151 bor\u00edt\u00f3ja s\u00e9r\u00fclt, karcos vagy elhaszn\u00e1l\u00f3dott. Cser\u00e9l\u00e9s\u00e9vel meg\u0151rizheti HP EliteBookja tart\u00f3ss\u00e1g\u00e1t \u00e9s megjelen\u00e9s\u00e9t, meg\u0151rizve \u00fajszer\u0171 megjelen\u00e9s\u00e9t \u00e9s m\u0171k\u00f6d\u00e9s\u00e9t.<\/p>\n","protected":false},"excerpt":{"rendered":"<p>Matt fekete cserebor\u00edt\u00f3, amely kompatibilis a HP EliteBook 840 G1-gyel. Eredeti HP cikksz\u00e1mok: 766324-001 \u00e9s 779684-001. Ide\u00e1lis laptopja professzion\u00e1lis megjelen\u00e9s\u00e9nek helyre\u00e1ll\u00edt\u00e1s\u00e1hoz.<\/p>\n","protected":false},"featured_media":12547,"template":"","meta":[],"product_brand":[],"product_cat":[16],"product_tag":[25],"class_list":{"0":"post-12482","1":"product","2":"type-product","3":"status-publish","4":"has-post-thumbnail","6":"product_cat-laptop-housing","7":"product_tag-hp","9":"first","10":"instock","11":"taxable","12":"shipping-taxable","13":"purchasable","14":"product-type-simple"},"_links":{"self":[{"href":"https:\/\/boreait.com\/hu\/wp-json\/wp\/v2\/product\/12482","targetHints":{"allow":["GET"]}}],"collection":[{"href":"https:\/\/boreait.com\/hu\/wp-json\/wp\/v2\/product"}],"about":[{"href":"https:\/\/boreait.com\/hu\/wp-json\/wp\/v2\/types\/product"}],"wp:featuredmedia":[{"embeddable":true,"href":"https:\/\/boreait.com\/hu\/wp-json\/wp\/v2\/media\/12547"}],"wp:attachment":[{"href":"https:\/\/boreait.com\/hu\/wp-json\/wp\/v2\/media?parent=12482"}],"wp:term":[{"taxonomy":"product_brand","embeddable":true,"href":"https:\/\/boreait.com\/hu\/wp-json\/wp\/v2\/product_brand?post=12482"},{"taxonomy":"product_cat","embeddable":true,"href":"https:\/\/boreait.com\/hu\/wp-json\/wp\/v2\/product_cat?post=12482"},{"taxonomy":"product_tag","embeddable":true,"href":"https:\/\/boreait.com\/hu\/wp-json\/wp\/v2\/product_tag?post=12482"}],"curies":[{"name":"wp","href":"https:\/\/api.w.org\/{rel}","templated":true}]}}