{"id":1248,"date":"2025-09-17T09:57:11","date_gmt":"2025-09-17T07:57:11","guid":{"rendered":"https:\/\/boreait.com\/hu\/?post_type=product&#038;p=1248"},"modified":"2026-01-14T09:05:49","modified_gmt":"2026-01-14T08:05:49","slug":"intel-centrino-advanced-n-6205-vezetek-nelkuli-pci-express-62205anhmw-2-4-5ghz-0x9jdy","status":"publish","type":"product","link":"https:\/\/boreait.com\/hu\/termek\/intel-centrino-advanced-n-6205-vezetek-nelkuli-pci-express-62205anhmw-2-4-5ghz-0x9jdy\/","title":{"rendered":"INTEL CENTRINO ADVANCED-N 6205 VEZET\u00c9K N\u00c9LK\u00dcLI PCI EXPRESS 62205ANHMW 2.4\/5Ghz 0X9JDY"},"content":{"rendered":"<p>Az Intel Centrino Advanced-N 6205 Wireless PCI Express 62205ANHMW egy cs\u00facsmin\u0151s\u00e9g\u0171 vezet\u00e9k n\u00e9lk\u00fcli h\u00e1l\u00f3zati k\u00e1rtya, amely kiv\u00e1l\u00f3 Wi-Fi teljes\u00edtm\u00e9nyt \u00e9s megb\u00edzhat\u00f3s\u00e1got biztos\u00edt. A PCI Express b\u0151v\u00edt\u0151hellyel rendelkez\u0151 laptopokkal \u00e9s asztali sz\u00e1m\u00edt\u00f3g\u00e9pekkel kompatibilis k\u00e1rtya ide\u00e1lis v\u00e1laszt\u00e1s a gyorsabb \u00e9s megb\u00edzhat\u00f3bb vezet\u00e9k n\u00e9lk\u00fcli csatlakoz\u00e1st keres\u0151 felhaszn\u00e1l\u00f3k sz\u00e1m\u00e1ra.<\/p>\n<p>A 2,4 GHz-es \u00e9s 5 GHz-es s\u00e1von egyar\u00e1nt m\u0171k\u00f6d\u0151 Intel Centrino Advanced-N 6205 sz\u00e9lesebb lefedetts\u00e9get \u00e9s kevesebb interferenci\u00e1t biztos\u00edt, lehet\u0151v\u00e9 t\u00e9ve a z\u00f6kken\u0151mentes online \u00e9lm\u00e9nyt, a gyors f\u00e1jl\u00e1tvitelt \u00e9s a k\u00e9s\u00e9smentes adatfolyamot. Ak\u00e1r internetes b\u00f6ng\u00e9sz\u00e9sr\u0151l, videokonferenci\u00e1r\u00f3l vagy online j\u00e1t\u00e9kr\u00f3l van sz\u00f3, a felhaszn\u00e1l\u00f3k z\u00f6kken\u0151mentes \u00e9s megszak\u00edt\u00e1s n\u00e9lk\u00fcli kapcsolatot \u00e9lvezhetnek.<\/p>\n<p>A k\u00e1rtya t\u00e1mogatja az IEEE 802.11a\/b\/g\/n szabv\u00e1nyokat, sokoldal\u00fa kompatibilit\u00e1st k\u00edn\u00e1lva k\u00fcl\u00f6nf\u00e9le Wi-Fi h\u00e1l\u00f3zatokkal. Multiple-Input Multiple-Output (MIMO) technol\u00f3gi\u00e1val rendelkezik, amely lehet\u0151v\u00e9 teszi t\u00f6bb adatfolyam egyidej\u0171 kezel\u00e9s\u00e9t, n\u00f6velve az \u00e1ltal\u00e1nos teljes\u00edtm\u00e9nyt \u00e9s a hat\u00f3t\u00e1vols\u00e1got.<\/p>\n<p>Speci\u00e1lis biztons\u00e1gi funkci\u00f3ival az Intel Centrino Advanced-N 6205 biztos\u00edtja az adatok v\u00e9delm\u00e9t \u00e9s az illet\u00e9ktelen hozz\u00e1f\u00e9r\u00e9s elleni v\u00e9delmet. A k\u00e1rtya k\u00fcl\u00f6nf\u00e9le biztons\u00e1gi protokollokat t\u00e1mogat, mint p\u00e9ld\u00e1ul a WEP, WPA \u00e9s WPA2, \u00edgy a felhaszn\u00e1l\u00f3k nyugodt sz\u00edvvel b\u00f6ng\u00e9szhetnek a weben \u00e9s cser\u00e9lhetnek \u00e9rz\u00e9keny inform\u00e1ci\u00f3kat.<\/p>\n<p>Az Intel Centrino Advanced-N 6205 Wireless PCI Express 62205ANHMW telep\u00edt\u00e9se egyszer\u0171 \u00e9s probl\u00e9mamentes. A felhaszn\u00e1l\u00f3k egyszer\u0171en csatlakoztathatj\u00e1k laptopjuk vagy asztali sz\u00e1m\u00edt\u00f3g\u00e9p\u00fck el\u00e9rhet\u0151 PCI Express ny\u00edl\u00e1s\u00e1ba, hogy azonnal friss\u00edts\u00e9k vezet\u00e9k n\u00e9lk\u00fcli kapcsolatukat.<\/p>\n<p>Eredeti Intel term\u00e9kk\u00e9nt a Centrino Advanced-N 6205 megfelel a szigor\u00fa min\u0151s\u00e9gi szabv\u00e1nyoknak, \u00edgy biztos\u00edtja az optim\u00e1lis teljes\u00edtm\u00e9nyt \u00e9s megb\u00edzhat\u00f3s\u00e1got. Az Intel a cs\u00facskateg\u00f3ri\u00e1s alkatr\u00e9szek gy\u00e1rt\u00e1sa ir\u00e1nti elk\u00f6telezetts\u00e9g\u00e9r\u0151l h\u00edres, \u00edgy ez a vezet\u00e9k n\u00e9lk\u00fcli h\u00e1l\u00f3zati k\u00e1rtya megb\u00edzhat\u00f3 v\u00e1laszt\u00e1s a kiv\u00e1l\u00f3 min\u0151s\u00e9g\u0171 Wi-Fi-kapcsolatot keres\u0151 felhaszn\u00e1l\u00f3k sz\u00e1m\u00e1ra.<\/p>\n<p>Az Intel Centrino Advanced-N 6205 Wireless PCI Express 62205ANHMW megv\u00e1s\u00e1rl\u00e1sa \u00e9s telep\u00edt\u00e9se el\u0151tt a felhaszn\u00e1l\u00f3knak meg kell gy\u0151z\u0151dni\u00fck arr\u00f3l, hogy kompatibilisek az adott laptopjukkal vagy asztali sz\u00e1m\u00edt\u00f3g\u00e9p\u00fckkel. Ezenk\u00edv\u00fcl professzion\u00e1lis telep\u00edt\u00e9s javasolt a megfelel\u0151 m\u0171k\u00f6d\u00e9s \u00e9s teljes\u00edtm\u00e9ny biztos\u00edt\u00e1sa \u00e9rdek\u00e9ben.<\/p>\n<p>\u00d6sszefoglalva, az Intel Centrino Advanced-N 6205 Wireless PCI Express 62205ANHMW egy megb\u00edzhat\u00f3 \u00e9s nagy teljes\u00edtm\u00e9ny\u0171 vezet\u00e9k n\u00e9lk\u00fcli h\u00e1l\u00f3zati k\u00e1rtya, amely PCI Express b\u0151v\u00edt\u0151hellyel rendelkez\u0151 laptopokhoz \u00e9s asztali sz\u00e1m\u00edt\u00f3g\u00e9pekhez haszn\u00e1lhat\u00f3.<\/p>\n","protected":false},"excerpt":{"rendered":"<p>Az Intel Centrino Advanced-N 6205 Wireless PCI Express 62205ANHMW egy nagy teljes\u00edtm\u00e9ny\u0171 vezet\u00e9k n\u00e9lk\u00fcli h\u00e1l\u00f3zati k\u00e1rtya, amely megb\u00edzhat\u00f3 \u00e9s gyors Wi-Fi kapcsolatot biztos\u00edt. A 2,4 GHz-es \u00e9s az 5 GHz-es s\u00e1von is m\u0171k\u00f6dik, z\u00f6kken\u0151mentes internet-hozz\u00e1f\u00e9r\u00e9st k\u00edn\u00e1l sz\u00e1mos alkalmaz\u00e1shoz, \u00edgy ide\u00e1lis friss\u00edt\u00e9s a laptopokhoz \u00e9s asztali sz\u00e1m\u00edt\u00f3g\u00e9pekhez.<\/p>\n","protected":false},"featured_media":1327,"template":"","meta":[],"product_brand":[],"product_cat":[27],"product_tag":[],"class_list":{"0":"post-1248","1":"product","2":"type-product","3":"status-publish","4":"has-post-thumbnail","6":"product_cat-motherboards-board-parts","8":"first","9":"instock","10":"taxable","11":"shipping-taxable","12":"purchasable","13":"product-type-simple"},"_links":{"self":[{"href":"https:\/\/boreait.com\/hu\/wp-json\/wp\/v2\/product\/1248","targetHints":{"allow":["GET"]}}],"collection":[{"href":"https:\/\/boreait.com\/hu\/wp-json\/wp\/v2\/product"}],"about":[{"href":"https:\/\/boreait.com\/hu\/wp-json\/wp\/v2\/types\/product"}],"wp:featuredmedia":[{"embeddable":true,"href":"https:\/\/boreait.com\/hu\/wp-json\/wp\/v2\/media\/1327"}],"wp:attachment":[{"href":"https:\/\/boreait.com\/hu\/wp-json\/wp\/v2\/media?parent=1248"}],"wp:term":[{"taxonomy":"product_brand","embeddable":true,"href":"https:\/\/boreait.com\/hu\/wp-json\/wp\/v2\/product_brand?post=1248"},{"taxonomy":"product_cat","embeddable":true,"href":"https:\/\/boreait.com\/hu\/wp-json\/wp\/v2\/product_cat?post=1248"},{"taxonomy":"product_tag","embeddable":true,"href":"https:\/\/boreait.com\/hu\/wp-json\/wp\/v2\/product_tag?post=1248"}],"curies":[{"name":"wp","href":"https:\/\/api.w.org\/{rel}","templated":true}]}}