{"id":12479,"date":"2025-09-17T13:45:38","date_gmt":"2025-09-17T11:45:38","guid":{"rendered":"https:\/\/boreait.com\/hu\/?post_type=product&#038;p=12479"},"modified":"2025-09-17T13:47:35","modified_gmt":"2025-09-17T11:47:35","slug":"14-hd-laptop-lcd-kepernyo-1600x900-hp-probook-640-g1-840-g1-440-g2-445-g2","status":"publish","type":"product","link":"https:\/\/boreait.com\/hu\/termek\/14-hd-laptop-lcd-kepernyo-1600x900-hp-probook-640-g1-840-g1-440-g2-445-g2\/","title":{"rendered":"14&#8243; HD+ laptop LCD k\u00e9perny\u0151 1600&#215;900, HP ProBook 640 G1 840 G1 440 G2 445 G2"},"content":{"rendered":"<p data-start=\"500\" data-end=\"814\">Friss\u00edtse vagy cser\u00e9lje ki laptopj\u00e1nak kijelz\u0151j\u00e9t erre a <strong data-start=\"549\" data-end=\"584\">14 h\u00fcvelykes HD+ 1600\u00d7900 LCD-k\u00e9perny\u0151re<\/strong>, amely t\u00f6k\u00e9letes kompatibilit\u00e1st biztos\u00edt a k\u00f6vetkez\u0151vel: <strong data-start=\"626\" data-end=\"1,65\">0 G4HP=&#8221;1,6,8&#8243;>0 440 G2, \u00e9s 445 G2<\/strong>t. Ez a k\u00e9perny\u0151 \u00e9les, tiszta n\u00e9z\u00e9si \u00e9lm\u00e9nyt k\u00edn\u00e1l, \u00edgy ide\u00e1lis cserealkatr\u00e9sz a s\u00e9r\u00fclt, repedt vagy vill\u00f3dz\u00f3 kijelz\u0151k sz\u00e1m\u00e1ra.<\/p>\n<p data-start=\"816\" data-end=\"834\"><strong data-start=\"816\" data-end=\"832\">F\u0151bb r\u00e9szletek:<\/strong><\/p>\n<ul data-start=\"835\" data-end=\"1058\">\n<li data-start=\"835\" data-end=\"865\">\n<p data-start=\"837\" data-end=\"865\">K\u00e9perny\u0151m\u00e9ret: <strong data-start=\"850\" data-end=\"863\">14,0 h\u00fcvelyk<\/strong><\/p>\n<\/li>\n<li data-start=\"866\" data-end=\"900\">\n<p data-start=\"868\" data-end=\"900\">Felbont\u00e1s: <strong data-start=\"880\" data-end=\"898\">HD+ 1600 \u00d7 900<\/strong><\/p>\n<\/li>\n<li data-start=\"901\" data-end=\"946\">\n<p data-start=\"903\" data-end=\"946\">\u00c1llapot: Haszn\u00e1lt, m\u0171k\u00f6d\u0151<\/p>\n<\/li>\n<li data-start=\"947\" data-end=\"1007\">\n<p data-start=\"949\" data-end=\"1007\">Kompatibilit\u00e1s: HP ProBook 640 G1, 840 G1, 440 G2, 445 G2<\/p>\n<\/li>\n<li data-start=\"1008\" data-end=\"1058\">\n<p data-start=\"1010\" data-end=\"1058\">Modell: B140RT02.3<\/p>\n<\/li>\n<\/ul>\n<p data-start=\"1060\" data-end=\"1286\">Ez az LCD-panel egy megb\u00edzhat\u00f3 <strong data-start=\"1089\" data-end=\"1104\">laptop alkatr\u00e9sz<\/strong> az eszk\u00f6z teljes megjelen\u00edt\u00e9si min\u0151s\u00e9g\u00e9nek helyre\u00e1ll\u00edt\u00e1s\u00e1hoz. Ak\u00e1r munk\u00e1ra, ak\u00e1r tanul\u00e1sra vagy sz\u00f3rakoz\u00e1sra haszn\u00e1lja laptopj\u00e1t, ez a csere \u00e9les l\u00e1tv\u00e1nyt \u00e9s megb\u00edzhat\u00f3 teljes\u00edtm\u00e9nyt biztos\u00edt.<\/p>\n<p data-start=\"1288\" data-end=\"1487\">\ud83d\udcf8 <strong data-start=\"1291\" data-end=\"1300\">Megjegyz\u00e9s:<\/strong> A megjelen\u00edtett fot\u00f3k val\u00f3s k\u00e9pek arr\u00f3l a r\u00e9szr\u0151l, amelyet pontosan kapni fog.<br data-start=\"1367\" data-end=\"1370\" \/>, ha nincs sz\u00fcks\u00e9g\u00fcnk telep\u00edt\u00e9si utas\u00edt\u00e1sra, akkor k\u00f6zvetlen\u00fcl k\u00fcld\u00fcnk seg\u00edts\u00e9get, t\u00e1mogat\u00e1st.<\/p>\n","protected":false},"excerpt":{"rendered":"<p>Kiv\u00e1l\u00f3 min\u0151s\u00e9g\u0171 14&#8243; HD+ (1600\u00d7900) csere LCD k\u00e9perny\u0151 a HP ProBook 640 G1, 840 G1, 440 G2 \u00e9s 445 G2 k\u00e9sz\u00fcl\u00e9kekhez. Kompatibilis a B140RTN03.0 \u00e9s B140RTN02.3 modellekkel.<\/p>\n","protected":false},"featured_media":12544,"template":"","meta":[],"product_brand":[],"product_cat":[38,21],"product_tag":[25],"class_list":{"0":"post-12479","1":"product","2":"type-product","3":"status-publish","4":"has-post-thumbnail","6":"product_cat-38","7":"product_cat-laptop-screens-lcd-panels","8":"product_tag-hp","10":"first","11":"instock","12":"taxable","13":"shipping-taxable","14":"purchasable","15":"product-type-simple"},"_links":{"self":[{"href":"https:\/\/boreait.com\/hu\/wp-json\/wp\/v2\/product\/12479","targetHints":{"allow":["GET"]}}],"collection":[{"href":"https:\/\/boreait.com\/hu\/wp-json\/wp\/v2\/product"}],"about":[{"href":"https:\/\/boreait.com\/hu\/wp-json\/wp\/v2\/types\/product"}],"wp:featuredmedia":[{"embeddable":true,"href":"https:\/\/boreait.com\/hu\/wp-json\/wp\/v2\/media\/12544"}],"wp:attachment":[{"href":"https:\/\/boreait.com\/hu\/wp-json\/wp\/v2\/media?parent=12479"}],"wp:term":[{"taxonomy":"product_brand","embeddable":true,"href":"https:\/\/boreait.com\/hu\/wp-json\/wp\/v2\/product_brand?post=12479"},{"taxonomy":"product_cat","embeddable":true,"href":"https:\/\/boreait.com\/hu\/wp-json\/wp\/v2\/product_cat?post=12479"},{"taxonomy":"product_tag","embeddable":true,"href":"https:\/\/boreait.com\/hu\/wp-json\/wp\/v2\/product_tag?post=12479"}],"curies":[{"name":"wp","href":"https:\/\/api.w.org\/{rel}","templated":true}]}}