{"id":12478,"date":"2025-09-17T13:45:38","date_gmt":"2025-09-17T11:45:38","guid":{"rendered":"https:\/\/boreait.com\/hu\/?post_type=product&#038;p=12478"},"modified":"2025-09-17T13:47:30","modified_gmt":"2025-09-17T11:47:30","slug":"hp-elitebook-820-g3-laptop-kepernyopantok-bal-es-jobb-oldali-keszlet-cserealkatreszek","status":"publish","type":"product","link":"https:\/\/boreait.com\/hu\/termek\/hp-elitebook-820-g3-laptop-kepernyopantok-bal-es-jobb-oldali-keszlet-cserealkatreszek\/","title":{"rendered":"HP EliteBook 820 G3 laptop k\u00e9perny\u0151p\u00e1ntok bal \u00e9s jobb oldali k\u00e9szlet \u2013 Cserealkatr\u00e9szek"},"content":{"rendered":"<p data-start=\"674\" data-end=\"1024\">Friss\u00edtse vagy jav\u00edtsa meg HP EliteBook 820 G3 k\u00e9sz\u00fcl\u00e9k\u00e9t ezzel a <strong data-start=\"727\" data-end=\"756\">teljes k\u00e9perny\u0151csukl\u00f3k\u00e9szlettel<\/strong>. Ezek a <strong data-start=\"764\" data-end=\"793\">kiv\u00e1l\u00f3 min\u0151s\u00e9g\u0171 laptop alkatr\u00e9szek<\/strong> tartalmazz\u00e1k a bal \u00e9s a jobb oldali zsan\u00e9rokat is, amelyeket kifejezetten a 820 G3 sorozathoz terveztek. Ha a jelenlegi zsan\u00e9rok meglazultak, elt\u00f6rtek vagy megnehez\u00edtik a fed\u00e9l kinyit\u00e1s\u00e1t \u00e9s z\u00e1r\u00e1s\u00e1t, akkor az ide\u00e1lis megold\u00e1s, ha kicser\u00e9li \u0151ket erre a k\u00e9szletre.<\/p>\n<p data-start=\"1026\" data-end=\"1051\">\u2705 <strong data-start=\"1028\" data-end=\"1049\">Term\u00e9kjellemz\u0151k:<\/strong><\/p>\n<ul data-start=\"1052\" data-end=\"1303\">\n<li data-start=\"1052\" data-end=\"1097\">\n<p data-start=\"1054\" data-end=\"1097\">Kompatibilis modell: <strong data-start=\"1072\" data-end=\"1095\">HP EliteBook 820 G3<\/strong><\/p>\n<\/li>\n<li data-start=\"1098\" data-end=\"1142\">\n<p data-start=\"1100\" data-end=\"1142\">Tartalmazza: <strong data-start=\"1110\" data-end=\"1140\">Bal \u00e9s amp; Jobb oldali k\u00e9perny\u0151p\u00e1ntok<\/strong><\/p>\n<\/li>\n<li data-start=\"1143\" data-end=\"1199\">\n<p data-start=\"1145\" data-end=\"1199\">\u00c1llapot: Megb\u00edzhat\u00f3, tesztelt laptop cserealkatr\u00e9szek<\/p>\n<\/li>\n<li data-start=\"1200\" data-end=\"1246\">\n<p data-start=\"1202\" data-end=\"1246\">Vissza\u00e1ll\u00edtja a k\u00e9perny\u0151 egyenletes \u00e9s stabil mozg\u00e1s\u00e1t<\/p>\n<\/li>\n<li data-start=\"1247\" data-end=\"1303\">\n<p data-start=\"1249\" data-end=\"1303\">A megjelen\u00edtett fot\u00f3k a t\u00e9nylegesen megkapott zsan\u00e9rokr\u00f3l k\u00e9sz\u00fcltek<\/p>\n<\/li>\n<\/ul>\n<p data-start=\"1305\" data-end=\"1549\">Ezek a zsan\u00e9rok az eredeti kialak\u00edt\u00e1shoz illeszkednek, \u00edgy biztos\u00edtva a megfelel\u0151 illeszked\u00e9st \u00e9s tart\u00f3ss\u00e1got a hossz\u00fa t\u00e1v\u00fa haszn\u00e1lathoz. B\u00e1r a telep\u00edt\u00e9si utas\u00edt\u00e1sokat nem adjuk meg, sz\u00edvesen forduljon hozz\u00e1nk k\u00f6zvetlen\u00fcl, ha \u00fatmutat\u00e1sra van sz\u00fcks\u00e9ge a v\u00e1s\u00e1rl\u00e1s el\u0151tt.<\/p>\n<p data-start=\"1551\" data-end=\"1670\">\ud83d\udce6 <strong data-start=\"1554\" data-end=\"1563\">Megjegyz\u00e9s:<\/strong> Minden term\u00e9kk\u00e9p a rakt\u00e1ron l\u00e9v\u0151 alkatr\u00e9szek val\u00f3di f\u00e9nyk\u00e9pe \u2013 pontosan azt l\u00e1tja, amit kisz\u00e1ll\u00edtunk.<\/p>\n","protected":false},"excerpt":{"rendered":"<p data-start=\"413\" data-end=\"625\"><em data-start=\"413\" data-end=\"623\">Kompatibilis HP EliteBook 820 G3 laptop k\u00e9perny\u0151p\u00e1nt k\u00e9szlet (bal \u00e9s jobb). Tart\u00f3s laptop cserealkatr\u00e9szek, amelyek a k\u00e9perny\u0151 z\u00f6kken\u0151mentes nyit\u00e1s\u00e1t \u00e9s z\u00e1r\u00e1s\u00e1t biztos\u00edtj\u00e1k. Val\u00f3di fot\u00f3k azokr\u00f3l a t\u00e9telekr\u0151l, amelyeket pontosan kapsz.<\/em><\/p>\n","protected":false},"featured_media":12538,"template":"","meta":[],"product_brand":[],"product_cat":[19],"product_tag":[25],"class_list":{"0":"post-12478","1":"product","2":"type-product","3":"status-publish","4":"has-post-thumbnail","6":"product_cat-screen-hinge","7":"product_tag-hp","9":"first","10":"instock","11":"taxable","12":"shipping-taxable","13":"purchasable","14":"product-type-simple"},"_links":{"self":[{"href":"https:\/\/boreait.com\/hu\/wp-json\/wp\/v2\/product\/12478","targetHints":{"allow":["GET"]}}],"collection":[{"href":"https:\/\/boreait.com\/hu\/wp-json\/wp\/v2\/product"}],"about":[{"href":"https:\/\/boreait.com\/hu\/wp-json\/wp\/v2\/types\/product"}],"wp:featuredmedia":[{"embeddable":true,"href":"https:\/\/boreait.com\/hu\/wp-json\/wp\/v2\/media\/12538"}],"wp:attachment":[{"href":"https:\/\/boreait.com\/hu\/wp-json\/wp\/v2\/media?parent=12478"}],"wp:term":[{"taxonomy":"product_brand","embeddable":true,"href":"https:\/\/boreait.com\/hu\/wp-json\/wp\/v2\/product_brand?post=12478"},{"taxonomy":"product_cat","embeddable":true,"href":"https:\/\/boreait.com\/hu\/wp-json\/wp\/v2\/product_cat?post=12478"},{"taxonomy":"product_tag","embeddable":true,"href":"https:\/\/boreait.com\/hu\/wp-json\/wp\/v2\/product_tag?post=12478"}],"curies":[{"name":"wp","href":"https:\/\/api.w.org\/{rel}","templated":true}]}}