{"id":12465,"date":"2025-09-17T13:45:14","date_gmt":"2025-09-17T11:45:14","guid":{"rendered":"https:\/\/boreait.com\/hu\/?post_type=product&#038;p=12465"},"modified":"2026-02-09T13:06:15","modified_gmt":"2026-02-09T12:06:15","slug":"hp-elitebook-745-g3-840-g3-bekapcsologomb-panel-821169-001-kabellel-laptop-alkatreszek","status":"publish","type":"product","link":"https:\/\/boreait.com\/hu\/termek\/hp-elitebook-745-g3-840-g3-bekapcsologomb-panel-821169-001-kabellel-laptop-alkatreszek\/","title":{"rendered":"HP EliteBook 745 G3 840 G3 bekapcsol\u00f3gomb panel 821169-001 k\u00e1bellel, laptop alkatr\u00e9szek"},"content":{"rendered":"<p data-start=\"662\" data-end=\"816\">Friss\u00edtse vagy jav\u00edtsa meg HP EliteBookj\u00e1t ezzel az <strong data-start=\"708\" data-end=\"749\">eredeti bekapcsol\u00f3gomb-k\u00e1rty\u00e1val \u00e9s -k\u00e1bellel<\/strong>, amely kompatibilis a <strong data-start=\"772\" data-end=\"806\">HP EliteBook 745 G3p<\/strong> sorozattal.<\/strong><\/p>\n<ul data-start=\"818\" data-end=\"1019\">\n<li data-start=\"818\" data-end=\"864\">\n<p data-start=\"820\" data-end=\"864\"><strong data-start=\"820\" data-end=\"837\">Alkatr\u00e9szsz\u00e1mok:<\/strong> 821169-001, 6050A2727401<\/p>\n<\/li>\n<li data-start=\"865\" data-end=\"932\">\n<p data-start=\"867\" data-end=\"932\"><strong data-start=\"867\" data-end=\"881\">\u00c1llapot:<\/strong> Eredeti laptop alkatr\u00e9sz, tesztelt \u00e9s teljesen m\u0171k\u00f6d\u0151k\u00e9pes<\/p>\n<\/li>\n<li data-start=\"933\" data-end=\"1019\">\n<p data-start=\"935\" data-end=\"1019\"><strong data-start=\"935\" data-end=\"953\">Kompatibilit\u00e1s:<\/strong> Kifejezetten a HP EliteBook 745 G3 \u00e9s 840 G3 modellekhez tervezve<\/p>\n<\/li>\n<\/ul>\n<p data-start=\"1021\" data-end=\"1208\">Ez a cserek\u00e1rtya ide\u00e1lis, ha a jelenlegi bekapcsol\u00f3gomb nem reag\u00e1l vagy megs\u00e9r\u00fclt. A list\u00e1n szerepl\u0151 \u00f6sszes fot\u00f3 a t\u00e9nyleges term\u00e9kr\u0151l k\u00e9sz\u00fclt, \u00edgy pontosan tudja, mit fog kapni.<\/p>\n<p data-start=\"1210\" data-end=\"1334\">\ud83d\udce6 <strong data-start=\"1213\" data-end=\"1227\">Fontos:<\/strong> A telep\u00edt\u00e9si utas\u00edt\u00e1sokat nem tartalmazza, de ha tov\u00e1bbi seg\u00edts\u00e9gre van sz\u00fcks\u00e9ge, forduljon hozz\u00e1nk bizalommal.<\/p>\n<p data-start=\"1336\" data-end=\"1495\">A Siggmon\u00e1l a <strong data-start=\"1368\" data-end=\"1392\">min\u0151s\u00e9gi laptop-alkatr\u00e9szekre<\/strong> szakosodunk, amelyeket vil\u00e1gszerte gondosan sz\u00e1ll\u00edtanak, \u00e9s megb\u00edzhat\u00f3 alkatr\u00e9szekkel seg\u00edtj\u00fck vissza\u00e1ll\u00edtani eszk\u00f6ze teljes\u00edtm\u00e9ny\u00e9t.<\/p>\n","protected":false},"excerpt":{"rendered":"<p>Eredeti HP EliteBook 745 G3 \/ 840 G3 bekapcsol\u00f3gomb-k\u00e1rtya k\u00e1bellel (821169-001, 6050A2727401). Tesztelt, megb\u00edzhat\u00f3, cserek\u00e9sz. Val\u00f3di fot\u00f3k a pontos r\u00e9szr\u0151l, amelyet megkapsz.<\/p>\n","protected":false},"featured_media":12533,"template":"","meta":[],"product_brand":[],"product_cat":[27],"product_tag":[25],"class_list":{"0":"post-12465","1":"product","2":"type-product","3":"status-publish","4":"has-post-thumbnail","6":"product_cat-motherboards-board-parts","7":"product_tag-hp","9":"first","10":"instock","11":"taxable","12":"shipping-taxable","13":"purchasable","14":"product-type-simple"},"_links":{"self":[{"href":"https:\/\/boreait.com\/hu\/wp-json\/wp\/v2\/product\/12465","targetHints":{"allow":["GET"]}}],"collection":[{"href":"https:\/\/boreait.com\/hu\/wp-json\/wp\/v2\/product"}],"about":[{"href":"https:\/\/boreait.com\/hu\/wp-json\/wp\/v2\/types\/product"}],"wp:featuredmedia":[{"embeddable":true,"href":"https:\/\/boreait.com\/hu\/wp-json\/wp\/v2\/media\/12533"}],"wp:attachment":[{"href":"https:\/\/boreait.com\/hu\/wp-json\/wp\/v2\/media?parent=12465"}],"wp:term":[{"taxonomy":"product_brand","embeddable":true,"href":"https:\/\/boreait.com\/hu\/wp-json\/wp\/v2\/product_brand?post=12465"},{"taxonomy":"product_cat","embeddable":true,"href":"https:\/\/boreait.com\/hu\/wp-json\/wp\/v2\/product_cat?post=12465"},{"taxonomy":"product_tag","embeddable":true,"href":"https:\/\/boreait.com\/hu\/wp-json\/wp\/v2\/product_tag?post=12465"}],"curies":[{"name":"wp","href":"https:\/\/api.w.org\/{rel}","templated":true}]}}