{"id":12462,"date":"2025-09-17T13:45:13","date_gmt":"2025-09-17T11:45:13","guid":{"rendered":"https:\/\/boreait.com\/hu\/?post_type=product&#038;p=12462"},"modified":"2026-02-09T13:05:48","modified_gmt":"2026-02-09T12:05:48","slug":"hp-elitebook-745-840-g3-alaplap-also-fedel-821164-001-laptop-alkatreszek","status":"publish","type":"product","link":"https:\/\/boreait.com\/hu\/termek\/hp-elitebook-745-840-g3-alaplap-also-fedel-821164-001-laptop-alkatreszek\/","title":{"rendered":"HP EliteBook 745\/840 G3 alaplap als\u00f3 fed\u00e9l 821164-001 laptop alkatr\u00e9szek"},"content":{"rendered":"<p data-start=\"495\" data-end=\"774\">Friss\u00edtse vagy cser\u00e9lje le HP EliteBook 745\/840 G3 k\u00e9sz\u00fcl\u00e9k\u00e9t erre az <strong data-start=\"553\" data-end=\"609\">eredeti HP SPS-alaplemezre (cikksz\u00e1m: 821164-001)<\/strong>. Ezt az als\u00f3 burkolatot \u00fagy tervezt\u00e9k, hogy t\u00f6k\u00e9letesen illeszkedjen \u00e9s t\u00e1mogassa laptopja bels\u0151 szerkezet\u00e9t, \u00edgy megb\u00edzhat\u00f3 megold\u00e1st jelent jav\u00edt\u00e1si vagy fel\u00faj\u00edt\u00e1si projektekhez.<\/p>\n<p data-start=\"776\" data-end=\"1017\">Legyen \u00d6n technikus, viszontelad\u00f3 vagy v\u00e9gfelhaszn\u00e1l\u00f3, ez a r\u00e9sz biztos\u00edtja, hogy eszk\u00f6ze visszanyerje professzion\u00e1lis megjelen\u00e9s\u00e9t \u00e9s erej\u00e9t. Az ezen a list\u00e1n szerepl\u0151 \u00f6sszes fot\u00f3 a <strong data-start=\"940\" data-end=\"978\">pontosan megkapott laptop-r\u00e9szr\u0151l k\u00e9sz\u00fclt<\/strong>, \u00edgy pontosan tudja, mire sz\u00e1m\u00edthat.<\/p>\n<p data-start=\"1019\" data-end=\"1228\">\u2714 <strong data-start=\"1021\" data-end=\"1042\">Kompatibilis modellek<\/strong>: HP EliteBook 745 G3, 840 G3<br data-start=\"1071\" data-end=\"1074\" \/>6\u2010start=&#8221;1074&#8243; \/>6&#8243; adatok \/>\u2714 <strong data-start=\"1167\" data-end=\"1180\">\u00c1llapot<\/strong>: Haszn\u00e1lt, tesztelt \u00e9s kiv\u00e1l\u00f3an m\u0171k\u00f6dik<\/p>\n<p data-start=\"1230\" data-end=\"1372\">\ud83d\udca1 K\u00e9rj\u00fck, vegye figyelembe: a telep\u00edt\u00e9si utas\u00edt\u00e1sokat nem tartalmazza. Ha tov\u00e1bbi \u00fatmutat\u00e1sra van sz\u00fcks\u00e9ge, b\u00e1tran \u00edrjon nek\u00fcnk, \u00e9s sz\u00edvesen seg\u00edt\u00fcnk.<\/p>\n","protected":false},"excerpt":{"rendered":"<p>Eredeti HP EliteBook 745\/840 G3 alaplap (cikksz\u00e1m: 821164-001). Ide\u00e1lis csere als\u00f3 burkolat a tart\u00f3ss\u00e1g \u00e9s a szerkezet helyre\u00e1ll\u00edt\u00e1s\u00e1hoz. Val\u00f3di term\u00e9kfot\u00f3k mell\u00e9kelve.<\/p>\n","protected":false},"featured_media":12523,"template":"","meta":[],"product_brand":[],"product_cat":[16],"product_tag":[25],"class_list":{"0":"post-12462","1":"product","2":"type-product","3":"status-publish","4":"has-post-thumbnail","6":"product_cat-laptop-housing","7":"product_tag-hp","9":"first","10":"instock","11":"taxable","12":"shipping-taxable","13":"purchasable","14":"product-type-simple"},"_links":{"self":[{"href":"https:\/\/boreait.com\/hu\/wp-json\/wp\/v2\/product\/12462","targetHints":{"allow":["GET"]}}],"collection":[{"href":"https:\/\/boreait.com\/hu\/wp-json\/wp\/v2\/product"}],"about":[{"href":"https:\/\/boreait.com\/hu\/wp-json\/wp\/v2\/types\/product"}],"wp:featuredmedia":[{"embeddable":true,"href":"https:\/\/boreait.com\/hu\/wp-json\/wp\/v2\/media\/12523"}],"wp:attachment":[{"href":"https:\/\/boreait.com\/hu\/wp-json\/wp\/v2\/media?parent=12462"}],"wp:term":[{"taxonomy":"product_brand","embeddable":true,"href":"https:\/\/boreait.com\/hu\/wp-json\/wp\/v2\/product_brand?post=12462"},{"taxonomy":"product_cat","embeddable":true,"href":"https:\/\/boreait.com\/hu\/wp-json\/wp\/v2\/product_cat?post=12462"},{"taxonomy":"product_tag","embeddable":true,"href":"https:\/\/boreait.com\/hu\/wp-json\/wp\/v2\/product_tag?post=12462"}],"curies":[{"name":"wp","href":"https:\/\/api.w.org\/{rel}","templated":true}]}}