{"id":1246,"date":"2025-09-17T09:57:11","date_gmt":"2025-09-17T07:57:11","guid":{"rendered":"https:\/\/boreait.com\/hu\/?post_type=product&#038;p=1246"},"modified":"2025-09-17T09:58:44","modified_gmt":"2025-09-17T07:58:44","slug":"eredeti-ericsson-h5321-3g-gps-hspa-wwan-mobil-szelessavu-modul","status":"publish","type":"product","link":"https:\/\/boreait.com\/hu\/termek\/eredeti-ericsson-h5321-3g-gps-hspa-wwan-mobil-szelessavu-modul\/","title":{"rendered":"Eredeti Ericsson H5321 3G\/GPS\/HSPA+ WWAN mobil sz\u00e9less\u00e1v\u00fa modul"},"content":{"rendered":"<div class=\"flex-1 overflow-hidden\">\n<div class=\"react-scroll-to-bottom--css-savyy-79elbk h-full dark:bg-gray-800\">\n<div class=\"react-scroll-to-bottom--css-savyy-1n7m0yu\">\n<div class=\"flex flex-col text-sm dark:bg-gray-800\">\n<div class=\"group w-full text-token-text-primary border-b border-black\/10 dark:border-gray-900\/50 bg-gray-50 dark:bg-[#444654]\">\n<div class=\"flex p-4 gap-4 text-base md:gap-6 md:max-w-2xl lg:max-w-[38rem] xl:max-w-3xl md:py-6 lg:px-0 m-auto\">\n<div class=\"relat\u00edv flex w-[calc(100%-50px)] flex-col gap-1 md:gap-3 lg:w-[calc(100%-115px)]\">\n<div class=\"flex flex-grow flex-col gap-3\">\n<div class=\"min-h-[20px] flex flex-col items-start gap-3 overflow-x-auto whitespace-pre-wrap break-words\">\n<div class=\"markdown prose w-full break-words dark:prose-invert light\">\n<p>Az eredeti Ericsson H5321 3G\/GPS\/HSPA+ WWAN mobil sz\u00e9less\u00e1v\u00fa modul egy pr\u00e9mium min\u0151s\u00e9g\u0171 vezet\u00e9k n\u00e9lk\u00fcli modul, amelyet a kompatibilis eszk\u00f6z\u00f6k jobb csatlakoztathat\u00f3s\u00e1g\u00e1ra terveztek. Ezzel a modullal a felhaszn\u00e1l\u00f3k hozz\u00e1f\u00e9rhetnek a 3G adatokhoz, a GPS szolg\u00e1ltat\u00e1sokhoz \u00e9s a HSPA+ csatlakoz\u00e1shoz, gyors \u00e9s megb\u00edzhat\u00f3 mobil sz\u00e9less\u00e1v\u00fa hozz\u00e1f\u00e9r\u00e9st biztos\u00edtva.<\/p>\n<p>Ezt a modult az Ericsson gy\u00e1rtja, egy megb\u00edzhat\u00f3 n\u00e9v a t\u00e1vk\u00f6zl\u00e9si ipar\u00e1gban, amely \u00e9lvonalbeli technol\u00f3gi\u00e1j\u00e1r\u00f3l \u00e9s megb\u00edzhat\u00f3 term\u00e9keir\u0151l ismert. A H5321 modult apr\u00f3l\u00e9kosan megtervezt\u00e9k \u00e9s tesztelt\u00e9k, hogy megfeleljen a szigor\u00fa min\u0151s\u00e9gi szabv\u00e1nyoknak, biztos\u00edtva az optim\u00e1lis teljes\u00edtm\u00e9nyt \u00e9s a kompatibilis eszk\u00f6z\u00f6kkel val\u00f3 z\u00f6kken\u0151mentes integr\u00e1ci\u00f3t.<\/p>\n<p>Az Ericsson H5321 WWAN mobil sz\u00e9less\u00e1v\u00fa modul t\u00e1mogatja a 3G-kapcsolatot, \u00edgy a felhaszn\u00e1l\u00f3k hozz\u00e1f\u00e9rhetnek az internethez, \u00e9s \u00fatk\u00f6zben is kapcsolatban maradhatnak. GPS k\u00e9pess\u00e9gekkel is rendelkezik, amelyek pontos helymeghat\u00e1roz\u00e1st \u00e9s helyalap\u00fa szolg\u00e1ltat\u00e1sokat tesznek lehet\u0151v\u00e9 k\u00fcl\u00f6nf\u00e9le alkalmaz\u00e1sokhoz.<\/p>\n<p>Tov\u00e1bb\u00e1 a modul t\u00e1mogatja a HSPA+ (High-Speed \u200b\u200bPacket Access Plus) technol\u00f3gi\u00e1t, amely nagyobb adat\u00e1tviteli sebess\u00e9get biztos\u00edt a szabv\u00e1nyos 3G h\u00e1l\u00f3zatokhoz k\u00e9pest. Ez sim\u00e1bb b\u00f6ng\u00e9sz\u00e9st, gyorsabb let\u00f6lt\u00e9st \u00e9s jobb teljes\u00edtm\u00e9nyt tesz lehet\u0151v\u00e9 az adatig\u00e9nyes feladatokn\u00e1l.<\/p>\n<p>Az eredeti Ericsson H5321 3G\/GPS\/HSPA+ WWAN mobil sz\u00e9less\u00e1v\u00fa modul kompatibilis bizonyos laptopokkal, t\u00e1blag\u00e9pekkel \u00e9s m\u00e1s mobileszk\u00f6z\u00f6kkel. Rugalmass\u00e1got k\u00edn\u00e1l a felhaszn\u00e1l\u00f3knak, hogy kapcsolatban maradjanak, ahol kompatibilis mobilh\u00e1l\u00f3zat \u00e1ll rendelkez\u00e9sre, \u00edgy ide\u00e1lis olyan szakemberek \u00e9s utaz\u00f3k sz\u00e1m\u00e1ra, akiknek megb\u00edzhat\u00f3 internet-hozz\u00e1f\u00e9r\u00e9sre van sz\u00fcks\u00e9g\u00fck \u00fatk\u00f6zben.<\/p>\n<p>K\u00e9rj\u00fck, vegye figyelembe, hogy az egyes eszk\u00f6z\u00f6kkel val\u00f3 kompatibilit\u00e1st telep\u00edt\u00e9s el\u0151tt ellen\u0151rizni kell. Professzion\u00e1lis telep\u00edt\u00e9s javasolt a megfelel\u0151 m\u0171k\u00f6d\u00e9s \u00e9s a gazdaeszk\u00f6zzel val\u00f3 integr\u00e1ci\u00f3 biztos\u00edt\u00e1sa \u00e9rdek\u00e9ben.<\/p>\n<p>\u00d6sszefoglalva, az Eredeti Ericsson H5321 3G\/GPS\/HSPA+ WWAN Mobile Broadband Module egy pr\u00e9mium min\u0151s\u00e9g\u0171 vezet\u00e9k n\u00e9lk\u00fcli modul, amely lehet\u0151v\u00e9 teszi a 3G, GPS \u00e9s HSPA+ csatlakoz\u00e1st a kompatibilis eszk\u00f6z\u00f6k\u00f6n. A gyors \u00e9s megb\u00edzhat\u00f3 mobil sz\u00e9less\u00e1v\u00fa hozz\u00e1f\u00e9r\u00e9ssel a felhaszn\u00e1l\u00f3k tov\u00e1bbra is kapcsolatban maradhatnak, hozz\u00e1f\u00e9rhetnek az internethez, \u00e9s k\u00f6nnyed\u00e9n \u00e9lvezhetik a helyf\u00fcgg\u0151 szolg\u00e1ltat\u00e1sokat.<\/p>\n<\/div>\n<\/div>\n<\/div>\n<div class=\"flex justify-between lg:block\">\n<div class=\"text-xs flex items-center justify-center gap-1 self-center pt-2 !invisible\"><\/div>\n<div class=\"text-gray-400 flex self-end lg:self-center justify-center mt-2 gap-2 md:gap-3 lg:gap-1 lg:absolute lg:top-0 lg:translate-x-full lg:right-0 lg:mt-0\">lg:pl-2 l\u00e1that\u00f3<\/p>\n<p>&nbsp;<\/p>\n<div class=\"flex gap-1\"><\/div>\n<\/div>\n<\/div>\n<\/div>\n<\/div>\n<\/div>\n<div class=\"h-32 md:h-48 flex-shrink-0\"><\/div>\n<p>&nbsp;<\/p>\n<\/div>\n<\/div>\n<\/div>\n<\/div>\n<div class=\"absolute bottom-0 left-0 w-full border-t md:border-t-0 dark:border-white\/20 md:border-transparent md:dark:border-transparent md:bg-vert-light-gradient bg-white dark:bg-gray-800 md:! dark:md:bg-vert-dark-gradient pt-2 md:pl-2 md:w-[calc(100%-.5rem)]\">\n<div class=\"relative flex h-full flex-1 items-stretch md:flex-col\" role=\"presentation\">\n<div>\n<div class=\"h-full flex ml-1 md:w-full md:m-auto md:mb-4 gap-0 md:gap-2 justify-center\"><\/div>\n<\/div>\n<\/div>\n<\/div>\n","protected":false},"excerpt":{"rendered":"<p>Az eredeti Ericsson H5321 3G\/GPS\/HSPA+ WWAN mobil sz\u00e9less\u00e1v\u00fa modul egy kiv\u00e1l\u00f3 min\u0151s\u00e9g\u0171, eredeti modul, amely lehet\u0151v\u00e9 teszi a 3G, GPS \u00e9s HSPA+ csatlakoz\u00e1st a kompatibilis eszk\u00f6z\u00f6k\u00f6n. Gyors \u00e9s megb\u00edzhat\u00f3 mobil sz\u00e9less\u00e1v\u00fa hozz\u00e1f\u00e9r\u00e9st biztos\u00edt adatkommunik\u00e1ci\u00f3hoz \u00e9s helyalap\u00fa szolg\u00e1ltat\u00e1sokhoz.<\/p>\n","protected":false},"featured_media":1317,"template":"","meta":[],"product_brand":[],"product_cat":[27],"product_tag":[],"class_list":{"0":"post-1246","1":"product","2":"type-product","3":"status-publish","4":"has-post-thumbnail","6":"product_cat-motherboards-board-parts","8":"first","9":"instock","10":"taxable","11":"shipping-taxable","12":"purchasable","13":"product-type-simple"},"_links":{"self":[{"href":"https:\/\/boreait.com\/hu\/wp-json\/wp\/v2\/product\/1246","targetHints":{"allow":["GET"]}}],"collection":[{"href":"https:\/\/boreait.com\/hu\/wp-json\/wp\/v2\/product"}],"about":[{"href":"https:\/\/boreait.com\/hu\/wp-json\/wp\/v2\/types\/product"}],"wp:featuredmedia":[{"embeddable":true,"href":"https:\/\/boreait.com\/hu\/wp-json\/wp\/v2\/media\/1317"}],"wp:attachment":[{"href":"https:\/\/boreait.com\/hu\/wp-json\/wp\/v2\/media?parent=1246"}],"wp:term":[{"taxonomy":"product_brand","embeddable":true,"href":"https:\/\/boreait.com\/hu\/wp-json\/wp\/v2\/product_brand?post=1246"},{"taxonomy":"product_cat","embeddable":true,"href":"https:\/\/boreait.com\/hu\/wp-json\/wp\/v2\/product_cat?post=1246"},{"taxonomy":"product_tag","embeddable":true,"href":"https:\/\/boreait.com\/hu\/wp-json\/wp\/v2\/product_tag?post=1246"}],"curies":[{"name":"wp","href":"https:\/\/api.w.org\/{rel}","templated":true}]}}