{"id":1245,"date":"2025-09-17T09:57:11","date_gmt":"2025-09-17T07:57:11","guid":{"rendered":"https:\/\/boreait.com\/hu\/?post_type=product&#038;p=1245"},"modified":"2025-09-17T09:58:42","modified_gmt":"2025-09-17T07:58:42","slug":"hp-elitebook-820-g1-g2-720-725-g2-bal-es-jobb-csuklopantok-6055b0026102-6055b0026101-2","status":"publish","type":"product","link":"https:\/\/boreait.com\/hu\/termek\/hp-elitebook-820-g1-g2-720-725-g2-bal-es-jobb-csuklopantok-6055b0026102-6055b0026101-2\/","title":{"rendered":"HP Elitebook 820 G1 G2 720 725 G2 bal \u00e9s jobb csukl\u00f3p\u00e1ntok 6055B0026102 6055B0026101"},"content":{"rendered":"<p>A HP Elitebook 820 G1 G2 720 725 G2 Bal &amp; A jobb oldali zsan\u00e9rok (6055B0026102 \u00e9s 6055B0026101) eredeti cserealkatr\u00e9szek, amelyeket \u00fagy terveztek, hogy pontosan kompatibilisek bizonyos HP Elitebook modellekkel. Ezek a zsan\u00e9rok l\u00e9tfontoss\u00e1g\u00fa alkatr\u00e9szek, amelyek felel\u0151sek a laptop k\u00e9perny\u0151j\u00e9nek t\u00e1mogat\u00e1s\u00e1\u00e9rt \u00e9s mozg\u00e1s\u00e1nak lehet\u0151v\u00e9 t\u00e9tel\u00e9\u00e9rt.<\/p>\n<p>A HP Elitebook 820 G1, G2, 720 \u00e9s 725 G2 bal oldali \u00e9s amp; Jobb csukl\u00f3p\u00e1ntok, laptopja k\u00e9perny\u0151j\u00e9nek z\u00f6kken\u0151mentes \u00e9s stabil m\u0171k\u00f6d\u00e9s\u00e9re sz\u00e1m\u00edthat. A laptop kinyit\u00e1sa \u00e9s bez\u00e1r\u00e1sa k\u00f6nny\u0171 lesz a megb\u00edzhat\u00f3 csukl\u00f3s mechanizmusnak k\u00f6sz\u00f6nhet\u0151en.<\/p>\n<p>A HP \u00e1ltal tervezett \u00e9s gy\u00e1rtott zsan\u00e9rok szigor\u00fa tesztel\u00e9sen esnek \u00e1t, hogy megfeleljenek a v\u00e1llalat magas min\u0151s\u00e9gi \u00e9s tart\u00f3ss\u00e1gi k\u00f6vetelm\u00e9nyeinek. Megfelel\u0151 telep\u00edt\u00e9s eset\u00e9n biztos\u00edtj\u00e1k, hogy a k\u00e9perny\u0151 biztons\u00e1gosan r\u00f6gz\u00edtve maradjon a laptop alj\u00e1hoz, \u00edgy k\u00e9nyelmes megtekint\u00e9si \u00e9lm\u00e9nyt ny\u00fajt.<\/p>\n<p>Ha b\u00e1rmilyen probl\u00e9m\u00e1t tapasztal a HP Elitebook 820 G1, G2, 720 vagy 725 G2 laptop csukl\u00f3p\u00e1ntjaival kapcsolatban, cser\u00e9lje ki \u0151ket a HP Elitebook 820 G1 G2 720 725 G2 bal oldali \u00e9s amp; A jobb oldali zsan\u00e9rok (6055B0026102 \u00e9s 6055B0026101) a javasolt megold\u00e1s. Ha kicser\u00e9li a hib\u00e1s zsan\u00e9rokat ezekkel az eredeti alkatr\u00e9szekkel, akkor a laptop k\u00e9perny\u0151je z\u00f6kken\u0151mentesen mozog.<\/p>\n<p>K\u00e9rj\u00fck, vegye figyelembe, hogy b\u00e1r ezeket a zsan\u00e9rokat kifejezetten a kompatibilis HP Elitebook modellekhez tervezt\u00e9k, nagyon fontos ellen\u0151rizni a kompatibilit\u00e1st az adott laptopmodellel. A zsan\u00e9rok megfelel\u0151 be\u00e1ll\u00edt\u00e1s\u00e1nak \u00e9s m\u0171k\u00f6d\u00e9s\u00e9nek biztos\u00edt\u00e1sa \u00e9rdek\u00e9ben professzion\u00e1lis telep\u00edt\u00e9s javasolt.<\/p>\n<p>\u00d6sszefoglalva, a HP Elitebook 820 G1 G2 720 725 G2 bal \u00e9s amp; A jobb oldali zsan\u00e9rok (6055B0026102 \u00e9s 6055B0026101) eredeti cserealkatr\u00e9szek, amelyeket bizonyos HP Elitebook modellekhez terveztek. Ezek a zsan\u00e9rok lehet\u0151v\u00e9 teszik a laptop k\u00e9perny\u0151j\u00e9nek egyenletes \u00e9s stabil mozg\u00e1s\u00e1t, biztos\u00edtva a k\u00f6nny\u0171 nyit\u00e1st \u00e9s z\u00e1r\u00e1st. A hib\u00e1s zsan\u00e9rok ezekkel az eredeti alkatr\u00e9szekkel val\u00f3 cser\u00e9je vissza\u00e1ll\u00edtja laptopja optim\u00e1lis teljes\u00edtm\u00e9ny\u00e9t \u00e9s jav\u00edtja \u00e1ltal\u00e1nos haszn\u00e1lhat\u00f3s\u00e1g\u00e1t.<\/p>\n","protected":false},"excerpt":{"rendered":"<p>A HP Elitebook 820 G1 G2 720 725 G2 Bal &amp; A jobb oldali csukl\u00f3p\u00e1ntok (6055B0026102 \u00e9s 6055B0026101) eredeti cserealkatr\u00e9szek, amelyeket bizonyos HP laptopmodellekhez terveztek. Ezek a zsan\u00e9rok biztos\u00edtj\u00e1k a laptop k\u00e9perny\u0151j\u00e9nek egyenletes \u00e9s stabil mozg\u00e1s\u00e1t, lehet\u0151v\u00e9 t\u00e9ve a k\u00f6nny\u0171 nyit\u00e1st \u00e9s z\u00e1r\u00e1st.<\/p>\n","protected":false},"featured_media":1316,"template":"","meta":[],"product_brand":[],"product_cat":[19],"product_tag":[25],"class_list":{"0":"post-1245","1":"product","2":"type-product","3":"status-publish","4":"has-post-thumbnail","6":"product_cat-screen-hinge","7":"product_tag-hp","9":"first","10":"instock","11":"taxable","12":"shipping-taxable","13":"purchasable","14":"product-type-simple"},"_links":{"self":[{"href":"https:\/\/boreait.com\/hu\/wp-json\/wp\/v2\/product\/1245","targetHints":{"allow":["GET"]}}],"collection":[{"href":"https:\/\/boreait.com\/hu\/wp-json\/wp\/v2\/product"}],"about":[{"href":"https:\/\/boreait.com\/hu\/wp-json\/wp\/v2\/types\/product"}],"wp:featuredmedia":[{"embeddable":true,"href":"https:\/\/boreait.com\/hu\/wp-json\/wp\/v2\/media\/1316"}],"wp:attachment":[{"href":"https:\/\/boreait.com\/hu\/wp-json\/wp\/v2\/media?parent=1245"}],"wp:term":[{"taxonomy":"product_brand","embeddable":true,"href":"https:\/\/boreait.com\/hu\/wp-json\/wp\/v2\/product_brand?post=1245"},{"taxonomy":"product_cat","embeddable":true,"href":"https:\/\/boreait.com\/hu\/wp-json\/wp\/v2\/product_cat?post=1245"},{"taxonomy":"product_tag","embeddable":true,"href":"https:\/\/boreait.com\/hu\/wp-json\/wp\/v2\/product_tag?post=1245"}],"curies":[{"name":"wp","href":"https:\/\/api.w.org\/{rel}","templated":true}]}}