{"id":12449,"date":"2025-09-17T13:44:50","date_gmt":"2025-09-17T11:44:50","guid":{"rendered":"https:\/\/boreait.com\/hu\/?post_type=product&#038;p=12449"},"modified":"2025-09-17T13:46:17","modified_gmt":"2025-09-17T11:46:17","slug":"hp-elitebook-850-840-755-745-g3-g4-usb-vga-jackkartya-6050a2835701-laptop-alkatreszek","status":"publish","type":"product","link":"https:\/\/boreait.com\/hu\/termek\/hp-elitebook-850-840-755-745-g3-g4-usb-vga-jackkartya-6050a2835701-laptop-alkatreszek\/","title":{"rendered":"HP EliteBook 850 840 755 745 G3 G4 USB VGA jackk\u00e1rtya 6050A2835701 laptop alkatr\u00e9szek"},"content":{"rendered":"<p data-start=\"540\" data-end=\"742\">Ez a <strong data-start=\"545\" data-end=\"614\">HP EliteBook VGA &amp; Az USB-csatlakoz\u00f3k\u00e1rtya (6050A2835701-USB-A01 cikksz\u00e1m)<\/strong> egy megb\u00edzhat\u00f3 cserealkatr\u00e9sz t\u00f6bb HP EliteBook modellhez, bele\u00e9rtve a <strong data-start=\"690\" data-end=\"739\">850 G3, 840 G3, 755 G3, 745 G3 \u00e9s G4p sorozatot<\/strong>.<\/p>\n<p data-start=\"744\" data-end=\"1012\">Ha laptopja USB- vagy VGA-portjai le\u00e1lltak, ez a k\u00e1rtya a pontos csere a z\u00f6kken\u0151mentes m\u0171k\u00f6d\u00e9s helyre\u00e1ll\u00edt\u00e1s\u00e1hoz. Eredeti alkatr\u00e9sz, teljes\u00edtm\u00e9nye tesztelve \u00e9s ellen\u0151rz\u00f6tt, \u00edgy t\u00f6k\u00e9letesen illeszkedik technikusok, jav\u00edt\u00f3m\u0171helyek vagy egy\u00e9ni laptop-felhaszn\u00e1l\u00f3k sz\u00e1m\u00e1ra.<\/p>\n<p data-start=\"1014\" data-end=\"1437\">\u2714 <strong data-start=\"1016\" data-end=\"1038\">Kompatibilis modellek:<\/strong> HP EliteBook 850 G3, 840 G3, 755 G3, 745 G3, G4 sorozat<br data-3\"6=\"1 start-9=\"0 \/>\u2714 <strong data-start=\"1098\" data-end=\"1114\">Alkatr\u00e9szsz\u00e1m:<\/strong> 6050A2835701-USB-A01<br data-start=\"1135\" data-end=\"1138\" \/>\u2714 <strong data-start=\"1140\" data-end=\"1114\">Table USB \u00e9s 1140 data-end&#8221;> kapcsolat<br data-start=\"1199\" data-end=\"1202\" \/>\u2714 <strong data-start=\"1204\" data-end=\"1218\">\u00c1llapot:<\/strong> Eredeti, min\u0151s\u00e9gellen\u0151rz\u00f6tt alkatr\u00e9sz<br data-start=\"1248\" data-end=\"1251\" \/>\u2714 <strong data-5-3\" adatok forduljon hozz\u00e1nk, ha seg\u00edts\u00e9gre van sz\u00fcks\u00e9ge<\/p>\n<p data-start=\"1439\" data-end=\"1676\">Ez egy kiv\u00e1l\u00f3 min\u0151s\u00e9g\u0171, megfizethet\u0151 megold\u00e1s mindenkinek, aki meg akarja jav\u00edtani vagy friss\u00edteni szeretn\u00e9 HP EliteBookj\u00e1t. A <strong data-start=\"1546\" data-end=\"1560\">Siggmo<\/strong>n\u00e1l a <strong data-start=\"1579\" data-end=\"1595\">laptop alkatr\u00e9szekre<\/strong> szakosodunk, \u00e9s vil\u00e1gszerte gondosan sz\u00e1ll\u00edtjuk, hogy a megfelel\u0151 alkatr\u00e9szt kapja meg a jav\u00edt\u00e1shoz.<\/p>\n","protected":false},"excerpt":{"rendered":"<p>Csere USB &amp; VGA jack k\u00e1rtya HP EliteBook 850, 840, 755 \u00e9s 745 G3\/G4 laptopokhoz. Eredeti tesztelt alkatr\u00e9sz, ide\u00e1lis a teljes kapcsolat helyre\u00e1ll\u00edt\u00e1s\u00e1hoz.<\/p>\n","protected":false},"featured_media":12507,"template":"","meta":[],"product_brand":[],"product_cat":[16],"product_tag":[25],"class_list":{"0":"post-12449","1":"product","2":"type-product","3":"status-publish","4":"has-post-thumbnail","6":"product_cat-laptop-housing","7":"product_tag-hp","9":"first","10":"instock","11":"taxable","12":"shipping-taxable","13":"purchasable","14":"product-type-simple"},"_links":{"self":[{"href":"https:\/\/boreait.com\/hu\/wp-json\/wp\/v2\/product\/12449","targetHints":{"allow":["GET"]}}],"collection":[{"href":"https:\/\/boreait.com\/hu\/wp-json\/wp\/v2\/product"}],"about":[{"href":"https:\/\/boreait.com\/hu\/wp-json\/wp\/v2\/types\/product"}],"wp:featuredmedia":[{"embeddable":true,"href":"https:\/\/boreait.com\/hu\/wp-json\/wp\/v2\/media\/12507"}],"wp:attachment":[{"href":"https:\/\/boreait.com\/hu\/wp-json\/wp\/v2\/media?parent=12449"}],"wp:term":[{"taxonomy":"product_brand","embeddable":true,"href":"https:\/\/boreait.com\/hu\/wp-json\/wp\/v2\/product_brand?post=12449"},{"taxonomy":"product_cat","embeddable":true,"href":"https:\/\/boreait.com\/hu\/wp-json\/wp\/v2\/product_cat?post=12449"},{"taxonomy":"product_tag","embeddable":true,"href":"https:\/\/boreait.com\/hu\/wp-json\/wp\/v2\/product_tag?post=12449"}],"curies":[{"name":"wp","href":"https:\/\/api.w.org\/{rel}","templated":true}]}}