{"id":1244,"date":"2025-09-17T09:57:11","date_gmt":"2025-09-17T07:57:11","guid":{"rendered":"https:\/\/boreait.com\/hu\/?post_type=product&#038;p=1244"},"modified":"2026-01-09T10:28:33","modified_gmt":"2026-01-09T09:28:33","slug":"dell-latitude-e5440-usb-port-vezetek-nelkuli-be-ki-kapcsolokartya-ls-9833p","status":"publish","type":"product","link":"https:\/\/boreait.com\/hu\/termek\/dell-latitude-e5440-usb-port-vezetek-nelkuli-be-ki-kapcsolokartya-ls-9833p\/","title":{"rendered":"Dell Latitude E5440 USB-port vezet\u00e9k n\u00e9lk\u00fcli be-ki kapcsol\u00f3k\u00e1rtya LS-9833P"},"content":{"rendered":"<p>A Dell Latitude E5440 USB-portos vezet\u00e9k n\u00e9lk\u00fcli be-\/kikapcsol\u00f3 k\u00e1rtya (LS-9833P) egy hiteles cserealkatr\u00e9sz, amelyet kifejezetten a Dell Latitude E5440 laptophoz terveztek. Ez az alapvet\u0151 k\u00e1rtya kulcsfontoss\u00e1g\u00fa szerepet j\u00e1tszik az USB-portok \u00e9s a vezet\u00e9k n\u00e9lk\u00fcli be-\/kikapcsol\u00f3 m\u0171k\u00f6d\u00e9s\u00e9nek vez\u00e9rl\u00e9s\u00e9ben, biztos\u00edtva a z\u00f6kken\u0151mentes kapcsolatot \u00e9s m\u0171k\u00f6d\u00e9st.<\/p>\n<p>A Dell \u00e1ltal tervezett \u00e9s gy\u00e1rtott t\u00e1bla szigor\u00fa min\u0151s\u00e9gbiztos\u00edt\u00e1si teszteken megy kereszt\u00fcl, hogy megfeleljen a gy\u00e1rt\u00f3 magas k\u00f6vetelm\u00e9nyeinek. Garant\u00e1lja a t\u00f6k\u00e9letes illeszked\u00e9st \u00e9s z\u00f6kken\u0151mentes integr\u00e1ci\u00f3t Dell Latitude E5440 k\u00e9sz\u00fcl\u00e9k\u00e9vel, vissza\u00e1ll\u00edtva eredeti funkcionalit\u00e1s\u00e1t.<\/p>\n<p>Az USB-portok elengedhetetlenek k\u00fcl\u00f6nf\u00e9le perif\u00e9ri\u00e1k, p\u00e9ld\u00e1ul k\u00fcls\u0151 meghajt\u00f3k, nyomtat\u00f3k \u00e9s egy\u00e9b USB-eszk\u00f6z\u00f6k csatlakoztat\u00e1s\u00e1hoz. Ha ez a k\u00e1rtya a hely\u00e9n van, b\u00edzhat abban, hogy az USB-portok megb\u00edzhat\u00f3an m\u0171k\u00f6dnek, lehet\u0151v\u00e9 t\u00e9ve az adatok \u00e1tvitel\u00e9t \u00e9s a tartoz\u00e9kok k\u00f6nny\u0171 csatlakoztat\u00e1s\u00e1t.<\/p>\n<p>S\u0151t, a vezet\u00e9k n\u00e9lk\u00fcli be-\/kikapcsol\u00f3 t\u00e1bla felel\u0151s a laptop vezet\u00e9k n\u00e9lk\u00fcli kapcsolat\u00e1nak enged\u00e9lyez\u00e9s\u00e9\u00e9rt vagy letilt\u00e1s\u00e1\u00e9rt. Ez a funkci\u00f3 kulcsfontoss\u00e1g\u00fa az akkumul\u00e1tor \u00e9lettartam\u00e1nak meg\u0151rz\u00e9s\u00e9hez, amikor nem haszn\u00e1l vezet\u00e9k n\u00e9lk\u00fcli kapcsolatot, vagy a vezet\u00e9k n\u00e9lk\u00fcli funkci\u00f3k letilt\u00e1s\u00e1hoz rep\u00fcl\u00e9si m\u00f3dban.<\/p>\n<p>Ha probl\u00e9m\u00e1kat tapasztal az USB-csatlakoz\u00e1ssal kapcsolatban, vagy \u00fagy tal\u00e1lja, hogy a vezet\u00e9k n\u00e9lk\u00fcli be-\/kikapcsol\u00f3 nem m\u0171k\u00f6dik megfelel\u0151en, a hib\u00e1s USB-port vezet\u00e9k n\u00e9lk\u00fcli be-\/kikapcsol\u00f3k\u00e1rty\u00e1j\u00e1nak cser\u00e9je a Dell Latitude E5440 USB-port vezet\u00e9k n\u00e9lk\u00fcli be-\/kikapcsol\u00f3k\u00e1rty\u00e1j\u00e1ra (LS-9833P) javasolt.<\/p>\n<p>A probl\u00e9mamentes telep\u00edt\u00e9s \u00e9rdek\u00e9ben gy\u0151z\u0151dj\u00f6n meg arr\u00f3l, hogy az alaplap kompatibilis a Dell Latitude E5440 k\u00e9sz\u00fcl\u00e9kkel. Professzion\u00e1lis telep\u00edt\u00e9s javasolt a megfelel\u0151 be\u00e1ll\u00edt\u00e1s \u00e9s m\u0171k\u00f6d\u00e9s \u00e9rdek\u00e9ben. Ezzel az eredeti cserealkatr\u00e9szrel biztos lehet benne, hogy vissza\u00e1ll\u00edtja laptopja optim\u00e1lis teljes\u00edtm\u00e9ny\u00e9t.<\/p>\n<p>\u00d6sszefoglalva, a Dell Latitude E5440 USB-portos vezet\u00e9k n\u00e9lk\u00fcli be-\/kikapcsol\u00f3 k\u00e1rtya (LS-9833P) egy hiteles cserealkatr\u00e9sz, amelyet a Dell Latitude E5440 laptophoz terveztek. Ez vez\u00e9rli az USB-portokat \u00e9s a vezet\u00e9k n\u00e9lk\u00fcli be-\/kikapcsol\u00f3t, biztos\u00edtva a z\u00f6kken\u0151mentes csatlakoz\u00e1st \u00e9s funkcionalit\u00e1st. Ha a hib\u00e1s k\u00e1rty\u00e1t erre az eredeti alkatr\u00e9szre cser\u00e9li, az vissza\u00e1ll\u00edtja laptopja optim\u00e1lis teljes\u00edtm\u00e9ny\u00e9t, \u00e9s megb\u00edzhat\u00f3 USB-kapcsolatot \u00e9s vezet\u00e9k n\u00e9lk\u00fcli vez\u00e9rl\u00e9st tesz lehet\u0151v\u00e9.<\/p>\n","protected":false},"excerpt":{"rendered":"<p>A Dell Latitude E5440 USB-portos vezet\u00e9k n\u00e9lk\u00fcli be-\/kikapcsol\u00f3 k\u00e1rtya (LS-9833P) egy eredeti cserealkatr\u00e9sz, amelyet a Dell Latitude E5440 laptophoz terveztek. Ez a k\u00e1rtya vez\u00e9rli az USB-portokat \u00e9s a vezet\u00e9k n\u00e9lk\u00fcli be-\/kikapcsol\u00f3t, biztos\u00edtva a z\u00f6kken\u0151mentes csatlakoz\u00e1st \u00e9s funkcionalit\u00e1st.<\/p>\n","protected":false},"featured_media":1315,"template":"","meta":[],"product_brand":[],"product_cat":[27],"product_tag":[17],"class_list":{"0":"post-1244","1":"product","2":"type-product","3":"status-publish","4":"has-post-thumbnail","6":"product_cat-motherboards-board-parts","7":"product_tag-dell","9":"first","10":"instock","11":"taxable","12":"shipping-taxable","13":"purchasable","14":"product-type-simple"},"_links":{"self":[{"href":"https:\/\/boreait.com\/hu\/wp-json\/wp\/v2\/product\/1244","targetHints":{"allow":["GET"]}}],"collection":[{"href":"https:\/\/boreait.com\/hu\/wp-json\/wp\/v2\/product"}],"about":[{"href":"https:\/\/boreait.com\/hu\/wp-json\/wp\/v2\/types\/product"}],"wp:featuredmedia":[{"embeddable":true,"href":"https:\/\/boreait.com\/hu\/wp-json\/wp\/v2\/media\/1315"}],"wp:attachment":[{"href":"https:\/\/boreait.com\/hu\/wp-json\/wp\/v2\/media?parent=1244"}],"wp:term":[{"taxonomy":"product_brand","embeddable":true,"href":"https:\/\/boreait.com\/hu\/wp-json\/wp\/v2\/product_brand?post=1244"},{"taxonomy":"product_cat","embeddable":true,"href":"https:\/\/boreait.com\/hu\/wp-json\/wp\/v2\/product_cat?post=1244"},{"taxonomy":"product_tag","embeddable":true,"href":"https:\/\/boreait.com\/hu\/wp-json\/wp\/v2\/product_tag?post=1244"}],"curies":[{"name":"wp","href":"https:\/\/api.w.org\/{rel}","templated":true}]}}